{"id":755649,"date":"2025-08-28T06:45:16","date_gmt":"2025-08-28T03:45:16","guid":{"rendered":"https:\/\/roveyayinevi.com.tr\/index.php\/urun\/biz-neymar-mbappe\/"},"modified":"2026-04-03T03:10:42","modified_gmt":"2026-04-03T00:10:42","slug":"biz-neymar-mbappe","status":"publish","type":"product","link":"https:\/\/roveyayinevi.com.tr\/index.php\/urun\/biz-neymar-mbappe\/","title":{"rendered":"Biz Neymar &amp; Mbappe"},"content":{"rendered":"<p>\u0130nsan\u0131n umutsuzlu\u011fu, hayallerinin bitti\u011fi yerdedir. Ba\u015far\u0131 ile hayallerin tam ortas\u0131nda! Sen de hayat\u0131nda ba\u015farmak istedi\u011fin \u015feyleri bir d\u00fc\u015f\u00fcn. \u0130yi bir futbolcu olmak m\u0131 istiyorsun? Yahut \u00e7ok iyi bir cerrah? \u0130dealist bir \u00f6\u011fretmen mi? Yoksa \u00e7ok iyi bir ko\u015fucu mu olmak istersin? Hayat sana milyonlarca se\u00e7enek ve f\u0131rsat sunar. Sen ise sadece kendine inand\u0131\u011f\u0131n zaman bunlar\u0131 g\u00f6rebilir ve de\u011ferlendirebilirsin. Hedeflerinden asla vazge\u00e7me! Ba\u015far\u0131ya giden yollarda yorulmaktan hi\u00e7 korkma! <\/p>\n","protected":false},"excerpt":{"rendered":"<p>\u0130nsan\u0131n umutsuzlu\u011fu, hayallerinin bitti\u011fi yerdedir. Ba\u015far\u0131 ile hayallerin tam ortas\u0131nda! Sen de hayat\u0131nda ba\u015farmak istedi\u011fin \u015feyleri bir d\u00fc\u015f\u00fcn. \u0130yi bir futbolcu olmak m\u0131 istiyorsun? Yahut \u00e7ok<span class=\"excerpt-hellip\"> [\u2026]<\/span><\/p>\n","protected":false},"featured_media":0,"template":"","meta":{"_monsterinsights_skip_tracking":false,"_monsterinsights_sitenote_active":false,"_monsterinsights_sitenote_note":"","_monsterinsights_sitenote_category":0},"product_brand":[],"product_cat":[12274],"product_tag":[],"class_list":{"0":"post-755649","1":"product","2":"type-product","3":"status-publish","5":"product_cat-cocuk-ve-genclik-kitaplari","6":"pa_cilt-ciltsiz","7":"pa_tur-kitap","8":"pa_yayinevi-fa-yayinlari","9":"pa_yazar-ali-eryilmaz","11":"first","12":"instock","13":"sale","14":"shipping-taxable","15":"purchasable","16":"product-type-simple"},"_links":{"self":[{"href":"https:\/\/roveyayinevi.com.tr\/index.php\/wp-json\/wp\/v2\/product\/755649","targetHints":{"allow":["GET"]}}],"collection":[{"href":"https:\/\/roveyayinevi.com.tr\/index.php\/wp-json\/wp\/v2\/product"}],"about":[{"href":"https:\/\/roveyayinevi.com.tr\/index.php\/wp-json\/wp\/v2\/types\/product"}],"wp:attachment":[{"href":"https:\/\/roveyayinevi.com.tr\/index.php\/wp-json\/wp\/v2\/media?parent=755649"}],"wp:term":[{"taxonomy":"product_brand","embeddable":true,"href":"https:\/\/roveyayinevi.com.tr\/index.php\/wp-json\/wp\/v2\/product_brand?post=755649"},{"taxonomy":"product_cat","embeddable":true,"href":"https:\/\/roveyayinevi.com.tr\/index.php\/wp-json\/wp\/v2\/product_cat?post=755649"},{"taxonomy":"product_tag","embeddable":true,"href":"https:\/\/roveyayinevi.com.tr\/index.php\/wp-json\/wp\/v2\/product_tag?post=755649"}],"curies":[{"name":"wp","href":"https:\/\/api.w.org\/{rel}","templated":true}]}}