{"id":755646,"date":"2025-08-28T06:45:11","date_gmt":"2025-08-28T03:45:11","guid":{"rendered":"https:\/\/roveyayinevi.com.tr\/index.php\/urun\/kardesligin-kesfi\/"},"modified":"2026-04-16T03:08:49","modified_gmt":"2026-04-16T00:08:49","slug":"kardesligin-kesfi","status":"publish","type":"product","link":"https:\/\/roveyayinevi.com.tr\/index.php\/urun\/kardesligin-kesfi\/","title":{"rendered":"Karde\u015fli\u011fin Ke\u015ffi"},"content":{"rendered":"<p>Hayat yolculu\u011fumuz ke\u015fiflerle dolu. Kendimizi tan\u0131ma s\u00fcrecindeher daim bize e\u015flik eden psikoterapistler bu kez -belki de \u00fczerindepek az durulan, ya\u015fant\u0131m\u0131zdaki etkileri pek de d\u00fc\u015f\u00fcn\u00fclmeyen \u201ckarde\u015flik\u201d kavram\u0131na \u0131\u015f\u0131k tutmak i\u00e7in i\u015fba\u015f\u0131nda. \u201cBu kitab\u0131n sat\u0131rlar\u0131 aras\u0131nda kar\u015f\u0131n\u0131za \u00e7\u0131kacak her birhik\u00e2ye benzersiz ve dokunakl\u0131d\u0131r; ayn\u0131 k\u00f6kten filizlenen ancakfarkl\u0131 mevsimlerde \u00e7i\u00e7ek a\u00e7an bitkiler gibi\u2026 Her biri kendi melodisinde, kendi h\u00fczn\u00fcnde ya da ne\u015fesinde\u2026 T\u0131pk\u0131 karde\u015flikba\u011f\u0131m\u0131z\u0131n \u00e7e\u015fitlili\u011fi ve benzersizli\u011fi gibi\u2026\u201d A\u015fa\u011f\u0131da ad\u0131 ge\u00e7en ve ismi sakl\u0131 tutulan yazarlar\u0131n kendi karde\u015flikhik\u00e2yelerini okurken belki siz de o en uzun yol arkada\u015fl\u0131\u011f\u0131n\u0131za birba\u015fka g\u00f6zle bakacak ve yeniden ke\u015ffedeceksiniz.    Klinik Psikolog B\u00fc\u015fra Tar\u00e7al\u0131rKlinik Psikolog G\u00f6k\u00e7e Naz KamarDr. \u00d6zge Kanta\u015fUzman Psikolojik Dan\u0131\u015fman \u015e\u00fckran \u0130. Ba\u015far\u0131rKlinik Psikolog \u0130rem PolatKlinik Psikolog Selva ArslanKlinik Psikolog Yonca Kanburo\u011flu G\u00f6zen\u2026. Ve \u0130smi Sakl\u0131 Yazarlar<\/p>\n","protected":false},"excerpt":{"rendered":"<p>Hayat yolculu\u011fumuz ke\u015fiflerle dolu. Kendimizi tan\u0131ma s\u00fcrecindeher daim bize e\u015flik eden psikoterapistler bu kez -belki de \u00fczerindepek az durulan, ya\u015fant\u0131m\u0131zdaki etkileri pek de d\u00fc\u015f\u00fcn\u00fclmeyen \u201ckarde\u015flik\u201d kavram\u0131na<span class=\"excerpt-hellip\"> [\u2026]<\/span><\/p>\n","protected":false},"featured_media":0,"template":"","meta":{"_monsterinsights_skip_tracking":false,"_monsterinsights_sitenote_active":false,"_monsterinsights_sitenote_note":"","_monsterinsights_sitenote_category":0},"product_brand":[],"product_cat":[12357],"product_tag":[],"class_list":{"0":"post-755646","1":"product","2":"type-product","3":"status-publish","5":"product_cat-psikoloji","6":"pa_cilt-ciltsiz","7":"pa_tur-kitap","8":"pa_yayinevi-epsilon-yayinlari","9":"pa_yazar-irem-polat","11":"first","12":"instock","13":"sale","14":"shipping-taxable","15":"purchasable","16":"product-type-simple"},"_links":{"self":[{"href":"https:\/\/roveyayinevi.com.tr\/index.php\/wp-json\/wp\/v2\/product\/755646","targetHints":{"allow":["GET"]}}],"collection":[{"href":"https:\/\/roveyayinevi.com.tr\/index.php\/wp-json\/wp\/v2\/product"}],"about":[{"href":"https:\/\/roveyayinevi.com.tr\/index.php\/wp-json\/wp\/v2\/types\/product"}],"wp:attachment":[{"href":"https:\/\/roveyayinevi.com.tr\/index.php\/wp-json\/wp\/v2\/media?parent=755646"}],"wp:term":[{"taxonomy":"product_brand","embeddable":true,"href":"https:\/\/roveyayinevi.com.tr\/index.php\/wp-json\/wp\/v2\/product_brand?post=755646"},{"taxonomy":"product_cat","embeddable":true,"href":"https:\/\/roveyayinevi.com.tr\/index.php\/wp-json\/wp\/v2\/product_cat?post=755646"},{"taxonomy":"product_tag","embeddable":true,"href":"https:\/\/roveyayinevi.com.tr\/index.php\/wp-json\/wp\/v2\/product_tag?post=755646"}],"curies":[{"name":"wp","href":"https:\/\/api.w.org\/{rel}","templated":true}]}}