{"id":755645,"date":"2025-08-28T06:45:09","date_gmt":"2025-08-28T03:45:09","guid":{"rendered":"https:\/\/roveyayinevi.com.tr\/index.php\/urun\/kor-mudavim\/"},"modified":"2026-03-12T03:17:49","modified_gmt":"2026-03-12T00:17:49","slug":"kor-mudavim","status":"publish","type":"product","link":"https:\/\/roveyayinevi.com.tr\/index.php\/urun\/kor-mudavim\/","title":{"rendered":"K\u00f6r M\u00fcdavim"},"content":{"rendered":"<p>Birka\u00e7 yay\u0131nevi \u201cA\u015f\u0131r\u0131 mizah\u201d diyerek, basmay\u0131 kabul etmedi bu kitab\u0131, oysa kitap ba\u015f\u0131ndan sonuna \u00fctopyas\u0131 olamayan ama distopyalar bollu\u011funda bo\u011fulan, anla\u015f\u0131labilirlik hapsine mahk\u00fbm insan\u0131n dram\u0131n\u0131 anlat\u0131yordu. Sava\u015farak bar\u0131\u015fa ula\u015fabilece\u011fine kendini inand\u0131rm\u0131\u015f insan\u0131n durumu sizce komik de\u011fil mi? Artan dozda zehirlenmeye maruz kald\u0131\u011f\u0131m\u0131z bu grotesk D\u00fcnya Park\u0131\u2019nda en iyi bildi\u011fimiz \u015fey yok olmak; lakin son ana kadar, her ko\u015fulda kaybedece\u011fimiz bir macerada kazanmak i\u00e7in \u00e7\u0131rp\u0131n\u0131yoruz. Bu da m\u0131 komik de\u011fil? K\u0131zmay\u0131n\u0131z ne olur, g\u00fcl\u00fcn\u00fcz bu h\u00e2l-i p\u00fcr-mel\u00e2limize, budur ac\u0131lara yelken a\u00e7arak d\u00f6n\u00fcp durdu\u011fumuz riya okyanusundaki durumumuz.  \u0130nsan \u00e7abalad\u0131k\u00e7a olu\u015fturdu\u011fu yans\u0131malarda olgunla\u015fan \u2018Ben\u2019 yaz\u0131l\u0131m\u0131n\u0131n labirentini elleriyle kurdu, gardiyan\u0131 da m\u00fcd\u00fcr de mahk\u00fbmu da kendisi.  \u0130yi de \u00e7\u0131k\u0131\u015f yok mu? Kim \u00e7\u0131kmak istiyor ki? <\/p>\n","protected":false},"excerpt":{"rendered":"<p>Birka\u00e7 yay\u0131nevi \u201cA\u015f\u0131r\u0131 mizah\u201d diyerek, basmay\u0131 kabul etmedi bu kitab\u0131, oysa kitap ba\u015f\u0131ndan sonuna \u00fctopyas\u0131 olamayan ama distopyalar bollu\u011funda bo\u011fulan, anla\u015f\u0131labilirlik hapsine mahk\u00fbm insan\u0131n dram\u0131n\u0131 anlat\u0131yordu.<span class=\"excerpt-hellip\"> [\u2026]<\/span><\/p>\n","protected":false},"featured_media":0,"template":"","meta":{"_monsterinsights_skip_tracking":false,"_monsterinsights_sitenote_active":false,"_monsterinsights_sitenote_note":"","_monsterinsights_sitenote_category":0},"product_brand":[],"product_cat":[12291,12711],"product_tag":[],"class_list":{"0":"post-755645","1":"product","2":"type-product","3":"status-publish","5":"product_cat-edebiyat","6":"product_cat-roman-oyku","7":"pa_cilt-ciltsiz","8":"pa_tur-kitap","9":"pa_yayinevi-kirmizi-cati-yayinlari","10":"pa_yazar-sunay-demircan","12":"first","13":"instock","14":"sale","15":"shipping-taxable","16":"purchasable","17":"product-type-simple"},"_links":{"self":[{"href":"https:\/\/roveyayinevi.com.tr\/index.php\/wp-json\/wp\/v2\/product\/755645","targetHints":{"allow":["GET"]}}],"collection":[{"href":"https:\/\/roveyayinevi.com.tr\/index.php\/wp-json\/wp\/v2\/product"}],"about":[{"href":"https:\/\/roveyayinevi.com.tr\/index.php\/wp-json\/wp\/v2\/types\/product"}],"wp:attachment":[{"href":"https:\/\/roveyayinevi.com.tr\/index.php\/wp-json\/wp\/v2\/media?parent=755645"}],"wp:term":[{"taxonomy":"product_brand","embeddable":true,"href":"https:\/\/roveyayinevi.com.tr\/index.php\/wp-json\/wp\/v2\/product_brand?post=755645"},{"taxonomy":"product_cat","embeddable":true,"href":"https:\/\/roveyayinevi.com.tr\/index.php\/wp-json\/wp\/v2\/product_cat?post=755645"},{"taxonomy":"product_tag","embeddable":true,"href":"https:\/\/roveyayinevi.com.tr\/index.php\/wp-json\/wp\/v2\/product_tag?post=755645"}],"curies":[{"name":"wp","href":"https:\/\/api.w.org\/{rel}","templated":true}]}}