{"id":755644,"date":"2025-08-28T06:45:07","date_gmt":"2025-08-28T03:45:07","guid":{"rendered":"https:\/\/roveyayinevi.com.tr\/index.php\/urun\/billur-oruntuler\/"},"modified":"2026-04-16T03:08:49","modified_gmt":"2026-04-16T00:08:49","slug":"billur-oruntuler","status":"publish","type":"product","link":"https:\/\/roveyayinevi.com.tr\/index.php\/urun\/billur-oruntuler\/","title":{"rendered":"Billur \u00d6r\u00fcnt\u00fcler"},"content":{"rendered":"<p>\u201cSence \u00f6nce tren mi gelir kar m\u0131 ya\u011far?\u201d \u201cBilmem, \u00f6nce kar ya\u011fmaya ba\u015flarsa daha g\u00fczel olur sanki.\u201d \u201cEvet\u2026 \u00d6nce kar ya\u011fsa sonra kar tanelerinin aras\u0131ndan tren ge\u00e7se.\u201d R\u00fczg\u00e2r\u0131, billur \u00f6r\u00fcnt\u00fcleri y\u00fcz\u00fcm\u00fcze savursa G\u00f6zlerimizi k\u0131ssak D\u00fcd\u00fc\u011f\u00fc \u00e7alsa Eve d\u00f6nsek.   R\u0131dvan Hatun, ilk kitab\u0131 Billur \u00d6r\u00fcnt\u00fcler\u2019de karanl\u0131kta el yordam\u0131yla \u0131\u015f\u0131\u011f\u0131n d\u00fc\u011fmesine ula\u015fmaya \u00e7al\u0131\u015fan insanlar\u0131 anlat\u0131yor. Hayatta kalmaya \u00e7abalayan insanlar, ba\u015fkalar\u0131n\u0131n hayatta kalmas\u0131 i\u00e7in \u00e7abalayan insanlar, aile denen ta\u015f\u0131mas\u0131 zor y\u00fck\u00fc s\u0131rtlanan insanlar. Birbirinden farkl\u0131 d\u00fcnyalar\u0131n k\u00fc\u00e7\u00fck sahnelerinden; b\u00fcy\u00fck, tedirgin edici anlat\u0131lar var bu \u00f6yk\u00fclerde. Yumru\u011fun nereden gelece\u011fini kestiremiyorsunuz. <\/p>\n","protected":false},"excerpt":{"rendered":"<p>\u201cSence \u00f6nce tren mi gelir kar m\u0131 ya\u011far?\u201d \u201cBilmem, \u00f6nce kar ya\u011fmaya ba\u015flarsa daha g\u00fczel olur sanki.\u201d \u201cEvet\u2026 \u00d6nce kar ya\u011fsa sonra kar tanelerinin aras\u0131ndan tren<span class=\"excerpt-hellip\"> [\u2026]<\/span><\/p>\n","protected":false},"featured_media":0,"template":"","meta":{"_monsterinsights_skip_tracking":false,"_monsterinsights_sitenote_active":false,"_monsterinsights_sitenote_note":"","_monsterinsights_sitenote_category":0},"product_brand":[],"product_cat":[12291,18202],"product_tag":[],"class_list":{"0":"post-755644","1":"product","2":"type-product","3":"status-publish","5":"product_cat-edebiyat","6":"product_cat-hikaye","7":"pa_cilt-ciltsiz","8":"pa_tur-kitap","9":"pa_yayinevi-can-yayinlari","10":"pa_yazar-ridvan-hatun","12":"first","13":"instock","14":"sale","15":"shipping-taxable","16":"purchasable","17":"product-type-simple"},"_links":{"self":[{"href":"https:\/\/roveyayinevi.com.tr\/index.php\/wp-json\/wp\/v2\/product\/755644","targetHints":{"allow":["GET"]}}],"collection":[{"href":"https:\/\/roveyayinevi.com.tr\/index.php\/wp-json\/wp\/v2\/product"}],"about":[{"href":"https:\/\/roveyayinevi.com.tr\/index.php\/wp-json\/wp\/v2\/types\/product"}],"wp:attachment":[{"href":"https:\/\/roveyayinevi.com.tr\/index.php\/wp-json\/wp\/v2\/media?parent=755644"}],"wp:term":[{"taxonomy":"product_brand","embeddable":true,"href":"https:\/\/roveyayinevi.com.tr\/index.php\/wp-json\/wp\/v2\/product_brand?post=755644"},{"taxonomy":"product_cat","embeddable":true,"href":"https:\/\/roveyayinevi.com.tr\/index.php\/wp-json\/wp\/v2\/product_cat?post=755644"},{"taxonomy":"product_tag","embeddable":true,"href":"https:\/\/roveyayinevi.com.tr\/index.php\/wp-json\/wp\/v2\/product_tag?post=755644"}],"curies":[{"name":"wp","href":"https:\/\/api.w.org\/{rel}","templated":true}]}}