{"id":755636,"date":"2025-08-28T06:44:55","date_gmt":"2025-08-28T03:44:55","guid":{"rendered":"https:\/\/roveyayinevi.com.tr\/index.php\/urun\/otizm-spektrum-bozuklugu-tanili-cocuklarda-motor-beceriler\/"},"modified":"2026-02-23T12:22:26","modified_gmt":"2026-02-23T09:22:26","slug":"otizm-spektrum-bozuklugu-tanili-cocuklarda-motor-beceriler","status":"publish","type":"product","link":"https:\/\/roveyayinevi.com.tr\/index.php\/urun\/otizm-spektrum-bozuklugu-tanili-cocuklarda-motor-beceriler\/","title":{"rendered":"Otizm Spektrum Bozuklu\u011fu Tan\u0131l\u0131 \u00c7ocuklarda Motor Beceriler"},"content":{"rendered":"<p>\u0130\u00e7indekiler       1.      OT\u0130ZM SPEKTRUM BOZUKLU\u011eU 2.      OT\u0130ZM SPEKTRUM BOZUKLU\u011eUNDA GEL\u0130\u015e\u0130M ALANLARI 3.      OT\u0130ZM SPEKTRUM BOZUKLU\u011eUNDA MOTOR BECER\u0130LER 4.      OT\u0130ZM SPEKTRUM BOZUKLU\u011eU VE STEREOT\u0130P (TEKRARLAYICI) DAVRANI\u015eLAR <\/p>\n","protected":false},"excerpt":{"rendered":"<p>\u0130\u00e7indekiler 1. OT\u0130ZM SPEKTRUM BOZUKLU\u011eU 2. OT\u0130ZM SPEKTRUM BOZUKLU\u011eUNDA GEL\u0130\u015e\u0130M ALANLARI 3. OT\u0130ZM SPEKTRUM BOZUKLU\u011eUNDA MOTOR BECER\u0130LER 4. OT\u0130ZM SPEKTRUM BOZUKLU\u011eU VE STEREOT\u0130P (TEKRARLAYICI) DAVRANI\u015eLAR<\/p>\n","protected":false},"featured_media":0,"template":"","meta":{"_monsterinsights_skip_tracking":false,"_monsterinsights_sitenote_active":false,"_monsterinsights_sitenote_note":"","_monsterinsights_sitenote_category":0},"product_brand":[],"product_cat":[12573,12566],"product_tag":[],"class_list":{"0":"post-755636","1":"product","2":"type-product","3":"status-publish","5":"product_cat-akademik-kitaplar","6":"product_cat-egitim","7":"pa_cilt-ciltsiz","8":"pa_tur-kitap","9":"pa_yayinevi-gazi-kitabevi","10":"pa_yazar-ekrem-akbuga","12":"first","13":"instock","14":"sale","15":"shipping-taxable","16":"purchasable","17":"product-type-simple"},"_links":{"self":[{"href":"https:\/\/roveyayinevi.com.tr\/index.php\/wp-json\/wp\/v2\/product\/755636","targetHints":{"allow":["GET"]}}],"collection":[{"href":"https:\/\/roveyayinevi.com.tr\/index.php\/wp-json\/wp\/v2\/product"}],"about":[{"href":"https:\/\/roveyayinevi.com.tr\/index.php\/wp-json\/wp\/v2\/types\/product"}],"wp:attachment":[{"href":"https:\/\/roveyayinevi.com.tr\/index.php\/wp-json\/wp\/v2\/media?parent=755636"}],"wp:term":[{"taxonomy":"product_brand","embeddable":true,"href":"https:\/\/roveyayinevi.com.tr\/index.php\/wp-json\/wp\/v2\/product_brand?post=755636"},{"taxonomy":"product_cat","embeddable":true,"href":"https:\/\/roveyayinevi.com.tr\/index.php\/wp-json\/wp\/v2\/product_cat?post=755636"},{"taxonomy":"product_tag","embeddable":true,"href":"https:\/\/roveyayinevi.com.tr\/index.php\/wp-json\/wp\/v2\/product_tag?post=755636"}],"curies":[{"name":"wp","href":"https:\/\/api.w.org\/{rel}","templated":true}]}}