{"id":755635,"date":"2025-08-28T06:44:54","date_gmt":"2025-08-28T03:44:54","guid":{"rendered":"https:\/\/roveyayinevi.com.tr\/index.php\/urun\/spor-bilimlerinde-guncel-konular\/"},"modified":"2026-04-16T03:08:49","modified_gmt":"2026-04-16T00:08:49","slug":"spor-bilimlerinde-guncel-konular","status":"publish","type":"product","link":"https:\/\/roveyayinevi.com.tr\/index.php\/urun\/spor-bilimlerinde-guncel-konular\/","title":{"rendered":"Spor Bilimlerinde G\u00fcncel Konular"},"content":{"rendered":"<p>\u0130\u00e7indekiler   \u00b7         B\u00d6L\u00dcM 1 SPOR VE BEY\u0130N ARASINDAK\u0130 \u0130L\u0130\u015eK\u0130YE EVR\u0130MSEL BAKI\u015e A\u00c7ISI \u00b7         B\u00d6L\u00dcM 2 SPORCULARDA OKL\u00dcZYON ANTRENMANININ ALT EKSTREM\u0130TE KAS      H\u0130PERTROF\u0130S\u0130NE ETK\u0130S\u0130: L\u0130TERAT\u00dcR TARAMA \u00b7         B\u00d6L\u00dcM 3 FUTBOLDA SINIRLI ALAN OYUNLARI \u00b7         B\u00d6L\u00dcM 4 V\u0130DEO OYUNLARI, EGZERS\u0130Z VE ENSTR\u00dcMAN KULLANIMININ POST\u00dcR VE KOGN\u0130T\u0130F YETENEK \u0130LE \u0130L\u0130\u015eK\u0130S\u0130 \u00b7         B\u00d6L\u00dcM 5 DEH\u0130DRASYON VE PERFORMANS \u00b7         B\u00d6L\u00dcM 6 SPORCULARDA ERGOJEN\u0130K DESTEK: KAFE\u0130N SAKIZI \u00b7         B\u00d6L\u00dcM 7 \u0130SKEM\u0130K \u00d6NKO\u015eULLANMA VE SPORT\u0130F PERFORMANS \u00b7         B\u00d6L\u00dcM 8 EGZERS\u0130Z SONRASI PROTE\u0130N ALIMI: NEDEN? NE ZAMAN? NE KADAR? \u00b7         B\u00d6L\u00dcM 9 GE\u00c7M\u0130\u015eTEN G\u00dcN\u00dcM\u00dcZE KAS H\u0130PERTROF\u0130S\u0130 VE SETLER ARASI D\u0130NLENME \u00b7         B\u00d6L\u00dcM 10 MODERN B\u0130R ANTRENMAN PROGRAMI: L\u0130FE K\u0130NET\u0130K \u00b7         B\u00d6L\u00dcM 11 SPOR KUL\u00dcPLER\u0130 A\u00c7ISINDAN SPORDA \u00c7OCUK KORUMA <\/p>\n","protected":false},"excerpt":{"rendered":"<p>\u0130\u00e7indekiler \u00b7 B\u00d6L\u00dcM 1 SPOR VE BEY\u0130N ARASINDAK\u0130 \u0130L\u0130\u015eK\u0130YE EVR\u0130MSEL BAKI\u015e A\u00c7ISI \u00b7 B\u00d6L\u00dcM 2 SPORCULARDA OKL\u00dcZYON ANTRENMANININ ALT EKSTREM\u0130TE KAS H\u0130PERTROF\u0130S\u0130NE ETK\u0130S\u0130: L\u0130TERAT\u00dcR TARAMA \u00b7<span class=\"excerpt-hellip\"> [\u2026]<\/span><\/p>\n","protected":false},"featured_media":0,"template":"","meta":{"_monsterinsights_skip_tracking":false,"_monsterinsights_sitenote_active":false,"_monsterinsights_sitenote_note":"","_monsterinsights_sitenote_category":0},"product_brand":[],"product_cat":[15563,15564],"product_tag":[],"class_list":{"0":"post-755635","1":"product","2":"type-product","3":"status-publish","5":"product_cat-hobi","6":"product_cat-spor","7":"pa_cilt-ciltsiz","8":"pa_tur-kitap","9":"pa_yayinevi-gazi-kitabevi","10":"pa_yazar-kolektif","12":"first","13":"instock","14":"sale","15":"shipping-taxable","16":"purchasable","17":"product-type-simple"},"_links":{"self":[{"href":"https:\/\/roveyayinevi.com.tr\/index.php\/wp-json\/wp\/v2\/product\/755635","targetHints":{"allow":["GET"]}}],"collection":[{"href":"https:\/\/roveyayinevi.com.tr\/index.php\/wp-json\/wp\/v2\/product"}],"about":[{"href":"https:\/\/roveyayinevi.com.tr\/index.php\/wp-json\/wp\/v2\/types\/product"}],"wp:attachment":[{"href":"https:\/\/roveyayinevi.com.tr\/index.php\/wp-json\/wp\/v2\/media?parent=755635"}],"wp:term":[{"taxonomy":"product_brand","embeddable":true,"href":"https:\/\/roveyayinevi.com.tr\/index.php\/wp-json\/wp\/v2\/product_brand?post=755635"},{"taxonomy":"product_cat","embeddable":true,"href":"https:\/\/roveyayinevi.com.tr\/index.php\/wp-json\/wp\/v2\/product_cat?post=755635"},{"taxonomy":"product_tag","embeddable":true,"href":"https:\/\/roveyayinevi.com.tr\/index.php\/wp-json\/wp\/v2\/product_tag?post=755635"}],"curies":[{"name":"wp","href":"https:\/\/api.w.org\/{rel}","templated":true}]}}