{"id":755633,"date":"2025-08-28T06:44:50","date_gmt":"2025-08-28T03:44:50","guid":{"rendered":"https:\/\/roveyayinevi.com.tr\/index.php\/urun\/kadinlar-icin-hayat-kurtaran-yedi-gunah\/"},"modified":"2026-04-16T03:08:49","modified_gmt":"2026-04-16T00:08:49","slug":"kadinlar-icin-hayat-kurtaran-yedi-gunah","status":"publish","type":"product","link":"https:\/\/roveyayinevi.com.tr\/index.php\/urun\/kadinlar-icin-hayat-kurtaran-yedi-gunah\/","title":{"rendered":"Kad\u0131nlar \u0130\u00e7in Hayat Kurtaran Yedi G\u00fcnah"},"content":{"rendered":"<p>\u201cBu kitab\u0131 okurken \u00f6zg\u00fcrle\u015fecek, harekete ge\u00e7ti\u011findeyse hepimizi \u00f6zg\u00fcrle\u015ftireceksin.\u201d\u2013 GLORIA STEINEM, feminist aktivist yazar         Bu kitap kad\u0131nlara, d\u00fcnyaya geldikleri andan itibaren \u00f6\u011fretilen, ka\u00e7\u0131n\u0131lmas\u0131 gereken nitelikleri benimseyerek ataerkilli\u011fe nas\u0131l meydan okuyacaklar\u0131n\u0131 ve onu nas\u0131l yok edeceklerini g\u00f6steren son derece cesur bir eser. Feminist aktivist yazar Mona Eltahawy, kad\u0131nlar\u0131n i\u015flemesi gereken \u201cyedi g\u00fcnah\u201d olarak tan\u0131mlad\u0131\u011f\u0131 nitelikleri sayesinde erkek egemenli\u011fini alt edebileceklerine inan\u0131yor. \u00d6fke, dikkat, k\u00fcf\u00fcr, h\u0131rs, g\u00fc\u00e7, \u015fiddet, \u015fehvet. \u0130\u015fte, kad\u0131nlar\u0131n seslerini duyurmas\u0131n\u0131, hatta bir f\u0131rt\u0131na gibi patlamas\u0131n\u0131 sa\u011flayacak hayat kurtaran \u201cg\u00fcnahlar\u201d. Eltahawy\u2019nin eylem \u00e7a\u011fr\u0131s\u0131n\u0131 ayd\u0131nlatan \u015feyse G\u00fcney Afrika\u2019dan \u00c7in\u2019e, Nijerya\u2019dan Hindistan\u2019a, Bosna\u2019dan M\u0131s\u0131r\u2019a kadar d\u00fcnya \u00e7ap\u0131ndaki aktivistlerin ve di\u011fer kad\u0131nlar\u0131n, i\u00e7lerindeki \u00f6fkeden yararlanarak \u0131rk, s\u0131n\u0131f, inan\u00e7 ve cinsiyet s\u0131n\u0131rlar\u0131n\u0131 a\u015fan hik\u00e2yeleri&#8230;Kendi tecr\u00fcbelerinden yola \u00e7\u0131kan yazar, kad\u0131nlara kendilerini i\u00e7inde bulduklar\u0131 zehirli sistemde hayatta kalmay\u0131 \u00f6\u011fretmek yerine onlar\u0131 bu sistemi par\u00e7alamalar\u0131 i\u00e7in \u00e2deta silahland\u0131r\u0131yor. Kad\u0131nlar i\u00e7in Hayat Kurtaran Yedi G\u00fcnah, ataerkilli\u011fe kar\u015f\u0131 m\u00fccadelede t\u00fcm feministlere y\u00f6nelik bir manifestodur.<\/p>\n","protected":false},"excerpt":{"rendered":"<p>\u201cBu kitab\u0131 okurken \u00f6zg\u00fcrle\u015fecek, harekete ge\u00e7ti\u011findeyse hepimizi \u00f6zg\u00fcrle\u015ftireceksin.\u201d\u2013 GLORIA STEINEM, feminist aktivist yazar Bu kitap kad\u0131nlara, d\u00fcnyaya geldikleri andan itibaren \u00f6\u011fretilen, ka\u00e7\u0131n\u0131lmas\u0131 gereken nitelikleri benimseyerek ataerkilli\u011fe<span class=\"excerpt-hellip\"> [\u2026]<\/span><\/p>\n","protected":false},"featured_media":0,"template":"","meta":{"_monsterinsights_skip_tracking":false,"_monsterinsights_sitenote_active":false,"_monsterinsights_sitenote_note":"","_monsterinsights_sitenote_category":0},"product_brand":[],"product_cat":[14741,13488],"product_tag":[],"class_list":{"0":"post-755633","1":"product","2":"type-product","3":"status-publish","5":"product_cat-kadin-sorunlari-feminizm","6":"product_cat-toplum-ve-insan","7":"pa_cilt-ciltsiz","8":"pa_tur-kitap","9":"pa_yayinevi-epsilon-yayinlari","10":"pa_yazar-mona-eltahawy","12":"first","13":"instock","14":"sale","15":"shipping-taxable","16":"purchasable","17":"product-type-simple"},"_links":{"self":[{"href":"https:\/\/roveyayinevi.com.tr\/index.php\/wp-json\/wp\/v2\/product\/755633","targetHints":{"allow":["GET"]}}],"collection":[{"href":"https:\/\/roveyayinevi.com.tr\/index.php\/wp-json\/wp\/v2\/product"}],"about":[{"href":"https:\/\/roveyayinevi.com.tr\/index.php\/wp-json\/wp\/v2\/types\/product"}],"wp:attachment":[{"href":"https:\/\/roveyayinevi.com.tr\/index.php\/wp-json\/wp\/v2\/media?parent=755633"}],"wp:term":[{"taxonomy":"product_brand","embeddable":true,"href":"https:\/\/roveyayinevi.com.tr\/index.php\/wp-json\/wp\/v2\/product_brand?post=755633"},{"taxonomy":"product_cat","embeddable":true,"href":"https:\/\/roveyayinevi.com.tr\/index.php\/wp-json\/wp\/v2\/product_cat?post=755633"},{"taxonomy":"product_tag","embeddable":true,"href":"https:\/\/roveyayinevi.com.tr\/index.php\/wp-json\/wp\/v2\/product_tag?post=755633"}],"curies":[{"name":"wp","href":"https:\/\/api.w.org\/{rel}","templated":true}]}}