{"id":755632,"date":"2025-08-28T06:44:48","date_gmt":"2025-08-28T03:44:48","guid":{"rendered":"https:\/\/roveyayinevi.com.tr\/index.php\/urun\/deger-yaratma-tutkusu-dusunceleri-ve-girisimleriyle-nejat-eczacibasi\/"},"modified":"2026-04-16T03:08:49","modified_gmt":"2026-04-16T00:08:49","slug":"deger-yaratma-tutkusu-dusunceleri-ve-girisimleriyle-nejat-eczacibasi","status":"publish","type":"product","link":"https:\/\/roveyayinevi.com.tr\/index.php\/urun\/deger-yaratma-tutkusu-dusunceleri-ve-girisimleriyle-nejat-eczacibasi\/","title":{"rendered":"De\u011fer Yaratma Tutkusu \/ D\u00fc\u015f\u00fcnceleri ve Giri\u015fimleriyle Nejat Eczac\u0131ba\u015f\u0131"},"content":{"rendered":"<p>Dr. Nejat F. Eczac\u0131ba\u015f\u0131\u2019n\u0131n aram\u0131zdan ayr\u0131l\u0131\u015f\u0131n\u0131n 30. y\u0131ld\u00f6n\u00fcm\u00fc i\u00e7in haz\u0131rlanan De\u011fer Yaratma Tutkusu adl\u0131 kitap Yap\u0131 Kredi Yay\u0131nlar\u0131 taraf\u0131ndan yay\u0131mland\u0131. De\u011fer Yaratma Tutkusu Eczac\u0131ba\u015f\u0131 Toplulu\u011fu\u2019nun kurucusu Dr. Nejat F. Eczac\u0131ba\u015f\u0131\u2019n\u0131n d\u00fc\u015f\u00fcnce d\u00fcnyas\u0131n\u0131, ya\u015fam\u0131n\u0131 ve \u00fclkemize kazand\u0131rd\u0131\u011f\u0131 de\u011ferleri kendi anlat\u0131m\u0131yla aktar\u0131yor. Onun bug\u00fcn i\u00e7in h\u00e2l\u00e2 anlaml\u0131, \u00f6zg\u00fcn fikirlerinin yan\u0131 s\u0131ra hayat verdi\u011fi markalar\u0131n ve kurumlar\u0131n kurulu\u015f \u00f6yk\u00fclerini i\u00e7eriyor. Eczac\u0131ba\u015f\u0131 Toplulu\u011fu ar\u015fivinden g\u00f6rsellerle zenginle\u015ftirilen derleme kitapta Nejat Eczac\u0131ba\u015f\u0131\u2019n\u0131 yak\u0131ndan tan\u0131ma f\u0131rsat\u0131 bulan ki\u015filerin g\u00f6r\u00fc\u015fleri ve an\u0131lar\u0131 da yer al\u0131yor. 100. y\u0131ld\u00f6n\u00fcm\u00fcn\u00fc gururla kutlad\u0131\u011f\u0131m\u0131z Cumhuriyetimizin ilk ku\u015fak \u00f6nc\u00fc i\u015f insanlar\u0131ndan Nejat Eczac\u0131ba\u015f\u0131\u2019n\u0131n d\u00fc\u015f\u00fcnce ve giri\u015fimleri bug\u00fcne ve gelecek ku\u015faklara esin kayna\u011f\u0131 olacak \u00f6zellikler ta\u015f\u0131yor. De\u011fer Yaratma Tutkusu, ge\u00e7mi\u015fi anlama, daha iyi bir gelecek kurma tutkusuna sahip herkesin yararlanabilece\u011fi b\u00fcy\u00fck bir deneyim hazinesi. <\/p>\n","protected":false},"excerpt":{"rendered":"<p>Dr. Nejat F. Eczac\u0131ba\u015f\u0131\u2019n\u0131n aram\u0131zdan ayr\u0131l\u0131\u015f\u0131n\u0131n 30. y\u0131ld\u00f6n\u00fcm\u00fc i\u00e7in haz\u0131rlanan De\u011fer Yaratma Tutkusu adl\u0131 kitap Yap\u0131 Kredi Yay\u0131nlar\u0131 taraf\u0131ndan yay\u0131mland\u0131. De\u011fer Yaratma Tutkusu Eczac\u0131ba\u015f\u0131 Toplulu\u011fu\u2019nun kurucusu<span class=\"excerpt-hellip\"> [\u2026]<\/span><\/p>\n","protected":false},"featured_media":0,"template":"","meta":{"_monsterinsights_skip_tracking":false,"_monsterinsights_sitenote_active":false,"_monsterinsights_sitenote_note":"","_monsterinsights_sitenote_category":0},"product_brand":[],"product_cat":[14009,12291],"product_tag":[],"class_list":{"0":"post-755632","1":"product","2":"type-product","3":"status-publish","5":"product_cat-biyografi-otobiyografi-edebiyat","6":"product_cat-edebiyat","7":"pa_cilt-ciltsiz","8":"pa_tur-kitap","9":"pa_yayinevi-yapi-kredi-yayinlari","10":"pa_yazar-nejat-eczacibasi","12":"first","13":"instock","14":"sale","15":"shipping-taxable","16":"purchasable","17":"product-type-simple"},"_links":{"self":[{"href":"https:\/\/roveyayinevi.com.tr\/index.php\/wp-json\/wp\/v2\/product\/755632","targetHints":{"allow":["GET"]}}],"collection":[{"href":"https:\/\/roveyayinevi.com.tr\/index.php\/wp-json\/wp\/v2\/product"}],"about":[{"href":"https:\/\/roveyayinevi.com.tr\/index.php\/wp-json\/wp\/v2\/types\/product"}],"wp:attachment":[{"href":"https:\/\/roveyayinevi.com.tr\/index.php\/wp-json\/wp\/v2\/media?parent=755632"}],"wp:term":[{"taxonomy":"product_brand","embeddable":true,"href":"https:\/\/roveyayinevi.com.tr\/index.php\/wp-json\/wp\/v2\/product_brand?post=755632"},{"taxonomy":"product_cat","embeddable":true,"href":"https:\/\/roveyayinevi.com.tr\/index.php\/wp-json\/wp\/v2\/product_cat?post=755632"},{"taxonomy":"product_tag","embeddable":true,"href":"https:\/\/roveyayinevi.com.tr\/index.php\/wp-json\/wp\/v2\/product_tag?post=755632"}],"curies":[{"name":"wp","href":"https:\/\/api.w.org\/{rel}","templated":true}]}}