{"id":755631,"date":"2025-08-28T06:44:47","date_gmt":"2025-08-28T03:44:47","guid":{"rendered":"https:\/\/roveyayinevi.com.tr\/index.php\/urun\/inanilmaz-turk\/"},"modified":"2026-04-16T03:08:49","modified_gmt":"2026-04-16T00:08:49","slug":"inanilmaz-turk","status":"publish","type":"product","link":"https:\/\/roveyayinevi.com.tr\/index.php\/urun\/inanilmaz-turk\/","title":{"rendered":"\u0130nan\u0131lmaz T\u00fcrk"},"content":{"rendered":"<p>Mustafa Kemal Atat\u00fcrk hakk\u0131nda birbirinden k\u0131ymetli onlarca eser bulunuyor fakat bu eserlerden \u00e7ok az\u0131 yabanc\u0131 devletlerin g\u00f6z\u00fcnden yap\u0131lm\u0131\u015f ara\u015ft\u0131rmalar\u0131 i\u00e7eriyor. Say\u0131lar\u0131 her ne kadar az olsa da bu eserler, Atat\u00fcrk\u2019\u00fcn s\u0131n\u0131rlar\u0131 a\u015fan bir \u00fcn\u00fc oldu\u011funu g\u00f6stermekle birlikte daha iyi anla\u015f\u0131lmas\u0131n\u0131 da sa\u011fl\u0131yor. Bu kitap, Atat\u00fcrk\u2019\u00fc ABD\u2019nin g\u00f6z\u00fcnden ele al\u0131rken ayn\u0131 zamanda Erken Cumhuriyet D\u00f6nemi T\u00fcrkiye\u2019sini ve uluslararas\u0131 arenada h\u00e2kim g\u00fc\u00e7 olma yolundaki ABD ile ili\u015fkilerini anlamak a\u00e7\u0131s\u0131ndan da \u00f6nemli bilgiler i\u00e7eriyor.  Mill\u00ee M\u00fccadele\u2019nin ba\u015far\u0131s\u0131 ve T\u00fcrkiye Cumhuriyeti\u2019nin kurulu\u015fu yaln\u0131zca ulusal \u00f6l\u00e7ekte bir yank\u0131 uyand\u0131rmam\u0131\u015ft\u0131r; Amerikan kamuoyunda da b\u00fcy\u00fck bir etkiye neden olmu\u015f, Mustafa Kemal Atat\u00fcrk merak edilmeye ba\u015flanm\u0131\u015ft\u0131r. Hatta \u00f6yle ki \u201cAtat\u00fcrk imaj\u0131\u201d ABD nezdinde farkl\u0131 d\u00f6nemlerde farkl\u0131 \u015fekillerde ele al\u0131nm\u0131\u015ft\u0131r. Mill\u00ee M\u00fccadele\u2019nin hemen ba\u015f\u0131nda Asi portrede \u00e7izilen Atat\u00fcrk, sonras\u0131nda Milliyet\u00e7i olarak yans\u0131t\u0131lm\u0131\u015f, \u00f6l\u00fcm\u00fc sonras\u0131nda ise \u0130nan\u0131lmaz T\u00fcrk olarak an\u0131lm\u0131\u015ft\u0131r. <\/p>\n","protected":false},"excerpt":{"rendered":"<p>Mustafa Kemal Atat\u00fcrk hakk\u0131nda birbirinden k\u0131ymetli onlarca eser bulunuyor fakat bu eserlerden \u00e7ok az\u0131 yabanc\u0131 devletlerin g\u00f6z\u00fcnden yap\u0131lm\u0131\u015f ara\u015ft\u0131rmalar\u0131 i\u00e7eriyor. Say\u0131lar\u0131 her ne kadar az olsa<span class=\"excerpt-hellip\"> [\u2026]<\/span><\/p>\n","protected":false},"featured_media":0,"template":"","meta":{"_monsterinsights_skip_tracking":false,"_monsterinsights_sitenote_active":false,"_monsterinsights_sitenote_note":"","_monsterinsights_sitenote_category":0},"product_brand":[],"product_cat":[12370,12304],"product_tag":[],"class_list":{"0":"post-755631","1":"product","2":"type-product","3":"status-publish","5":"product_cat-arastirma-inceleme","6":"product_cat-tarih","7":"pa_cilt-ciltsiz","8":"pa_tur-kitap","9":"pa_yayinevi-yeditepe-yayinevi","10":"pa_yazar-sinan-kiyanc","12":"first","13":"instock","14":"sale","15":"shipping-taxable","16":"purchasable","17":"product-type-simple"},"_links":{"self":[{"href":"https:\/\/roveyayinevi.com.tr\/index.php\/wp-json\/wp\/v2\/product\/755631","targetHints":{"allow":["GET"]}}],"collection":[{"href":"https:\/\/roveyayinevi.com.tr\/index.php\/wp-json\/wp\/v2\/product"}],"about":[{"href":"https:\/\/roveyayinevi.com.tr\/index.php\/wp-json\/wp\/v2\/types\/product"}],"wp:attachment":[{"href":"https:\/\/roveyayinevi.com.tr\/index.php\/wp-json\/wp\/v2\/media?parent=755631"}],"wp:term":[{"taxonomy":"product_brand","embeddable":true,"href":"https:\/\/roveyayinevi.com.tr\/index.php\/wp-json\/wp\/v2\/product_brand?post=755631"},{"taxonomy":"product_cat","embeddable":true,"href":"https:\/\/roveyayinevi.com.tr\/index.php\/wp-json\/wp\/v2\/product_cat?post=755631"},{"taxonomy":"product_tag","embeddable":true,"href":"https:\/\/roveyayinevi.com.tr\/index.php\/wp-json\/wp\/v2\/product_tag?post=755631"}],"curies":[{"name":"wp","href":"https:\/\/api.w.org\/{rel}","templated":true}]}}