{"id":755630,"date":"2025-08-28T06:44:45","date_gmt":"2025-08-28T03:44:45","guid":{"rendered":"https:\/\/roveyayinevi.com.tr\/index.php\/urun\/mimar-mehmet-aga\/"},"modified":"2026-04-16T03:08:49","modified_gmt":"2026-04-16T00:08:49","slug":"mimar-mehmet-aga","status":"publish","type":"product","link":"https:\/\/roveyayinevi.com.tr\/index.php\/urun\/mimar-mehmet-aga\/","title":{"rendered":"Mimar Mehmet A\u011fa"},"content":{"rendered":"<p>Orhan \u015eaik G\u00f6kyay\u2019\u0131n bu \u00e7al\u0131\u015fmas\u0131 Sultanahmet Camii mimar\u0131, Mimar Mehmet A\u011fa hakk\u0131nda Cafer Efendi adl\u0131 bir z\u00e2t taraf\u0131ndan kaleme al\u0131nm\u0131\u015f olan Ris\u00e2le-i Mi\u2018mariyye adl\u0131 men\u00e2k\u0131bn\u00e2me \u00fczerinedir. T\u00fcrk mimarl\u0131k tarihinde Mimar Koca Sinan\u2019dan sonra en \u00f6nemli mimarlar aras\u0131nda say\u0131lan Mimar Mehmet A\u011fa, Sultanahmet Camii gibi \u00e7e\u015fitli mimari eserlerin yan\u0131 s\u0131ra devrinde baz\u0131 k\u0131s\u0131mlar\u0131 olduk\u00e7a eskimi\u015f olan Ka\u2018be\u2019nin onar\u0131m\u0131n\u0131 da yapan mimard\u0131r. Cafer Efendi adl\u0131 bir z\u00e2t da mimara duydu\u011fu derin sevgi ve sayg\u0131 neticesinde onun hayat hikayesinden kimi kesitler ile eserleri \u00fczerine bir men\u00e2k\u0131b yazm\u0131\u015ft\u0131r ki bu eser, Mimar Sinan hakk\u0131nda yaz\u0131lm\u0131\u015f olan Tezkiret\u00fc\u2019l-B\u00fcny\u00e2n\u2019dan sonra bu soydan bilinen ikinci metindir. <\/p>\n","protected":false},"excerpt":{"rendered":"<p>Orhan \u015eaik G\u00f6kyay\u2019\u0131n bu \u00e7al\u0131\u015fmas\u0131 Sultanahmet Camii mimar\u0131, Mimar Mehmet A\u011fa hakk\u0131nda Cafer Efendi adl\u0131 bir z\u00e2t taraf\u0131ndan kaleme al\u0131nm\u0131\u015f olan Ris\u00e2le-i Mi\u2018mariyye adl\u0131 men\u00e2k\u0131bn\u00e2me \u00fczerinedir.<span class=\"excerpt-hellip\"> [\u2026]<\/span><\/p>\n","protected":false},"featured_media":0,"template":"","meta":{"_monsterinsights_skip_tracking":false,"_monsterinsights_sitenote_active":false,"_monsterinsights_sitenote_note":"","_monsterinsights_sitenote_category":0},"product_brand":[],"product_cat":[12370,12304],"product_tag":[],"class_list":{"0":"post-755630","1":"product","2":"type-product","3":"status-publish","5":"product_cat-arastirma-inceleme","6":"product_cat-tarih","7":"pa_cilt-ciltsiz","8":"pa_tur-kitap","9":"pa_yayinevi-yeditepe-yayinevi","10":"pa_yazar-orhan-saik-gokyay","12":"first","13":"instock","14":"sale","15":"shipping-taxable","16":"purchasable","17":"product-type-simple"},"_links":{"self":[{"href":"https:\/\/roveyayinevi.com.tr\/index.php\/wp-json\/wp\/v2\/product\/755630","targetHints":{"allow":["GET"]}}],"collection":[{"href":"https:\/\/roveyayinevi.com.tr\/index.php\/wp-json\/wp\/v2\/product"}],"about":[{"href":"https:\/\/roveyayinevi.com.tr\/index.php\/wp-json\/wp\/v2\/types\/product"}],"wp:attachment":[{"href":"https:\/\/roveyayinevi.com.tr\/index.php\/wp-json\/wp\/v2\/media?parent=755630"}],"wp:term":[{"taxonomy":"product_brand","embeddable":true,"href":"https:\/\/roveyayinevi.com.tr\/index.php\/wp-json\/wp\/v2\/product_brand?post=755630"},{"taxonomy":"product_cat","embeddable":true,"href":"https:\/\/roveyayinevi.com.tr\/index.php\/wp-json\/wp\/v2\/product_cat?post=755630"},{"taxonomy":"product_tag","embeddable":true,"href":"https:\/\/roveyayinevi.com.tr\/index.php\/wp-json\/wp\/v2\/product_tag?post=755630"}],"curies":[{"name":"wp","href":"https:\/\/api.w.org\/{rel}","templated":true}]}}