{"id":755629,"date":"2025-08-28T06:44:39","date_gmt":"2025-08-28T03:44:39","guid":{"rendered":"https:\/\/roveyayinevi.com.tr\/index.php\/urun\/eski-turk-toplumunda-kadin\/"},"modified":"2026-04-16T03:08:49","modified_gmt":"2026-04-16T00:08:49","slug":"eski-turk-toplumunda-kadin","status":"publish","type":"product","link":"https:\/\/roveyayinevi.com.tr\/index.php\/urun\/eski-turk-toplumunda-kadin\/","title":{"rendered":"Eski T\u00fcrk Toplumunda Kad\u0131n"},"content":{"rendered":"<p>T\u00fcrk kad\u0131n\u0131n\u0131n geli\u015fim evrelerini g\u00f6rmek i\u00e7in tarihe bakmak gerekiyor. Elimizdeki metinler s\u0131n\u0131rl\u0131 olsa da T\u00fcrk toplumunun yar\u0131s\u0131n\u0131 meydana getiren kad\u0131nlar\u0131n sadece n\u00fcfus g\u00fcc\u00fcn\u00fc besleyen belirsiz kimlikler olmad\u0131\u011f\u0131 ortada. Bilge Ka\u011fan annesi \u0130lbilge Hatun\u2019u anarken Dede Korkut, Ban\u0131 \u00c7i\u00e7ek\u2019i, Boyu Uzun Burla Hatun\u2019u dillendiriyor. T\u00fcrk kad\u0131n\u0131 \u00e7o\u011fu zaman anne ama bazen bir destan\u0131n ana karakteri, \u00f6zlenilen bir sevgili ya da yeri geldi\u011finde sava\u015f\u00e7\u0131, bazen de devletin kurucu lideri olarak kar\u015f\u0131m\u0131za \u00e7\u0131k\u0131yor.  Elinizdeki kitap T\u00fcrklerin \u0130slamiyet\u2019e ge\u00e7i\u015f d\u00f6neminde kaleme al\u0131nm\u0131\u015f kaynaklara odaklan\u0131yor. B\u00f6ylece hem \u0130sl\u00e2m \u00f6ncesi durumu hem de \u0130slamiyet\u2019e girilirken kad\u0131n\u0131n sosyal stat\u00fcs\u00fcn\u00fc ve toplumdaki kad\u0131n alg\u0131s\u0131n\u0131 belirginle\u015ftirmeye gayret ediyor.    <\/p>\n","protected":false},"excerpt":{"rendered":"<p>T\u00fcrk kad\u0131n\u0131n\u0131n geli\u015fim evrelerini g\u00f6rmek i\u00e7in tarihe bakmak gerekiyor. Elimizdeki metinler s\u0131n\u0131rl\u0131 olsa da T\u00fcrk toplumunun yar\u0131s\u0131n\u0131 meydana getiren kad\u0131nlar\u0131n sadece n\u00fcfus g\u00fcc\u00fcn\u00fc besleyen belirsiz kimlikler<span class=\"excerpt-hellip\"> [\u2026]<\/span><\/p>\n","protected":false},"featured_media":0,"template":"","meta":{"_monsterinsights_skip_tracking":false,"_monsterinsights_sitenote_active":false,"_monsterinsights_sitenote_note":"","_monsterinsights_sitenote_category":0},"product_brand":[],"product_cat":[12370,12304],"product_tag":[],"class_list":{"0":"post-755629","1":"product","2":"type-product","3":"status-publish","5":"product_cat-arastirma-inceleme","6":"product_cat-tarih","7":"pa_cilt-ciltsiz","8":"pa_tur-kitap","9":"pa_yayinevi-yeditepe-yayinevi","10":"pa_yazar-bilge-gizem-kukrer","12":"first","13":"instock","14":"sale","15":"shipping-taxable","16":"purchasable","17":"product-type-simple"},"_links":{"self":[{"href":"https:\/\/roveyayinevi.com.tr\/index.php\/wp-json\/wp\/v2\/product\/755629","targetHints":{"allow":["GET"]}}],"collection":[{"href":"https:\/\/roveyayinevi.com.tr\/index.php\/wp-json\/wp\/v2\/product"}],"about":[{"href":"https:\/\/roveyayinevi.com.tr\/index.php\/wp-json\/wp\/v2\/types\/product"}],"wp:attachment":[{"href":"https:\/\/roveyayinevi.com.tr\/index.php\/wp-json\/wp\/v2\/media?parent=755629"}],"wp:term":[{"taxonomy":"product_brand","embeddable":true,"href":"https:\/\/roveyayinevi.com.tr\/index.php\/wp-json\/wp\/v2\/product_brand?post=755629"},{"taxonomy":"product_cat","embeddable":true,"href":"https:\/\/roveyayinevi.com.tr\/index.php\/wp-json\/wp\/v2\/product_cat?post=755629"},{"taxonomy":"product_tag","embeddable":true,"href":"https:\/\/roveyayinevi.com.tr\/index.php\/wp-json\/wp\/v2\/product_tag?post=755629"}],"curies":[{"name":"wp","href":"https:\/\/api.w.org\/{rel}","templated":true}]}}