{"id":755626,"date":"2025-08-28T06:44:35","date_gmt":"2025-08-28T03:44:35","guid":{"rendered":"https:\/\/roveyayinevi.com.tr\/index.php\/urun\/oketa\/"},"modified":"2026-04-16T03:08:49","modified_gmt":"2026-04-16T00:08:49","slug":"oketa","status":"publish","type":"product","link":"https:\/\/roveyayinevi.com.tr\/index.php\/urun\/oketa\/","title":{"rendered":"Oketa"},"content":{"rendered":"<p>\u201cDr. Oketa, yar\u0131n sabah gidiyorsunuz.\u201d \u201cEvet, 492 \u0131\u015f\u0131k y\u0131l\u0131 uzakl\u0131ktaki bir gezegene, kozmostaki yuvam\u0131za d\u00f6n\u00fcyoruz.\u201d \u201cBeraberinde kimsesiz 44 \u00e7ocu\u011fu da g\u00f6t\u00fcr\u00fcyorsun; D\u00fcnya do\u011fumlu \u00e7ocuklar\u0131. Gizli d\u00fc\u015fman dedi\u011fin onlar\u0131n genlerinde sakl\u0131, sanma ki asl\u0131n\u0131 unuturlar; l\u00fcks\u00fc, paray\u0131, \u015f\u00f6hreti sevmeyi genlerinde ta\u015f\u0131yorlar. Onlar bur\u00e7lar\u0131n \u00e7ocuklar\u0131.\u201d \u201cHay\u0131r, onlar \u015fimdiden kendilerine \u2018Oketa \u00c7ocuklar\u0131\u2019 diyorlar. Evlerine d\u00f6nd\u00fcklerini, kozmik b\u00fct\u00fcnl\u00fc\u011f\u00fcn bir par\u00e7as\u0131 olduklar\u0131n\u0131 anlamaya ba\u015flad\u0131lar. E\u011fitimin amac\u0131 da bu de\u011fil mi? Biz onlar\u0131 erdeme, do\u011faya ve onura sayg\u0131y\u0131 \u00f6\u011freterek b\u00fcy\u00fctece\u011fiz. \u2018Misyonumuz, insan soyunun bekas\u0131 i\u00e7in kozmosun derinliklerinde insan h\u0131rslar\u0131n\u0131n erdemi ele ge\u00e7iremeyece\u011fi bir insan rezervi olu\u015fturmak.\u2019 \u0130\u00e7erdeki ve d\u0131\u015fardaki d\u00fc\u015fmanlar\u0131m\u0131z\u0131 \u00f6ld\u00fcrmeyi iyi \u00f6\u011frendik, sizden korkmuyoruz. \u201cBizim bilgi birikimimiz sizde yok. Y\u0131llard\u0131r buna u\u011fra\u015f\u0131yoruz. Neden oraya biz gitmeyelim ki?\u201d E\u011fer siz gitseydiniz, haftas\u0131na kalmadan t\u00fcm gezegeni dominyonunuz sayar, alt\u0131n i\u00e7in topra\u011f\u0131n\u0131 siyan\u00fcrle zehirler, \u00fc\u00e7 be\u015f elmas u\u011fruna kara renginden dolay\u0131 kaderi de kara dedi\u011finiz insanlara yapt\u0131klar\u0131n\u0131z\u0131 ba\u015fkalar\u0131na da yapard\u0131n\u0131z. Petrol\u00fc bu d\u00fcnyaya bela ettiniz. End\u00fcstriyel kirlilikle D\u00fcnyay\u0131 kirletmekte, okyanuslar\u0131 bile \u00e7\u00f6pl\u00fc\u011fe \u00e7evirmekte \u00fcst\u00fcn\u00fcze yok. Ekolojik dengeyi bozman\u0131z \u00e7ok s\u00fcrmezdi&#8230; \u00d6l\u00fcmc\u00fcl silahlar\u0131, sava\u015flar\u0131, do\u011fan\u0131n can d\u00fc\u015fman\u0131 kimyasallar\u0131, GDO\u2019lu \u00fcr\u00fcnleri daha saymad\u0131m. Bu g\u00fcne kadar yapt\u0131\u011f\u0131n\u0131z s\u00f6m\u00fcr\u00fcleri, insanlara verdi\u011finiz zararlar\u0131, yok etti\u011finiz hayatlar\u0131 d\u00fc\u015f\u00fcn\u00fcn. Ne pahas\u0131na olursa olsun size ge\u00e7it vermeyece\u011fiz. Yeni bir d\u00fcnya kurulur, \u015f\u00f6valye ruhlu idealist insanlar yerini al\u0131r. \u201d <\/p>\n","protected":false},"excerpt":{"rendered":"<p>\u201cDr. Oketa, yar\u0131n sabah gidiyorsunuz.\u201d \u201cEvet, 492 \u0131\u015f\u0131k y\u0131l\u0131 uzakl\u0131ktaki bir gezegene, kozmostaki yuvam\u0131za d\u00f6n\u00fcyoruz.\u201d \u201cBeraberinde kimsesiz 44 \u00e7ocu\u011fu da g\u00f6t\u00fcr\u00fcyorsun; D\u00fcnya do\u011fumlu \u00e7ocuklar\u0131. Gizli d\u00fc\u015fman<span class=\"excerpt-hellip\"> [\u2026]<\/span><\/p>\n","protected":false},"featured_media":0,"template":"","meta":{"_monsterinsights_skip_tracking":false,"_monsterinsights_sitenote_active":false,"_monsterinsights_sitenote_note":"","_monsterinsights_sitenote_category":0},"product_brand":[],"product_cat":[12540,12291],"product_tag":[],"class_list":{"0":"post-755626","1":"product","2":"type-product","3":"status-publish","5":"product_cat-bilim-kurgu","6":"product_cat-edebiyat","7":"pa_cilt-ciltsiz","8":"pa_tur-kitap","9":"pa_yayinevi-servet-yayinevi","10":"pa_yazar-m-ali-targac","12":"first","13":"instock","14":"sale","15":"shipping-taxable","16":"purchasable","17":"product-type-simple"},"_links":{"self":[{"href":"https:\/\/roveyayinevi.com.tr\/index.php\/wp-json\/wp\/v2\/product\/755626","targetHints":{"allow":["GET"]}}],"collection":[{"href":"https:\/\/roveyayinevi.com.tr\/index.php\/wp-json\/wp\/v2\/product"}],"about":[{"href":"https:\/\/roveyayinevi.com.tr\/index.php\/wp-json\/wp\/v2\/types\/product"}],"wp:attachment":[{"href":"https:\/\/roveyayinevi.com.tr\/index.php\/wp-json\/wp\/v2\/media?parent=755626"}],"wp:term":[{"taxonomy":"product_brand","embeddable":true,"href":"https:\/\/roveyayinevi.com.tr\/index.php\/wp-json\/wp\/v2\/product_brand?post=755626"},{"taxonomy":"product_cat","embeddable":true,"href":"https:\/\/roveyayinevi.com.tr\/index.php\/wp-json\/wp\/v2\/product_cat?post=755626"},{"taxonomy":"product_tag","embeddable":true,"href":"https:\/\/roveyayinevi.com.tr\/index.php\/wp-json\/wp\/v2\/product_tag?post=755626"}],"curies":[{"name":"wp","href":"https:\/\/api.w.org\/{rel}","templated":true}]}}