{"id":755625,"date":"2025-08-28T06:44:33","date_gmt":"2025-08-28T03:44:33","guid":{"rendered":"https:\/\/roveyayinevi.com.tr\/index.php\/urun\/gizler-sokagi\/"},"modified":"2026-04-16T03:08:49","modified_gmt":"2026-04-16T00:08:49","slug":"gizler-sokagi","status":"publish","type":"product","link":"https:\/\/roveyayinevi.com.tr\/index.php\/urun\/gizler-sokagi\/","title":{"rendered":"Gizler Soka\u011f\u0131"},"content":{"rendered":"<p>Ge\u00e7mi\u015f ile bug\u00fcn aras\u0131nda fantastik bir yolculu\u011fa \u00e7\u0131kmak, kendini sorgulamak, d\u00fc\u015f\u00fcnmek istiyorsan, kendine \u00f6zg\u00fc anlat\u0131mla yaz\u0131lm\u0131\u015f bir kitaba dokunuyorsun.\u201d <\/p>\n","protected":false},"excerpt":{"rendered":"<p>Ge\u00e7mi\u015f ile bug\u00fcn aras\u0131nda fantastik bir yolculu\u011fa \u00e7\u0131kmak, kendini sorgulamak, d\u00fc\u015f\u00fcnmek istiyorsan, kendine \u00f6zg\u00fc anlat\u0131mla yaz\u0131lm\u0131\u015f bir kitaba dokunuyorsun.\u201d<\/p>\n","protected":false},"featured_media":0,"template":"","meta":{"_monsterinsights_skip_tracking":false,"_monsterinsights_sitenote_active":false,"_monsterinsights_sitenote_note":"","_monsterinsights_sitenote_category":0},"product_brand":[],"product_cat":[12291,14777],"product_tag":[],"class_list":{"0":"post-755625","1":"product","2":"type-product","3":"status-publish","5":"product_cat-edebiyat","6":"product_cat-fantastik","7":"pa_cilt-ciltsiz","8":"pa_tur-kitap","9":"pa_yayinevi-servet-yayinevi","10":"pa_yazar-m-ali-targac","12":"first","13":"instock","14":"sale","15":"shipping-taxable","16":"purchasable","17":"product-type-simple"},"_links":{"self":[{"href":"https:\/\/roveyayinevi.com.tr\/index.php\/wp-json\/wp\/v2\/product\/755625","targetHints":{"allow":["GET"]}}],"collection":[{"href":"https:\/\/roveyayinevi.com.tr\/index.php\/wp-json\/wp\/v2\/product"}],"about":[{"href":"https:\/\/roveyayinevi.com.tr\/index.php\/wp-json\/wp\/v2\/types\/product"}],"wp:attachment":[{"href":"https:\/\/roveyayinevi.com.tr\/index.php\/wp-json\/wp\/v2\/media?parent=755625"}],"wp:term":[{"taxonomy":"product_brand","embeddable":true,"href":"https:\/\/roveyayinevi.com.tr\/index.php\/wp-json\/wp\/v2\/product_brand?post=755625"},{"taxonomy":"product_cat","embeddable":true,"href":"https:\/\/roveyayinevi.com.tr\/index.php\/wp-json\/wp\/v2\/product_cat?post=755625"},{"taxonomy":"product_tag","embeddable":true,"href":"https:\/\/roveyayinevi.com.tr\/index.php\/wp-json\/wp\/v2\/product_tag?post=755625"}],"curies":[{"name":"wp","href":"https:\/\/api.w.org\/{rel}","templated":true}]}}