{"id":755624,"date":"2025-08-28T06:44:31","date_gmt":"2025-08-28T03:44:31","guid":{"rendered":"https:\/\/roveyayinevi.com.tr\/index.php\/urun\/genesis-baslangic\/"},"modified":"2026-04-16T03:08:49","modified_gmt":"2026-04-16T00:08:49","slug":"genesis-baslangic","status":"publish","type":"product","link":"https:\/\/roveyayinevi.com.tr\/index.php\/urun\/genesis-baslangic\/","title":{"rendered":"Genesis &#8211; Ba\u015flang\u0131\u00e7"},"content":{"rendered":"<p>Metafizik ve bilimin harmanland\u0131\u011f\u0131, kitlesel manip\u00fclasyonun t\u00fcm ac\u0131mas\u0131zl\u0131\u011f\u0131 ile g\u00f6zler \u00f6n\u00fcne serildi\u011fi bir macera ba\u015flamak \u00fczere. Malatya&#8217;n\u0131n bir k\u00f6y\u00fcnden \u0130stanbul \u00dcniversitesi Fen Fak\u00fcltesi&#8217;nin tozlu koridorlar\u0131na uzanan hayallerin, kirli bilimi kullanarak topluluklar\u0131 y\u00f6nlendiren g\u00fc\u00e7lere kar\u015f\u0131 k\u00fcresel \u00e7apta bir m\u00fccadeleye d\u00f6n\u00fc\u015f\u00fcm\u00fcne tan\u0131kl\u0131k edin&#8230; <\/p>\n","protected":false},"excerpt":{"rendered":"<p>Metafizik ve bilimin harmanland\u0131\u011f\u0131, kitlesel manip\u00fclasyonun t\u00fcm ac\u0131mas\u0131zl\u0131\u011f\u0131 ile g\u00f6zler \u00f6n\u00fcne serildi\u011fi bir macera ba\u015flamak \u00fczere. Malatya&#8217;n\u0131n bir k\u00f6y\u00fcnden \u0130stanbul \u00dcniversitesi Fen Fak\u00fcltesi&#8217;nin tozlu koridorlar\u0131na uzanan<span class=\"excerpt-hellip\"> [\u2026]<\/span><\/p>\n","protected":false},"featured_media":0,"template":"","meta":{"_monsterinsights_skip_tracking":false,"_monsterinsights_sitenote_active":false,"_monsterinsights_sitenote_note":"","_monsterinsights_sitenote_category":0},"product_brand":[],"product_cat":[12540,12291],"product_tag":[],"class_list":{"0":"post-755624","1":"product","2":"type-product","3":"status-publish","5":"product_cat-bilim-kurgu","6":"product_cat-edebiyat","7":"pa_cilt-ciltsiz","8":"pa_tur-kitap","9":"pa_yayinevi-servet-yayinevi","10":"pa_yazar-ugur-ismailogullari","12":"first","13":"instock","14":"sale","15":"shipping-taxable","16":"purchasable","17":"product-type-simple"},"_links":{"self":[{"href":"https:\/\/roveyayinevi.com.tr\/index.php\/wp-json\/wp\/v2\/product\/755624","targetHints":{"allow":["GET"]}}],"collection":[{"href":"https:\/\/roveyayinevi.com.tr\/index.php\/wp-json\/wp\/v2\/product"}],"about":[{"href":"https:\/\/roveyayinevi.com.tr\/index.php\/wp-json\/wp\/v2\/types\/product"}],"wp:attachment":[{"href":"https:\/\/roveyayinevi.com.tr\/index.php\/wp-json\/wp\/v2\/media?parent=755624"}],"wp:term":[{"taxonomy":"product_brand","embeddable":true,"href":"https:\/\/roveyayinevi.com.tr\/index.php\/wp-json\/wp\/v2\/product_brand?post=755624"},{"taxonomy":"product_cat","embeddable":true,"href":"https:\/\/roveyayinevi.com.tr\/index.php\/wp-json\/wp\/v2\/product_cat?post=755624"},{"taxonomy":"product_tag","embeddable":true,"href":"https:\/\/roveyayinevi.com.tr\/index.php\/wp-json\/wp\/v2\/product_tag?post=755624"}],"curies":[{"name":"wp","href":"https:\/\/api.w.org\/{rel}","templated":true}]}}