{"id":755623,"date":"2025-08-28T06:44:30","date_gmt":"2025-08-28T03:44:30","guid":{"rendered":"https:\/\/roveyayinevi.com.tr\/index.php\/urun\/ecenin-uzay-macerasi\/"},"modified":"2026-04-16T03:08:49","modified_gmt":"2026-04-16T00:08:49","slug":"ecenin-uzay-macerasi","status":"publish","type":"product","link":"https:\/\/roveyayinevi.com.tr\/index.php\/urun\/ecenin-uzay-macerasi\/","title":{"rendered":"Ece&#8217;nin Uzay Maceras\u0131"},"content":{"rendered":"<p>K\u0131rtasiyeden al\u0131nan, s\u0131radan, pembe bir sa\u00e7 tokas\u0131 seni nas\u0131l bir maceraya ta\u015f\u0131r? Bu soruyu ancak sizin ya\u015flar\u0131n\u0131zda bir arkada\u015f\u0131n\u0131z\u0131n kurgulad\u0131\u011f\u0131 macera dolu bu kitab\u0131 okuyarak \u00f6\u011frenebilirsiniz. <\/p>\n","protected":false},"excerpt":{"rendered":"<p>K\u0131rtasiyeden al\u0131nan, s\u0131radan, pembe bir sa\u00e7 tokas\u0131 seni nas\u0131l bir maceraya ta\u015f\u0131r? Bu soruyu ancak sizin ya\u015flar\u0131n\u0131zda bir arkada\u015f\u0131n\u0131z\u0131n kurgulad\u0131\u011f\u0131 macera dolu bu kitab\u0131 okuyarak \u00f6\u011frenebilirsiniz.<\/p>\n","protected":false},"featured_media":0,"template":"","meta":{"_monsterinsights_skip_tracking":false,"_monsterinsights_sitenote_active":false,"_monsterinsights_sitenote_note":"","_monsterinsights_sitenote_category":0},"product_brand":[],"product_cat":[12274],"product_tag":[],"class_list":{"0":"post-755623","1":"product","2":"type-product","3":"status-publish","5":"product_cat-cocuk-ve-genclik-kitaplari","6":"pa_cilt-ciltsiz","7":"pa_tur-kitap","8":"pa_yayinevi-servet-yayinevi","9":"pa_yazar-ela-dogan","11":"first","12":"instock","13":"sale","14":"shipping-taxable","15":"purchasable","16":"product-type-simple"},"_links":{"self":[{"href":"https:\/\/roveyayinevi.com.tr\/index.php\/wp-json\/wp\/v2\/product\/755623","targetHints":{"allow":["GET"]}}],"collection":[{"href":"https:\/\/roveyayinevi.com.tr\/index.php\/wp-json\/wp\/v2\/product"}],"about":[{"href":"https:\/\/roveyayinevi.com.tr\/index.php\/wp-json\/wp\/v2\/types\/product"}],"wp:attachment":[{"href":"https:\/\/roveyayinevi.com.tr\/index.php\/wp-json\/wp\/v2\/media?parent=755623"}],"wp:term":[{"taxonomy":"product_brand","embeddable":true,"href":"https:\/\/roveyayinevi.com.tr\/index.php\/wp-json\/wp\/v2\/product_brand?post=755623"},{"taxonomy":"product_cat","embeddable":true,"href":"https:\/\/roveyayinevi.com.tr\/index.php\/wp-json\/wp\/v2\/product_cat?post=755623"},{"taxonomy":"product_tag","embeddable":true,"href":"https:\/\/roveyayinevi.com.tr\/index.php\/wp-json\/wp\/v2\/product_tag?post=755623"}],"curies":[{"name":"wp","href":"https:\/\/api.w.org\/{rel}","templated":true}]}}