{"id":755621,"date":"2025-08-28T06:44:27","date_gmt":"2025-08-28T03:44:27","guid":{"rendered":"https:\/\/roveyayinevi.com.tr\/index.php\/urun\/ataturkun-tanrisi\/"},"modified":"2026-04-16T03:08:49","modified_gmt":"2026-04-16T00:08:49","slug":"ataturkun-tanrisi","status":"publish","type":"product","link":"https:\/\/roveyayinevi.com.tr\/index.php\/urun\/ataturkun-tanrisi\/","title":{"rendered":"Atat\u00fcrk\u2019\u00fcn Tanr\u0131s\u0131"},"content":{"rendered":"<p>\u201cTengri teg Tengri&#8230;\u201d \u201cT\u00fcrkl\u00fck, M\u00fcsl\u00fcmanl\u0131\u011f\u0131n \u00f6nc\u00fcs\u00fc ve k\u0131lavuzudur!\u201d &#8211; Atat\u00fcrk 100. y\u0131l\u0131n\u0131 kutlad\u0131\u011f\u0131m\u0131z Cumhuriyet tarihinde ilk kez bu kitapta&#8230; \u2022 Atat\u00fcrk, 1935 y\u0131l\u0131ndaki kendi elyaz\u0131lar\u0131nda, \u201cTanr\u0131 demek, Allah demek de\u011fildir!\u201d diyerek T\u00fcrk bilgeli\u011finin uluhiyet alan\u0131ndaki hangi s\u0131rr\u0131na at\u0131f yapm\u0131\u015ft\u0131? \u2022 Hallac-\u0131 Mansur, Hace Ahmet Yesevi ve Dede Korkut Destan\u0131\u2019nda yer alan Tanr\u0131 ve Allah kavramlar\u0131 aras\u0131ndaki ince ayr\u0131m\u0131 Atat\u00fcrk nereden biliyordu? \u2022 Atat\u00fcrk, \u201cT\u00fcrk\u2019\u00fcn dini tabiatt\u0131r!\u201d s\u00f6z\u00fc ile marifet ehlinin hangi s\u0131rr\u0131na at\u0131f yapm\u0131\u015ft\u0131? \u2022 T\u00fcrk Kamlar\u0131n\u0131n A\u011f bilgeli\u011fi, \u0130slam\u2019\u0131n marifet ehlinin Devridaim ya da Devir Nazariyesi, \u0130slam filozoflar\u0131n\u0131n ise Sudur Teorisi ismini verdi\u011fi yarat\u0131l\u0131\u015f\u0131n en b\u00fcy\u00fck s\u0131rr\u0131n\u0131 a\u00e7\u0131klayan bilgi nedir?       \u2022 Atat\u00fcrk\u2019e g\u00f6re T\u00fcrk Tarih Tezi\u2019nin, dine ait sacaya\u011f\u0131n\u0131 olu\u015fturan ve Atat\u00fcrk taraf\u0131ndan 1928\u2019den 1937 y\u0131l\u0131na kadar i\u00e7eri\u011fi s\u00fcrekli daha da geli\u015ftirilerek savunulan \u201cT\u00fcrk\u2019\u00fcn Milli Dini\u201d tezine g\u00f6re: \u2022 T\u00fcrklere peygamber gelmi\u015f midir? O\u011fuz Ka\u011fan, Ata m\u0131 peygamber mi? \u2022 Atalar k\u00fclt\u00fcn\u00fcn hakikati nedir? \u2022 T\u00fcrklerin, \u0130slam\u2019dan \u00f6nceki vahdet inan\u0131\u015f\u0131n\u0131n k\u00f6kleri nereye dayanmaktad\u0131r? <\/p>\n","protected":false},"excerpt":{"rendered":"<p>\u201cTengri teg Tengri&#8230;\u201d \u201cT\u00fcrkl\u00fck, M\u00fcsl\u00fcmanl\u0131\u011f\u0131n \u00f6nc\u00fcs\u00fc ve k\u0131lavuzudur!\u201d &#8211; Atat\u00fcrk 100. y\u0131l\u0131n\u0131 kutlad\u0131\u011f\u0131m\u0131z Cumhuriyet tarihinde ilk kez bu kitapta&#8230; \u2022 Atat\u00fcrk, 1935 y\u0131l\u0131ndaki kendi elyaz\u0131lar\u0131nda, \u201cTanr\u0131<span class=\"excerpt-hellip\"> [\u2026]<\/span><\/p>\n","protected":false},"featured_media":0,"template":"","meta":{"_monsterinsights_skip_tracking":false,"_monsterinsights_sitenote_active":false,"_monsterinsights_sitenote_note":"","_monsterinsights_sitenote_category":0},"product_brand":[],"product_cat":[12370,12304],"product_tag":[],"class_list":{"0":"post-755621","1":"product","2":"type-product","3":"status-publish","5":"product_cat-arastirma-inceleme","6":"product_cat-tarih","7":"pa_cilt-ciltsiz","8":"pa_tur-kitap","9":"pa_yayinevi-destek-yayinlari","10":"pa_yazar-baran-aydin","12":"first","13":"instock","14":"sale","15":"shipping-taxable","16":"purchasable","17":"product-type-simple"},"_links":{"self":[{"href":"https:\/\/roveyayinevi.com.tr\/index.php\/wp-json\/wp\/v2\/product\/755621","targetHints":{"allow":["GET"]}}],"collection":[{"href":"https:\/\/roveyayinevi.com.tr\/index.php\/wp-json\/wp\/v2\/product"}],"about":[{"href":"https:\/\/roveyayinevi.com.tr\/index.php\/wp-json\/wp\/v2\/types\/product"}],"wp:attachment":[{"href":"https:\/\/roveyayinevi.com.tr\/index.php\/wp-json\/wp\/v2\/media?parent=755621"}],"wp:term":[{"taxonomy":"product_brand","embeddable":true,"href":"https:\/\/roveyayinevi.com.tr\/index.php\/wp-json\/wp\/v2\/product_brand?post=755621"},{"taxonomy":"product_cat","embeddable":true,"href":"https:\/\/roveyayinevi.com.tr\/index.php\/wp-json\/wp\/v2\/product_cat?post=755621"},{"taxonomy":"product_tag","embeddable":true,"href":"https:\/\/roveyayinevi.com.tr\/index.php\/wp-json\/wp\/v2\/product_tag?post=755621"}],"curies":[{"name":"wp","href":"https:\/\/api.w.org\/{rel}","templated":true}]}}