{"id":755620,"date":"2025-08-28T06:44:26","date_gmt":"2025-08-28T03:44:26","guid":{"rendered":"https:\/\/roveyayinevi.com.tr\/index.php\/urun\/istihbarat-sirlari\/"},"modified":"2026-04-16T03:08:49","modified_gmt":"2026-04-16T00:08:49","slug":"istihbarat-sirlari","status":"publish","type":"product","link":"https:\/\/roveyayinevi.com.tr\/index.php\/urun\/istihbarat-sirlari\/","title":{"rendered":"\u0130stihbarat S\u0131rlar\u0131"},"content":{"rendered":"<p>\u0130ST\u0130HBARAT ENTELEKT\u00dcEL B\u0130R FAAL\u0130YETT\u0130R. \u0130stihbarat, zek\u00e2 ve tecr\u00fcbenin birlikte harmanland\u0131\u011f\u0131 entelekt\u00fcel bir faaliyettir. T\u00fcm d\u00fcnyada oldu\u011fu gibi T\u00fcrkiye\u2019de de istihbarat kavram\u0131 komplo teorileri, derin devlet s\u00f6ylemleri, \u00f6rt\u00fcl\u00fc operasyonlar veya insan haklar\u0131na ayk\u0131r\u0131 fiiller kapsam\u0131nda korkulan ve \u00e7ekinilen bir kavram olarak g\u00f6r\u00fcl\u00fcr. Halbuki istihbari faaliyetler, nitelikli, e\u011fitimli ve entelekt\u00fcel personellerin icra etti\u011fi son derece profesyonel bir aland\u0131r. Bu profesyonel alan, bir devletin i\u00e7eride ve d\u0131\u015far\u0131da kendisine, \u00fclkesine ve vatanda\u015flar\u0131na y\u00f6nelik tehdit ve riskleri zaman\u0131nda analiz edebilmesi ve kar\u015f\u0131 tedbirler geli\u015ftirmesi \u00e7er\u00e7evesinde hayati \u00f6neme sahiptir. Bu ba\u011flamda elinizde tuttu\u011funuz kitab\u0131m\u0131zda, T\u00fcrkiye\u2019nin yak\u0131n tarihi ile ilgili \u00f6nemli istihbari olay ve meseleler, belirli bir analitik bak\u0131\u015f a\u00e7\u0131s\u0131yla ele al\u0131nmakta, siz okuyucular\u0131n ilgi ve tart\u0131\u015fmas\u0131na sunulmaktad\u0131r. Uzun y\u0131llar Milli \u0130stihbarat Te\u015fkilat\u0131\u2019nda g\u00f6rev yapan Do\u00e7. Dr. Ali Burak Dar\u0131c\u0131l\u0131\u2019n\u0131n kaleme ald\u0131\u011f\u0131 bu kitap, istihbarat \u00f6rg\u00fctlerinin nas\u0131l \u00e7al\u0131\u015ft\u0131\u011f\u0131n\u0131 ve s\u0131rlar\u0131n\u0131 ortaya \u00e7\u0131kar\u0131yor. <\/p>\n","protected":false},"excerpt":{"rendered":"<p>\u0130ST\u0130HBARAT ENTELEKT\u00dcEL B\u0130R FAAL\u0130YETT\u0130R. \u0130stihbarat, zek\u00e2 ve tecr\u00fcbenin birlikte harmanland\u0131\u011f\u0131 entelekt\u00fcel bir faaliyettir. T\u00fcm d\u00fcnyada oldu\u011fu gibi T\u00fcrkiye\u2019de de istihbarat kavram\u0131 komplo teorileri, derin devlet s\u00f6ylemleri,<span class=\"excerpt-hellip\"> [\u2026]<\/span><\/p>\n","protected":false},"featured_media":0,"template":"","meta":{"_monsterinsights_skip_tracking":false,"_monsterinsights_sitenote_active":false,"_monsterinsights_sitenote_note":"","_monsterinsights_sitenote_category":0},"product_brand":[],"product_cat":[13590,12337],"product_tag":[],"class_list":{"0":"post-755620","1":"product","2":"type-product","3":"status-publish","5":"product_cat-arastirma-inceleme-politika-siyaset","6":"product_cat-politika-siyaset","7":"pa_cilt-ciltsiz","8":"pa_tur-kitap","9":"pa_yayinevi-destek-yayinlari","10":"pa_yazar-ali-burak-daricili","12":"first","13":"instock","14":"sale","15":"shipping-taxable","16":"purchasable","17":"product-type-simple"},"_links":{"self":[{"href":"https:\/\/roveyayinevi.com.tr\/index.php\/wp-json\/wp\/v2\/product\/755620","targetHints":{"allow":["GET"]}}],"collection":[{"href":"https:\/\/roveyayinevi.com.tr\/index.php\/wp-json\/wp\/v2\/product"}],"about":[{"href":"https:\/\/roveyayinevi.com.tr\/index.php\/wp-json\/wp\/v2\/types\/product"}],"wp:attachment":[{"href":"https:\/\/roveyayinevi.com.tr\/index.php\/wp-json\/wp\/v2\/media?parent=755620"}],"wp:term":[{"taxonomy":"product_brand","embeddable":true,"href":"https:\/\/roveyayinevi.com.tr\/index.php\/wp-json\/wp\/v2\/product_brand?post=755620"},{"taxonomy":"product_cat","embeddable":true,"href":"https:\/\/roveyayinevi.com.tr\/index.php\/wp-json\/wp\/v2\/product_cat?post=755620"},{"taxonomy":"product_tag","embeddable":true,"href":"https:\/\/roveyayinevi.com.tr\/index.php\/wp-json\/wp\/v2\/product_tag?post=755620"}],"curies":[{"name":"wp","href":"https:\/\/api.w.org\/{rel}","templated":true}]}}