{"id":755619,"date":"2025-08-28T06:44:24","date_gmt":"2025-08-28T03:44:24","guid":{"rendered":"https:\/\/roveyayinevi.com.tr\/index.php\/urun\/baska-bir-gun\/"},"modified":"2026-04-08T03:16:26","modified_gmt":"2026-04-08T00:16:26","slug":"baska-bir-gun","status":"publish","type":"product","link":"https:\/\/roveyayinevi.com.tr\/index.php\/urun\/baska-bir-gun\/","title":{"rendered":"Ba\u015fka Bir G\u00fcn"},"content":{"rendered":"<p>A\u015fkla ba\u015fl\u0131yordu hayat. Sanc\u0131l\u0131 s\u00fcre\u00e7lerden ge\u00e7ip, sab\u0131rla yo\u011fruluyordu ya\u015fam.  Bir bahar \u00e7i\u00e7e\u011finin a\u00e7mas\u0131, bir bebe\u011fin do\u011fmas\u0131, bir meyvenin olgunla\u015fmas\u0131, tuvalde bulu\u015fan renklerin resme d\u00f6n\u00fc\u015fmesi, kelimelerin s\u0131ralan\u0131p \u015fiire,nesire, notalar\u0131n art arda gelip bir besteye ruh katmas\u0131\u2026 Her biri birbirinden ayr\u0131 heyecanla olu\u015fuyordu. Emek emek, ter ter\u2026 \u00d6zlemler a\u011f\u0131r bas\u0131yordu an gelince ve yer yer sitemler, serzeni\u015fler. Gitmeler de vard\u0131 hayat\u0131n i\u00e7inde, s\u00fcrpriz geli\u015fler de. Bazen kahve kokusunda u\u00e7u\u015fuyordu sohbetler bazen yeni demlenmi\u015f \u00e7ay\u0131n fokurtusunda bulu\u015fuyordu g\u00fclen g\u00f6zler. Ac\u0131y\u0131 da tatt\u0131r\u0131yordu beklenmedik anda, sevinci de ya\u015fat\u0131yordu hayat belki de vaz ge\u00e7ti\u011fin zamanda. Her ay\u0131n her mevsimin kendine \u00f6zg\u00fc duygusu oluyordu ve her ya\u015f\u0131n kendine g\u00f6re g\u00fczelli\u011fi. \u201cKe\u015fke\u201d ile ba\u015flayacaksan c\u00fcmleye bo\u015f ver hi\u00e7 s\u00f6yleme. \u201c\u0130yi ki\u201d ler varsa elinde ne mutlu onlar yeter i\u015fte. Bir tutam \u015fiir, biraz da nesir sunuyor bu kitap sana. Hayat\u0131n i\u00e7inden tam da hissetti\u011fin duygularla\u2026 \u0130ki yar\u0131m her zaman bir tam etmese de, \u201cB\u2019a\u015fka Bir G\u00fcn\u201d e merhaba. A\u015fkla, heyecanla, umutla\u2026 <\/p>\n","protected":false},"excerpt":{"rendered":"<p>A\u015fkla ba\u015fl\u0131yordu hayat. Sanc\u0131l\u0131 s\u00fcre\u00e7lerden ge\u00e7ip, sab\u0131rla yo\u011fruluyordu ya\u015fam. Bir bahar \u00e7i\u00e7e\u011finin a\u00e7mas\u0131, bir bebe\u011fin do\u011fmas\u0131, bir meyvenin olgunla\u015fmas\u0131, tuvalde bulu\u015fan renklerin resme d\u00f6n\u00fc\u015fmesi, kelimelerin s\u0131ralan\u0131p<span class=\"excerpt-hellip\"> [\u2026]<\/span><\/p>\n","protected":false},"featured_media":0,"template":"","meta":{"_monsterinsights_skip_tracking":false,"_monsterinsights_sitenote_active":false,"_monsterinsights_sitenote_note":"","_monsterinsights_sitenote_category":0},"product_brand":[],"product_cat":[12291,12509],"product_tag":[],"class_list":{"0":"post-755619","1":"product","2":"type-product","3":"status-publish","5":"product_cat-edebiyat","6":"product_cat-siir","7":"pa_cilt-ciltsiz","8":"pa_tur-kitap","9":"pa_yayinevi-semenderkitap-yayinlari","10":"pa_yazar-olgu-taskin-cankaya","12":"first","13":"instock","14":"sale","15":"shipping-taxable","16":"purchasable","17":"product-type-simple"},"_links":{"self":[{"href":"https:\/\/roveyayinevi.com.tr\/index.php\/wp-json\/wp\/v2\/product\/755619","targetHints":{"allow":["GET"]}}],"collection":[{"href":"https:\/\/roveyayinevi.com.tr\/index.php\/wp-json\/wp\/v2\/product"}],"about":[{"href":"https:\/\/roveyayinevi.com.tr\/index.php\/wp-json\/wp\/v2\/types\/product"}],"wp:attachment":[{"href":"https:\/\/roveyayinevi.com.tr\/index.php\/wp-json\/wp\/v2\/media?parent=755619"}],"wp:term":[{"taxonomy":"product_brand","embeddable":true,"href":"https:\/\/roveyayinevi.com.tr\/index.php\/wp-json\/wp\/v2\/product_brand?post=755619"},{"taxonomy":"product_cat","embeddable":true,"href":"https:\/\/roveyayinevi.com.tr\/index.php\/wp-json\/wp\/v2\/product_cat?post=755619"},{"taxonomy":"product_tag","embeddable":true,"href":"https:\/\/roveyayinevi.com.tr\/index.php\/wp-json\/wp\/v2\/product_tag?post=755619"}],"curies":[{"name":"wp","href":"https:\/\/api.w.org\/{rel}","templated":true}]}}