{"id":755618,"date":"2025-08-28T06:44:23","date_gmt":"2025-08-28T03:44:23","guid":{"rendered":"https:\/\/roveyayinevi.com.tr\/index.php\/urun\/kutsali-yeniden-kesfetmek\/"},"modified":"2026-04-16T03:08:49","modified_gmt":"2026-04-16T00:08:49","slug":"kutsali-yeniden-kesfetmek","status":"publish","type":"product","link":"https:\/\/roveyayinevi.com.tr\/index.php\/urun\/kutsali-yeniden-kesfetmek\/","title":{"rendered":"Kutsal\u0131 Yeniden Ke\u015ffetmek"},"content":{"rendered":"<p>Cans\u0131z madde nas\u0131l olur da kendili\u011finden canl\u0131l\u0131\u011fa yol a\u00e7ar? Zihin dedi\u011fimiz \u015fey nerden \u00e7\u0131kt\u0131? Peki ya ahl\u00e2k? B\u00fct\u00fcn bunlar tanr\u0131sal bir m\u00fcdahale olmadan \u00e7\u0131kar m\u0131? Bilim bu soruya evet olarak cevap verdi\u011fi i\u00e7in kutsall\u0131\u011f\u0131 kald\u0131rmakla su\u00e7lan\u0131yor. Oysa 3,8 milyar y\u0131ll\u0131k evrimden sonra canl\u0131 bir h\u00fccrenin \u00f6r\u00fclm\u00fc\u015f t\u00fcmle\u015fik karma\u015f\u0131kl\u0131\u011f\u0131n\u0131 d\u00fc\u015f\u00fcn\u00fcn: H\u00fccrenin bir \u00e7\u0131rp\u0131da bi\u00e7imlendirildi\u011fini varsaymak m\u0131, yoksa canl\u0131 organizman\u0131n geli\u015fen biyosfer taraf\u0131ndan yarat\u0131ld\u0131\u011f\u0131 ger\u00e7e\u011fini kabul etmek mi daha harikad\u0131r? \u00d6ndegelen karma\u015f\u0131kl\u0131k kuramc\u0131s\u0131 Stuart Kauffman, ortaya \u00e7\u0131kmakta olan bilimsel temelli bir d\u00fcnya g\u00f6r\u00fc\u015f\u00fcne dayanan yeni bir do\u011fal tanr\u0131sall\u0131k anlay\u0131\u015f\u0131 \u00f6nermektedir. O so\u011fuk, cans\u0131z bir evrene \u201ctanr\u0131\u201d sokmaya \u00e7al\u0131\u015fmamakta; bunun yerine, kutsal sayd\u0131\u011f\u0131 tanr\u0131sal niteliklerin \u2012yarat\u0131c\u0131l\u0131k, anlam, ama\u00e7l\u0131 eylem\u2013 asl\u0131nda evrenin bilimsel olarak ara\u015ft\u0131r\u0131labilecek \u00f6zellikleri oldu\u011funu savunmaktad\u0131r. Kauffman\u2019\u0131n tanr\u0131sall\u0131k yorumu, okurlar\u0131n fikirlerine bilimsel d\u00fc\u015f\u00fcncenin her d\u00fczeyinde meydan okuyacakt\u0131r.   \u201c[Kauffman\u2019\u0131n] farkl\u0131 bir Tanr\u0131 anlay\u0131\u015f\u0131 i\u00e7in k\u0131\u015fk\u0131rt\u0131c\u0131 sav\u0131 \u00e7ok g\u00fc\u00e7l\u00fc ve ikna edici.\u201d \u2012 Scientific American \u201cStuart Kauffman yeni Spinoza\u2019d\u0131r; Kutsal\u0131 Yeniden Ke\u015ffetmek ise 21. y\u00fczy\u0131l i\u00e7in hem pedagojik bir g\u00fc\u00e7 g\u00f6sterisidir hem de metafizi\u011fi y\u00fcceltmektedir.\u201d \u2012Owen Flanagan \u201cStuart Kauffman ola\u011fan\u00fcst\u00fc bir kitap yazm\u0131\u015f, k\u0131\u015fk\u0131rt\u0131c\u0131 oldu\u011fu kadar iyimser de. Yaln\u0131zca indirgemecilik ele\u015ftirisiyle kalmay\u0131p onun \u00f6tesine ge\u00e7erek, anla\u015f\u0131labilen ve sayg\u0131 duyulabilen, ancak her zaman tahmin edilemeyen, kendi kendini in\u015fa eden ve s\u00fcrekli yarat\u0131c\u0131 bir evren vizyonuna giden yeni bir bilimsel d\u00fcnya g\u00f6r\u00fc\u015f\u00fc \u00f6neriyor. \u201d \u2012 Lee Smolin <\/p>\n","protected":false},"excerpt":{"rendered":"<p>Cans\u0131z madde nas\u0131l olur da kendili\u011finden canl\u0131l\u0131\u011fa yol a\u00e7ar? Zihin dedi\u011fimiz \u015fey nerden \u00e7\u0131kt\u0131? Peki ya ahl\u00e2k? B\u00fct\u00fcn bunlar tanr\u0131sal bir m\u00fcdahale olmadan \u00e7\u0131kar m\u0131? Bilim<span class=\"excerpt-hellip\"> [\u2026]<\/span><\/p>\n","protected":false},"featured_media":0,"template":"","meta":{"_monsterinsights_skip_tracking":false,"_monsterinsights_sitenote_active":false,"_monsterinsights_sitenote_note":"","_monsterinsights_sitenote_category":0},"product_brand":[],"product_cat":[13005],"product_tag":[],"class_list":{"0":"post-755618","1":"product","2":"type-product","3":"status-publish","5":"product_cat-bilim-muhendislik","6":"pa_cilt-ciltsiz","7":"pa_tur-kitap","8":"pa_yayinevi-alfa-yayinlari","9":"pa_yazar-stuart-a-kauffman","11":"first","12":"instock","13":"sale","14":"shipping-taxable","15":"purchasable","16":"product-type-simple"},"_links":{"self":[{"href":"https:\/\/roveyayinevi.com.tr\/index.php\/wp-json\/wp\/v2\/product\/755618","targetHints":{"allow":["GET"]}}],"collection":[{"href":"https:\/\/roveyayinevi.com.tr\/index.php\/wp-json\/wp\/v2\/product"}],"about":[{"href":"https:\/\/roveyayinevi.com.tr\/index.php\/wp-json\/wp\/v2\/types\/product"}],"wp:attachment":[{"href":"https:\/\/roveyayinevi.com.tr\/index.php\/wp-json\/wp\/v2\/media?parent=755618"}],"wp:term":[{"taxonomy":"product_brand","embeddable":true,"href":"https:\/\/roveyayinevi.com.tr\/index.php\/wp-json\/wp\/v2\/product_brand?post=755618"},{"taxonomy":"product_cat","embeddable":true,"href":"https:\/\/roveyayinevi.com.tr\/index.php\/wp-json\/wp\/v2\/product_cat?post=755618"},{"taxonomy":"product_tag","embeddable":true,"href":"https:\/\/roveyayinevi.com.tr\/index.php\/wp-json\/wp\/v2\/product_tag?post=755618"}],"curies":[{"name":"wp","href":"https:\/\/api.w.org\/{rel}","templated":true}]}}