{"id":755612,"date":"2025-08-28T06:44:12","date_gmt":"2025-08-28T03:44:12","guid":{"rendered":"https:\/\/roveyayinevi.com.tr\/index.php\/urun\/evden-kacan-coraplarin-daha-da-sasirtici-maceralari\/"},"modified":"2026-04-16T03:08:49","modified_gmt":"2026-04-16T00:08:49","slug":"evden-kacan-coraplarin-daha-da-sasirtici-maceralari","status":"publish","type":"product","link":"https:\/\/roveyayinevi.com.tr\/index.php\/urun\/evden-kacan-coraplarin-daha-da-sasirtici-maceralari\/","title":{"rendered":"Evden Ka\u00e7an \u00c7oraplar\u0131n Daha Da \u015ea\u015f\u0131rt\u0131c\u0131 Maceralar\u0131"},"content":{"rendered":"<p>\u00c7ama\u015f\u0131r makinesinde kaybolan \u00e7oraplar\u0131n yepyeni maceralar\u0131n\u0131 ke\u015ffetmeye haz\u0131r m\u0131s\u0131n\u0131z?   Evden ka\u00e7an \u00e7oraplar\u0131n \u015fa\u015f\u0131rt\u0131c\u0131 maceralar\u0131 arkada\u015fl\u0131k, sevgi, yard\u0131mseverlik, \u015fefkat ve cesaret \u00fczerine yepyeni hik\u00e2yelerle devam ediyor.   Justyna Bednarek yine s\u0131n\u0131r tan\u0131mayan hayal g\u00fcc\u00fcyle ahududu rengi \u00e7orab\u0131n \u00fc\u00e7 kulakl\u0131 bir pel\u00fc\u015f ay\u0131ya nas\u0131l yard\u0131mc\u0131 oldu\u011funu, \u00fcnl\u00fc bir yazar\u0131n esin perisi olan mavi sa\u011f \u00e7orab\u0131n ilgin\u00e7 hik\u00e2yesini, pembe sol \u00e7orab\u0131n bir k\u00f6pe\u011fi nas\u0131l teselli etti\u011fini ve \u00e7oraplar\u0131n daha pek \u00e7ok maceras\u0131n\u0131 samimiyetle anlat\u0131yor. <\/p>\n","protected":false},"excerpt":{"rendered":"<p>\u00c7ama\u015f\u0131r makinesinde kaybolan \u00e7oraplar\u0131n yepyeni maceralar\u0131n\u0131 ke\u015ffetmeye haz\u0131r m\u0131s\u0131n\u0131z? Evden ka\u00e7an \u00e7oraplar\u0131n \u015fa\u015f\u0131rt\u0131c\u0131 maceralar\u0131 arkada\u015fl\u0131k, sevgi, yard\u0131mseverlik, \u015fefkat ve cesaret \u00fczerine yepyeni hik\u00e2yelerle devam ediyor. Justyna<span class=\"excerpt-hellip\"> [\u2026]<\/span><\/p>\n","protected":false},"featured_media":0,"template":"","meta":{"_monsterinsights_skip_tracking":false,"_monsterinsights_sitenote_active":false,"_monsterinsights_sitenote_note":"","_monsterinsights_sitenote_category":0},"product_brand":[],"product_cat":[12274,12284],"product_tag":[],"class_list":{"0":"post-755612","1":"product","2":"type-product","3":"status-publish","5":"product_cat-cocuk-ve-genclik-kitaplari","6":"product_cat-hikayeler","7":"pa_cilt-ciltsiz","8":"pa_tur-kitap","9":"pa_yayinevi-yapi-kredi-yayinlari","10":"pa_yazar-justyna-bednarek","12":"first","13":"instock","14":"sale","15":"shipping-taxable","16":"purchasable","17":"product-type-simple"},"_links":{"self":[{"href":"https:\/\/roveyayinevi.com.tr\/index.php\/wp-json\/wp\/v2\/product\/755612","targetHints":{"allow":["GET"]}}],"collection":[{"href":"https:\/\/roveyayinevi.com.tr\/index.php\/wp-json\/wp\/v2\/product"}],"about":[{"href":"https:\/\/roveyayinevi.com.tr\/index.php\/wp-json\/wp\/v2\/types\/product"}],"wp:attachment":[{"href":"https:\/\/roveyayinevi.com.tr\/index.php\/wp-json\/wp\/v2\/media?parent=755612"}],"wp:term":[{"taxonomy":"product_brand","embeddable":true,"href":"https:\/\/roveyayinevi.com.tr\/index.php\/wp-json\/wp\/v2\/product_brand?post=755612"},{"taxonomy":"product_cat","embeddable":true,"href":"https:\/\/roveyayinevi.com.tr\/index.php\/wp-json\/wp\/v2\/product_cat?post=755612"},{"taxonomy":"product_tag","embeddable":true,"href":"https:\/\/roveyayinevi.com.tr\/index.php\/wp-json\/wp\/v2\/product_tag?post=755612"}],"curies":[{"name":"wp","href":"https:\/\/api.w.org\/{rel}","templated":true}]}}