{"id":755610,"date":"2025-08-28T06:44:09","date_gmt":"2025-08-28T03:44:09","guid":{"rendered":"https:\/\/roveyayinevi.com.tr\/index.php\/urun\/felsefenin-ilkeleri-2\/"},"modified":"2026-04-16T03:08:49","modified_gmt":"2026-04-16T00:08:49","slug":"felsefenin-ilkeleri-2","status":"publish","type":"product","link":"https:\/\/roveyayinevi.com.tr\/index.php\/urun\/felsefenin-ilkeleri-2\/","title":{"rendered":"Felsefenin \u0130lkeleri"},"content":{"rendered":"<p>Pragmatizmin, sembolik mant\u0131\u011f\u0131n ve g\u00f6stergebilimin kurucusu, Amerikal\u0131 filozof Charles Sanders Peirce\u2019\u00fcn Felsefenin \u0130lkeleri kitab\u0131, filozofun bilim ve felsefe tarihini yaratt\u0131\u011f\u0131 yeni kavramlarla derinlikli ve \u00f6zg\u00fcn yakla\u015f\u0131m\u0131yla ele ald\u0131\u011f\u0131 d\u00f6rt kitaptan olu\u015fuyor: felsefe tarihi, bilim tarihi ve bilimsel felsefe hakk\u0131ndaki g\u00f6r\u00fc\u015flerini i\u00e7eren \u201cGenel Tarihi Y\u00f6nlendirme\u201d; \u201cBilimlerin S\u0131n\u0131fland\u0131r\u0131lmas\u0131\u201d; \u201cFenomenoloji\u201d ve \u201cNormatif Bilimler\u201d. Nazl\u0131 \u0130n\u00f6n\u00fc\u2019n\u00fcn haz\u0131rlad\u0131\u011f\u0131 \u201c\u00c7evirmenin Sunu\u015fu\u201d, metinde ge\u00e7en s\u0131n\u0131fland\u0131rmalar\u0131n \u015femalar\u0131n\u0131 i\u00e7eren \u00f6zel ekler ve \u0130ngilizce-T\u00fcrk\u00e7e ve T\u00fcrk\u00e7e-\u0130ngilizce Peirce terimleri s\u00f6zl\u00fckleriyle, etrafl\u0131 bir Peirce\u2019\u00fcn felsefesine giri\u015f kitab\u0131 bu.   \u201cBir\u00e7ok felsefecinin en b\u00fcy\u00fck Amerikal\u0131 filozof oldu\u011funu d\u00fc\u015f\u00fcnd\u00fc\u011f\u00fc Peirce \u00e7ok geni\u015f bir ilgi alan\u0131na sahiptir. Bu alan felsefenin her \u00e7e\u015fidiyle birlikte bir\u00e7ok bilim disiplinini de kapsar. Bilimdeki bu kapsaml\u0131 \u00e7al\u0131\u015fmas\u0131na ra\u011fmen o, kendini her \u015feyden \u00f6nce bir mant\u0131k\u00e7\u0131 olarak g\u00f6r\u00fcr. Zaman\u0131n\u0131n ders kitaplar\u0131nda h\u00fck\u00fcm s\u00fcren verimsiz skolastik mant\u0131\u011f\u0131 ele\u015ftirerek dikkatini bilimde ve matematikte kullan\u0131lan y\u00f6ntemlere y\u00f6nlendirir. Peirce\u2019\u00fcn bilimsel bak\u0131\u015f a\u00e7\u0131s\u0131 felsefi g\u00f6r\u00fc\u015flerini de \u015fekillendirdi\u011finden pragmatizmi asl\u0131nda bilimde kullan\u0131lan y\u00f6ntemlerin do\u011fal bir sonucudur. Mant\u0131ksal pozitivistler gibi metafizi\u011fi tamamen reddetmek yerine, onu bilimsel k\u0131lmaya \u00e7al\u0131\u015f\u0131r.\u201d <\/p>\n","protected":false},"excerpt":{"rendered":"<p>Pragmatizmin, sembolik mant\u0131\u011f\u0131n ve g\u00f6stergebilimin kurucusu, Amerikal\u0131 filozof Charles Sanders Peirce\u2019\u00fcn Felsefenin \u0130lkeleri kitab\u0131, filozofun bilim ve felsefe tarihini yaratt\u0131\u011f\u0131 yeni kavramlarla derinlikli ve \u00f6zg\u00fcn yakla\u015f\u0131m\u0131yla<span class=\"excerpt-hellip\"> [\u2026]<\/span><\/p>\n","protected":false},"featured_media":0,"template":"","meta":{"_monsterinsights_skip_tracking":false,"_monsterinsights_sitenote_active":false,"_monsterinsights_sitenote_note":"","_monsterinsights_sitenote_category":0},"product_brand":[],"product_cat":[12388],"product_tag":[],"class_list":{"0":"post-755610","1":"product","2":"type-product","3":"status-publish","5":"product_cat-felsefe","6":"pa_cilt-ciltsiz","7":"pa_tur-kitap","8":"pa_yayinevi-yapi-kredi-yayinlari","9":"pa_yazar-charles-sanders-peirce","11":"first","12":"instock","13":"sale","14":"shipping-taxable","15":"purchasable","16":"product-type-simple"},"_links":{"self":[{"href":"https:\/\/roveyayinevi.com.tr\/index.php\/wp-json\/wp\/v2\/product\/755610","targetHints":{"allow":["GET"]}}],"collection":[{"href":"https:\/\/roveyayinevi.com.tr\/index.php\/wp-json\/wp\/v2\/product"}],"about":[{"href":"https:\/\/roveyayinevi.com.tr\/index.php\/wp-json\/wp\/v2\/types\/product"}],"wp:attachment":[{"href":"https:\/\/roveyayinevi.com.tr\/index.php\/wp-json\/wp\/v2\/media?parent=755610"}],"wp:term":[{"taxonomy":"product_brand","embeddable":true,"href":"https:\/\/roveyayinevi.com.tr\/index.php\/wp-json\/wp\/v2\/product_brand?post=755610"},{"taxonomy":"product_cat","embeddable":true,"href":"https:\/\/roveyayinevi.com.tr\/index.php\/wp-json\/wp\/v2\/product_cat?post=755610"},{"taxonomy":"product_tag","embeddable":true,"href":"https:\/\/roveyayinevi.com.tr\/index.php\/wp-json\/wp\/v2\/product_tag?post=755610"}],"curies":[{"name":"wp","href":"https:\/\/api.w.org\/{rel}","templated":true}]}}