{"id":755608,"date":"2025-08-28T06:44:07","date_gmt":"2025-08-28T03:44:07","guid":{"rendered":"https:\/\/roveyayinevi.com.tr\/index.php\/urun\/psikanaliz-defterleri-11-korkular-ve-takintilar\/"},"modified":"2026-04-16T03:08:48","modified_gmt":"2026-04-16T00:08:48","slug":"psikanaliz-defterleri-11-korkular-ve-takintilar","status":"publish","type":"product","link":"https:\/\/roveyayinevi.com.tr\/index.php\/urun\/psikanaliz-defterleri-11-korkular-ve-takintilar\/","title":{"rendered":"Psikanaliz Defterleri 11 : Korkular Ve Tak\u0131nt\u0131lar"},"content":{"rendered":"<p>Korkular ve tak\u0131nt\u0131lar klinikte, \u00e7ocuk ve ergenlerin ba\u015fvuru nedenlerinin ba\u015f\u0131nda gelir. \u015e\u00fcphesiz, bir hayvandan, nesneden veya karanl\u0131ktan korkmayan bir \u00e7ocuk d\u00fc\u015f\u00fcn\u00fclemez. Ama korkular ve \u00e7o\u011fu zaman bu korkular\u0131 denetim alt\u0131nda tutma \u00e7abas\u0131 olan tak\u0131nt\u0131lar ruhsal i\u015fleyi\u015fi etkileyerek ki\u015fiyi zora sokabilir, uyumu bozabilirler. \u0130\u015fte bu say\u0131da gerek ola\u011fan gerekse patolojik korkular\u0131n bilin\u00e7d\u0131\u015f\u0131 dinamiklerini geli\u015fimsel ve klinik a\u00e7\u0131dan ele alan yaz\u0131lar yer al\u0131yor.11. say\u0131 edit\u00f6r\u00fc: Neslihan Zabc\u0131Korkular, Fobiler ve Duyusal Tak\u0131nt\u0131lara DairFunda AkkapuluOla\u011fan Geli\u015fimde Kayg\u0131n\u0131n Ak\u0131beti\u015eeyda Postac\u0131\u00c7ocuk Odas\u0131ndaki Canavarlar: Gece Korkular\u0131\u00d6zen AlemdarErgen ve Korkular\u0131n Kav\u015fa\u011f\u0131ndaki BedeniNergis G\u00fcle\u00e7Seans Odas\u0131nda Korkular\u0131n \u0130ki Ucu: Ergen ve AnalistBianca LechevalierKorkmamak \u0130\u00e7in UnutmakTalat ParmanSigmund Freud\u2019un Yap\u0131t\u0131nda Tak\u0131nt\u0131 NevrozuChristos ZervisObsesif-Kompulsif Nevrozda Manik Narsisistik Hazz\u0131n Ruhsal \u0130\u015fleyi\u015fiMaurice Corcos, Philippe JeammetErgenlik D\u00f6neminde Fobik-Nevrotik ve Tak\u0131nt\u0131l\u0131 Yap\u0131lanman\u0131nMetapsikolojisiGiuseppe Civitarese, Chiara BerriniBion\u2019un Nokta, \u00c7izgi ve Ba\u011f Kavramlar\u0131n\u0131n 6 Ya\u015f\u0131ndaki Bir \u00c7ocu\u011funAnalizinde Kullan\u0131lmas\u0131\u0130shak Say\u011f\u0131l\u0131D\u00f6n\u00fc\u015f<\/p>\n","protected":false},"excerpt":{"rendered":"<p>Korkular ve tak\u0131nt\u0131lar klinikte, \u00e7ocuk ve ergenlerin ba\u015fvuru nedenlerinin ba\u015f\u0131nda gelir. \u015e\u00fcphesiz, bir hayvandan, nesneden veya karanl\u0131ktan korkmayan bir \u00e7ocuk d\u00fc\u015f\u00fcn\u00fclemez. Ama korkular ve \u00e7o\u011fu zaman<span class=\"excerpt-hellip\"> [\u2026]<\/span><\/p>\n","protected":false},"featured_media":0,"template":"","meta":{"_monsterinsights_skip_tracking":false,"_monsterinsights_sitenote_active":false,"_monsterinsights_sitenote_note":"","_monsterinsights_sitenote_category":0},"product_brand":[],"product_cat":[12357],"product_tag":[],"class_list":{"0":"post-755608","1":"product","2":"type-product","3":"status-publish","5":"product_cat-psikoloji","6":"pa_cilt-ciltsiz","7":"pa_tur-kitap","8":"pa_yayinevi-yapi-kredi-yayinlari","9":"pa_yazar-kolektif","11":"first","12":"instock","13":"sale","14":"shipping-taxable","15":"purchasable","16":"product-type-simple"},"_links":{"self":[{"href":"https:\/\/roveyayinevi.com.tr\/index.php\/wp-json\/wp\/v2\/product\/755608","targetHints":{"allow":["GET"]}}],"collection":[{"href":"https:\/\/roveyayinevi.com.tr\/index.php\/wp-json\/wp\/v2\/product"}],"about":[{"href":"https:\/\/roveyayinevi.com.tr\/index.php\/wp-json\/wp\/v2\/types\/product"}],"wp:attachment":[{"href":"https:\/\/roveyayinevi.com.tr\/index.php\/wp-json\/wp\/v2\/media?parent=755608"}],"wp:term":[{"taxonomy":"product_brand","embeddable":true,"href":"https:\/\/roveyayinevi.com.tr\/index.php\/wp-json\/wp\/v2\/product_brand?post=755608"},{"taxonomy":"product_cat","embeddable":true,"href":"https:\/\/roveyayinevi.com.tr\/index.php\/wp-json\/wp\/v2\/product_cat?post=755608"},{"taxonomy":"product_tag","embeddable":true,"href":"https:\/\/roveyayinevi.com.tr\/index.php\/wp-json\/wp\/v2\/product_tag?post=755608"}],"curies":[{"name":"wp","href":"https:\/\/api.w.org\/{rel}","templated":true}]}}