{"id":755601,"date":"2025-08-28T06:43:54","date_gmt":"2025-08-28T03:43:54","guid":{"rendered":"https:\/\/roveyayinevi.com.tr\/index.php\/urun\/ada-ile-yeni-arkadasi-ilk-okuma-kitabim\/"},"modified":"2026-04-16T03:08:48","modified_gmt":"2026-04-16T00:08:48","slug":"ada-ile-yeni-arkadasi-ilk-okuma-kitabim","status":"publish","type":"product","link":"https:\/\/roveyayinevi.com.tr\/index.php\/urun\/ada-ile-yeni-arkadasi-ilk-okuma-kitabim\/","title":{"rendered":"Ada ile Yeni Arkada\u015f\u0131 &#8211; \u0130lk Okuma Kitab\u0131m"},"content":{"rendered":"<p>Ada\u2019n\u0131n s\u0131n\u0131f\u0131na yeni bir \u00f6\u011frenci kat\u0131ld\u0131. \u0130pek biraz utanga\u00e7t\u0131 ve s\u0131n\u0131f\u0131n bir k\u00f6\u015fesinde tek ba\u015f\u0131na oynuyordu. Ada cesaretini toplay\u0131p, \u201cBirlikte oynayal\u0131m m\u0131?\u201d diye sordu. \u0130pek bu teklifi sevin\u00e7le kabul etti. B\u00f6ylece g\u00fczel bir arkada\u015fl\u0131k ba\u015flam\u0131\u015f oldu. Ada\u2019n\u0131n \u00f6yk\u00fcs\u00fc, \u00e7ocuklar\u0131n g\u00fcndelik hayatta kar\u015f\u0131la\u015fabilecekleri olay, duygu ve deneyimleri ele alarak \u00e7ocuklar\u0131 desteklemektedir.<\/p>\n","protected":false},"excerpt":{"rendered":"<p>Ada\u2019n\u0131n s\u0131n\u0131f\u0131na yeni bir \u00f6\u011frenci kat\u0131ld\u0131. \u0130pek biraz utanga\u00e7t\u0131 ve s\u0131n\u0131f\u0131n bir k\u00f6\u015fesinde tek ba\u015f\u0131na oynuyordu. Ada cesaretini toplay\u0131p, \u201cBirlikte oynayal\u0131m m\u0131?\u201d diye sordu. \u0130pek bu<span class=\"excerpt-hellip\"> [\u2026]<\/span><\/p>\n","protected":false},"featured_media":0,"template":"","meta":{"_monsterinsights_skip_tracking":false,"_monsterinsights_sitenote_active":false,"_monsterinsights_sitenote_note":"","_monsterinsights_sitenote_category":0},"product_brand":[],"product_cat":[12274,12284],"product_tag":[],"class_list":{"0":"post-755601","1":"product","2":"type-product","3":"status-publish","5":"product_cat-cocuk-ve-genclik-kitaplari","6":"product_cat-hikayeler","7":"pa_cilt-ciltsiz","8":"pa_tur-kitap","9":"pa_yayinevi-is-bankasi-kultur-yayinlari","10":"pa_yazar-anna-wagenhoff","12":"first","13":"instock","14":"sale","15":"shipping-taxable","16":"purchasable","17":"product-type-simple"},"_links":{"self":[{"href":"https:\/\/roveyayinevi.com.tr\/index.php\/wp-json\/wp\/v2\/product\/755601","targetHints":{"allow":["GET"]}}],"collection":[{"href":"https:\/\/roveyayinevi.com.tr\/index.php\/wp-json\/wp\/v2\/product"}],"about":[{"href":"https:\/\/roveyayinevi.com.tr\/index.php\/wp-json\/wp\/v2\/types\/product"}],"wp:attachment":[{"href":"https:\/\/roveyayinevi.com.tr\/index.php\/wp-json\/wp\/v2\/media?parent=755601"}],"wp:term":[{"taxonomy":"product_brand","embeddable":true,"href":"https:\/\/roveyayinevi.com.tr\/index.php\/wp-json\/wp\/v2\/product_brand?post=755601"},{"taxonomy":"product_cat","embeddable":true,"href":"https:\/\/roveyayinevi.com.tr\/index.php\/wp-json\/wp\/v2\/product_cat?post=755601"},{"taxonomy":"product_tag","embeddable":true,"href":"https:\/\/roveyayinevi.com.tr\/index.php\/wp-json\/wp\/v2\/product_tag?post=755601"}],"curies":[{"name":"wp","href":"https:\/\/api.w.org\/{rel}","templated":true}]}}