{"id":755600,"date":"2025-08-28T06:43:52","date_gmt":"2025-08-28T03:43:52","guid":{"rendered":"https:\/\/roveyayinevi.com.tr\/index.php\/urun\/bahcemdeki-kurbagalar\/"},"modified":"2026-04-16T03:08:48","modified_gmt":"2026-04-16T00:08:48","slug":"bahcemdeki-kurbagalar","status":"publish","type":"product","link":"https:\/\/roveyayinevi.com.tr\/index.php\/urun\/bahcemdeki-kurbagalar\/","title":{"rendered":"Bah\u00e7emdeki Kurba\u011falar"},"content":{"rendered":"<p>Dicle ve evlerinin yak\u0131n\u0131ndaki bir g\u00f6lette ya\u015fayan kurba\u011falar \u00e7ok iyi arkada\u015flar. Ancak bir g\u00fcn g\u00f6letin yak\u0131n\u0131nda beklenmedik bir in\u015faat ba\u015flay\u0131nca olanlar oluyor; kurba\u011falar sesten \u00fcrk\u00fcnce ya\u015fad\u0131klar\u0131 g\u00f6letten ka\u00e7\u0131p mahalleyi bas\u0131yorlar. Dicle ve arkada\u015flar\u0131 ise kurba\u011falar\u0131n rahat etmesi i\u00e7in ellerinden geleni yap\u0131yor. Evlerinin bah\u00e7elerine bir su \u00e7ukuru kaz\u0131p kurba\u011falar\u0131 misafir ediyorlar. Ancak kurba\u011falar\u0131n tek iste\u011fi kendi yuvalar\u0131na geri d\u00f6nebilmek&#8230; Peki, bunu ba\u015farabilecekler mi? Yazar El\u00e7in Kuzucu hayvan sevgisiyle \u00f6r\u00fcl\u00fc bu e\u011flenceli macerada, okurlar\u0131n\u0131 dostlu\u011fun her \u015feyi m\u00fcmk\u00fcn k\u0131lan g\u00fcc\u00fcn\u00fc ke\u015ffetmeye davet ediyor. <\/p>\n","protected":false},"excerpt":{"rendered":"<p>Dicle ve evlerinin yak\u0131n\u0131ndaki bir g\u00f6lette ya\u015fayan kurba\u011falar \u00e7ok iyi arkada\u015flar. Ancak bir g\u00fcn g\u00f6letin yak\u0131n\u0131nda beklenmedik bir in\u015faat ba\u015flay\u0131nca olanlar oluyor; kurba\u011falar sesten \u00fcrk\u00fcnce ya\u015fad\u0131klar\u0131<span class=\"excerpt-hellip\"> [\u2026]<\/span><\/p>\n","protected":false},"featured_media":0,"template":"","meta":{"_monsterinsights_skip_tracking":false,"_monsterinsights_sitenote_active":false,"_monsterinsights_sitenote_note":"","_monsterinsights_sitenote_category":0},"product_brand":[],"product_cat":[12274,12284],"product_tag":[],"class_list":{"0":"post-755600","1":"product","2":"type-product","3":"status-publish","5":"product_cat-cocuk-ve-genclik-kitaplari","6":"product_cat-hikayeler","7":"pa_cilt-ciltsiz","8":"pa_tur-kitap","9":"pa_yayinevi-is-bankasi-kultur-yayinlari","10":"pa_yazar-elcin-kuzucu","12":"first","13":"instock","14":"sale","15":"shipping-taxable","16":"purchasable","17":"product-type-simple"},"_links":{"self":[{"href":"https:\/\/roveyayinevi.com.tr\/index.php\/wp-json\/wp\/v2\/product\/755600","targetHints":{"allow":["GET"]}}],"collection":[{"href":"https:\/\/roveyayinevi.com.tr\/index.php\/wp-json\/wp\/v2\/product"}],"about":[{"href":"https:\/\/roveyayinevi.com.tr\/index.php\/wp-json\/wp\/v2\/types\/product"}],"wp:attachment":[{"href":"https:\/\/roveyayinevi.com.tr\/index.php\/wp-json\/wp\/v2\/media?parent=755600"}],"wp:term":[{"taxonomy":"product_brand","embeddable":true,"href":"https:\/\/roveyayinevi.com.tr\/index.php\/wp-json\/wp\/v2\/product_brand?post=755600"},{"taxonomy":"product_cat","embeddable":true,"href":"https:\/\/roveyayinevi.com.tr\/index.php\/wp-json\/wp\/v2\/product_cat?post=755600"},{"taxonomy":"product_tag","embeddable":true,"href":"https:\/\/roveyayinevi.com.tr\/index.php\/wp-json\/wp\/v2\/product_tag?post=755600"}],"curies":[{"name":"wp","href":"https:\/\/api.w.org\/{rel}","templated":true}]}}