{"id":755589,"date":"2025-08-28T06:43:32","date_gmt":"2025-08-28T03:43:32","guid":{"rendered":"https:\/\/roveyayinevi.com.tr\/index.php\/urun\/sosyal-psikolog-erol-gungor\/"},"modified":"2026-04-16T03:08:48","modified_gmt":"2026-04-16T00:08:48","slug":"sosyal-psikolog-erol-gungor","status":"publish","type":"product","link":"https:\/\/roveyayinevi.com.tr\/index.php\/urun\/sosyal-psikolog-erol-gungor\/","title":{"rendered":"Sosyal Psikolog Erol G\u00fcng\u00f6r"},"content":{"rendered":"<p>Erol G\u00fcng\u00f6r, k\u0131sa \u00f6mr\u00fcnde T\u00fcrk d\u00fc\u015f\u00fcnce hayat\u0131n\u0131 zenginle\u015ftirmek amac\u0131yla b\u00fcy\u00fck u\u011fra\u015flar g\u00f6stermi\u015ftir. Bir sosyal psikolog olarak G\u00fcng\u00f6r, kendi alan\u0131ndan yola \u00e7\u0131karak k\u00fclt\u00fcr, milliyet\u00e7ilik, din, tarih, modernle\u015fme gibi olduk\u00e7a \u00e7e\u015fitli konularda fikir \u00fcretmi\u015ftir. Ortaya koydu\u011fu fikirlerin kesi\u015fim noktas\u0131 ise \u2018T\u00fcrk milletinin temel de\u011ferlerinden taviz vermeden nas\u0131l geli\u015febilece\u011fi\u2019 hususu olmu\u015ftur. Elinizdeki kitap, G\u00fcng\u00f6r\u2019\u00fcn biyografisini, eserlerini ve hakk\u0131nda ifade edilenleri de\u011ferlendirerek G\u00fcng\u00f6r\u2019\u00fcn fikir d\u00fcnyas\u0131n\u0131n izd\u00fc\u015f\u00fcm\u00fcn\u00fc sunmaktad\u0131r. Kitab\u0131n, ilgi duyanlara katk\u0131 sa\u011flamas\u0131 umulmaktad\u0131r.  <\/p>\n","protected":false},"excerpt":{"rendered":"<p>Erol G\u00fcng\u00f6r, k\u0131sa \u00f6mr\u00fcnde T\u00fcrk d\u00fc\u015f\u00fcnce hayat\u0131n\u0131 zenginle\u015ftirmek amac\u0131yla b\u00fcy\u00fck u\u011fra\u015flar g\u00f6stermi\u015ftir. Bir sosyal psikolog olarak G\u00fcng\u00f6r, kendi alan\u0131ndan yola \u00e7\u0131karak k\u00fclt\u00fcr, milliyet\u00e7ilik, din, tarih, modernle\u015fme<span class=\"excerpt-hellip\"> [\u2026]<\/span><\/p>\n","protected":false},"featured_media":0,"template":"","meta":{"_monsterinsights_skip_tracking":false,"_monsterinsights_sitenote_active":false,"_monsterinsights_sitenote_note":"","_monsterinsights_sitenote_category":0},"product_brand":[],"product_cat":[14009,12291],"product_tag":[],"class_list":{"0":"post-755589","1":"product","2":"type-product","3":"status-publish","5":"product_cat-biyografi-otobiyografi-edebiyat","6":"product_cat-edebiyat","7":"pa_cilt-ciltsiz","8":"pa_tur-kitap","9":"pa_yayinevi-biyografi-net-yayincilik","10":"pa_yazar-hudavendigar-onur","12":"first","13":"instock","14":"sale","15":"shipping-taxable","16":"purchasable","17":"product-type-simple"},"_links":{"self":[{"href":"https:\/\/roveyayinevi.com.tr\/index.php\/wp-json\/wp\/v2\/product\/755589","targetHints":{"allow":["GET"]}}],"collection":[{"href":"https:\/\/roveyayinevi.com.tr\/index.php\/wp-json\/wp\/v2\/product"}],"about":[{"href":"https:\/\/roveyayinevi.com.tr\/index.php\/wp-json\/wp\/v2\/types\/product"}],"wp:attachment":[{"href":"https:\/\/roveyayinevi.com.tr\/index.php\/wp-json\/wp\/v2\/media?parent=755589"}],"wp:term":[{"taxonomy":"product_brand","embeddable":true,"href":"https:\/\/roveyayinevi.com.tr\/index.php\/wp-json\/wp\/v2\/product_brand?post=755589"},{"taxonomy":"product_cat","embeddable":true,"href":"https:\/\/roveyayinevi.com.tr\/index.php\/wp-json\/wp\/v2\/product_cat?post=755589"},{"taxonomy":"product_tag","embeddable":true,"href":"https:\/\/roveyayinevi.com.tr\/index.php\/wp-json\/wp\/v2\/product_tag?post=755589"}],"curies":[{"name":"wp","href":"https:\/\/api.w.org\/{rel}","templated":true}]}}