{"id":755588,"date":"2025-08-28T06:43:31","date_gmt":"2025-08-28T03:43:31","guid":{"rendered":"https:\/\/roveyayinevi.com.tr\/index.php\/urun\/toplumsal-hareketler-bazen-nasil-fark-yaratabilir\/"},"modified":"2026-04-16T03:08:48","modified_gmt":"2026-04-16T00:08:48","slug":"toplumsal-hareketler-bazen-nasil-fark-yaratabilir","status":"publish","type":"product","link":"https:\/\/roveyayinevi.com.tr\/index.php\/urun\/toplumsal-hareketler-bazen-nasil-fark-yaratabilir\/","title":{"rendered":"Toplumsal Hareketler (Bazen) Nas\u0131l Fark Yaratabilir?"},"content":{"rendered":"<p>D\u00fcnyay\u0131 de\u011fi\u015ftirmek i\u00e7in protestolara kat\u0131l\u0131r\u0131z, de\u011fi\u015fimde bir katk\u0131m\u0131z olabilece\u011fini, bir fark yaratabilece\u011fimizi d\u00fc\u015f\u00fcnd\u00fc\u011f\u00fcm\u00fczden. Bazen bu hedefe ula\u015f\u0131r\u0131z ve bir \u015feyleri de\u011fi\u015ftirmeyi ba\u015far\u0131r\u0131z. Ama kimse bu noktaya kendi kendisine gelemez ve \u00e7o\u011fu kez de\u011fi\u015fim tam istenen \u015fekilde, istenen anda gelmez. Bu k\u0131sa ve \u00f6z \u00e7al\u0131\u015fma, s\u0131radan insanlar\u0131n d\u00fcnyay\u0131 nas\u0131l ve hangi \u015fartlarda etkileyebilece\u011fini, bazen i\u015flerin neden plana g\u00f6re gitmedi\u011fini a\u00e7\u0131kl\u0131yor. David S. Meyer, toplumsal hareketler k\u00fclliyat\u0131n\u0131 derinlemesine inceleyerek toplumsal hareketlerin ortaya \u00e7\u0131k\u0131\u015f\u0131n\u0131, devrim hareketleriyle aras\u0131ndaki fark\u0131 ve aktivistlerin i\u00e7ine bulundu\u011fu d\u00f6nemde siyaseti, politikalar\u0131, k\u00fclt\u00fcr\u00fc ve ya\u015fam bi\u00e7imini nas\u0131l etkiledi\u011fini irdeliyor. Aktivistlerin olu\u015fturdu\u011fu siyasi de\u011fi\u015fim anlat\u0131lar\u0131n\u0131n ve bu anlat\u0131lar\u0131n yaratabilece\u011fi etkinin \u00fczerinde durarak son noktay\u0131 koyuyor. \u00c7ok say\u0131da toplumsal hareket \u00f6rne\u011fini masaya yat\u0131rarak protesto siyasetinin yap\u0131s\u0131 ile muhtemel sonu\u00e7lar\u0131na \u0131\u015f\u0131k tutuyor.     David S. Meyer: Hampshire College\u2019da edebiyat ve sosyal teori alanlar\u0131nda lisans, Boston University\u2019de siyaset bilimi alan\u0131nda y\u00fcksek lisans ve doktora e\u011fitimi ald\u0131. Toplumsal hareketler, siyasi sosyoloji ve kamu politikas\u0131 alanlar\u0131yla ilgilenmekte ve toplumsal hareketler ile ortaya \u00e7\u0131kt\u0131klar\u0131 siyasi ba\u011flamlar \u00fczerine \u00e7al\u0131\u015fmalar y\u00fcr\u00fctmektedir. University of California-Irvine\u2019da sosyoloji, siyaset bilimi, kamu politikalar\u0131 alanlar\u0131nda dersler vermeye devam ediyor. Eserleri aras\u0131nda bizzat kaleme ald\u0131\u011f\u0131 The Politics of Protest: Social Movements in America, A Winter of Discontent: The Nuclear Freeze and American Politics; Valerie Jenness ve Helen Ingram ile birlikte edit\u00f6rl\u00fc\u011f\u00fcn\u00fc yapt\u0131\u011f\u0131 Routing the Opposition: Social Movements, Public Policy, and Democracy in America bulunuyor. <\/p>\n","protected":false},"excerpt":{"rendered":"<p>D\u00fcnyay\u0131 de\u011fi\u015ftirmek i\u00e7in protestolara kat\u0131l\u0131r\u0131z, de\u011fi\u015fimde bir katk\u0131m\u0131z olabilece\u011fini, bir fark yaratabilece\u011fimizi d\u00fc\u015f\u00fcnd\u00fc\u011f\u00fcm\u00fczden. Bazen bu hedefe ula\u015f\u0131r\u0131z ve bir \u015feyleri de\u011fi\u015ftirmeyi ba\u015far\u0131r\u0131z. Ama kimse bu noktaya<span class=\"excerpt-hellip\"> [\u2026]<\/span><\/p>\n","protected":false},"featured_media":0,"template":"","meta":{"_monsterinsights_skip_tracking":false,"_monsterinsights_sitenote_active":false,"_monsterinsights_sitenote_note":"","_monsterinsights_sitenote_category":0},"product_brand":[],"product_cat":[12337],"product_tag":[],"class_list":{"0":"post-755588","1":"product","2":"type-product","3":"status-publish","5":"product_cat-politika-siyaset","6":"pa_cilt-ciltsiz","7":"pa_tur-kitap","8":"pa_yayinevi-ayrinti-yayinlari","9":"pa_yazar-david-s-meyer","11":"first","12":"instock","13":"sale","14":"shipping-taxable","15":"purchasable","16":"product-type-simple"},"_links":{"self":[{"href":"https:\/\/roveyayinevi.com.tr\/index.php\/wp-json\/wp\/v2\/product\/755588","targetHints":{"allow":["GET"]}}],"collection":[{"href":"https:\/\/roveyayinevi.com.tr\/index.php\/wp-json\/wp\/v2\/product"}],"about":[{"href":"https:\/\/roveyayinevi.com.tr\/index.php\/wp-json\/wp\/v2\/types\/product"}],"wp:attachment":[{"href":"https:\/\/roveyayinevi.com.tr\/index.php\/wp-json\/wp\/v2\/media?parent=755588"}],"wp:term":[{"taxonomy":"product_brand","embeddable":true,"href":"https:\/\/roveyayinevi.com.tr\/index.php\/wp-json\/wp\/v2\/product_brand?post=755588"},{"taxonomy":"product_cat","embeddable":true,"href":"https:\/\/roveyayinevi.com.tr\/index.php\/wp-json\/wp\/v2\/product_cat?post=755588"},{"taxonomy":"product_tag","embeddable":true,"href":"https:\/\/roveyayinevi.com.tr\/index.php\/wp-json\/wp\/v2\/product_tag?post=755588"}],"curies":[{"name":"wp","href":"https:\/\/api.w.org\/{rel}","templated":true}]}}