{"id":755587,"date":"2025-08-28T06:43:29","date_gmt":"2025-08-28T03:43:29","guid":{"rendered":"https:\/\/roveyayinevi.com.tr\/index.php\/urun\/miras-13\/"},"modified":"2026-04-16T03:08:48","modified_gmt":"2026-04-16T00:08:48","slug":"miras-13","status":"publish","type":"product","link":"https:\/\/roveyayinevi.com.tr\/index.php\/urun\/miras-13\/","title":{"rendered":"Miras"},"content":{"rendered":"<p>New York\u2019ta bir arabuluculuk firmas\u0131nda \u00e7al\u0131\u015fan Vincent kendisiyle alay etmek i\u00e7in hi\u00e7bir f\u0131rsat\u0131 ka\u00e7\u0131rmayan i\u015f arkada\u015flar\u0131ndan zerre kadar haz etmeyen, yaln\u0131z ya\u015fayan s\u0131radan bir gen\u00e7tir. Bir g\u00fcn ad\u0131n\u0131 dahi hat\u0131rlamad\u0131\u011f\u0131 babas\u0131n\u0131n b\u0131rakt\u0131\u011f\u0131 tuhaf mirasla ba\u015f ba\u015fa kalan Vincent\u2019\u0131n hayat\u0131, Baccarat adl\u0131 bir striptizciyle tan\u0131\u015fmas\u0131 sonras\u0131 o zamana kadarki monotonlu\u011fu mumla aratacak bir hal al\u0131r. Hi\u00e7 de tesad\u00fcf olmad\u0131\u011f\u0131n\u0131 anlayaca\u011f\u0131 bu tan\u0131\u015fma Vincent\u2019a konfor alanlar\u0131n\u0131, annesiyle zorlu ili\u015fkisini, ge\u00e7mi\u015fini, \u00f6zel m\u00fclkiyet kavram\u0131n\u0131, \u00f6nem verdi\u011fi \u015feyleri sorgulatacak; ki\u015fisel gibi g\u00f6r\u00fcnen meselelerin asl\u0131nda hi\u00e7 de \u00f6yle olmad\u0131\u011f\u0131n\u0131 g\u00f6sterecektir. Yeralt\u0131 klasi\u011fi olarak an\u0131lan D\u00f6v\u00fc\u015f Kul\u00fcb\u00fc\u2019n\u00fcn yazar\u0131 Chuck Palahniuk \u00f6l\u00fcms\u00fczl\u00fc\u011f\u00fc dert edinerek kaleme ald\u0131\u011f\u0131 bu muz\u0131r novellas\u0131nda da t\u00fcketim k\u00fclt\u00fcr\u00fcne, durup d\u00fc\u015f\u00fcnmeden ya\u015fayanlara, b\u00fcy\u00fck resmi g\u00f6remeyenlere laf\u0131n\u0131 esirgemiyor. Basit bir a\u011fa\u00e7 \u00fczerinden fantastik bir olay \u00f6rg\u00fcs\u00fc kuran Palahniuk, \u00e7izimleri renklendirmeyi de okurunun hayal g\u00fcc\u00fcne b\u0131rak\u0131yor. Miras ayn\u0131 zamanda Palahniuk\u2019in bir yazar olarak okurlar\u0131na miras\u0131<\/p>\n","protected":false},"excerpt":{"rendered":"<p>New York\u2019ta bir arabuluculuk firmas\u0131nda \u00e7al\u0131\u015fan Vincent kendisiyle alay etmek i\u00e7in hi\u00e7bir f\u0131rsat\u0131 ka\u00e7\u0131rmayan i\u015f arkada\u015flar\u0131ndan zerre kadar haz etmeyen, yaln\u0131z ya\u015fayan s\u0131radan bir gen\u00e7tir. Bir<span class=\"excerpt-hellip\"> [\u2026]<\/span><\/p>\n","protected":false},"featured_media":0,"template":"","meta":{"_monsterinsights_skip_tracking":false,"_monsterinsights_sitenote_active":false,"_monsterinsights_sitenote_note":"","_monsterinsights_sitenote_category":0},"product_brand":[],"product_cat":[12291,14777],"product_tag":[],"class_list":{"0":"post-755587","1":"product","2":"type-product","3":"status-publish","5":"product_cat-edebiyat","6":"product_cat-fantastik","7":"pa_cilt-ciltsiz","8":"pa_tur-kitap","9":"pa_yayinevi-dusbaz-kitaplar","10":"pa_yazar-chuck-palahniuk","12":"first","13":"instock","14":"sale","15":"shipping-taxable","16":"purchasable","17":"product-type-simple"},"_links":{"self":[{"href":"https:\/\/roveyayinevi.com.tr\/index.php\/wp-json\/wp\/v2\/product\/755587","targetHints":{"allow":["GET"]}}],"collection":[{"href":"https:\/\/roveyayinevi.com.tr\/index.php\/wp-json\/wp\/v2\/product"}],"about":[{"href":"https:\/\/roveyayinevi.com.tr\/index.php\/wp-json\/wp\/v2\/types\/product"}],"wp:attachment":[{"href":"https:\/\/roveyayinevi.com.tr\/index.php\/wp-json\/wp\/v2\/media?parent=755587"}],"wp:term":[{"taxonomy":"product_brand","embeddable":true,"href":"https:\/\/roveyayinevi.com.tr\/index.php\/wp-json\/wp\/v2\/product_brand?post=755587"},{"taxonomy":"product_cat","embeddable":true,"href":"https:\/\/roveyayinevi.com.tr\/index.php\/wp-json\/wp\/v2\/product_cat?post=755587"},{"taxonomy":"product_tag","embeddable":true,"href":"https:\/\/roveyayinevi.com.tr\/index.php\/wp-json\/wp\/v2\/product_tag?post=755587"}],"curies":[{"name":"wp","href":"https:\/\/api.w.org\/{rel}","templated":true}]}}