{"id":755586,"date":"2025-08-28T06:43:27","date_gmt":"2025-08-28T03:43:27","guid":{"rendered":"https:\/\/roveyayinevi.com.tr\/index.php\/urun\/kuyu-7\/"},"modified":"2026-04-16T03:08:48","modified_gmt":"2026-04-16T00:08:48","slug":"kuyu-7","status":"publish","type":"product","link":"https:\/\/roveyayinevi.com.tr\/index.php\/urun\/kuyu-7\/","title":{"rendered":"Ku&#8217;yu"},"content":{"rendered":"<p>Ahmet Bozkurt, Ku\u2019yu\u2019da okuru \u015fiirin ve felsefenin, imgenin ve kavramlar\u0131n i\u00e7 i\u00e7e ge\u00e7ti\u011fi d\u00fc\u015fsel bir yolculu\u011fa \u00e7\u0131kar\u0131yor. \u201cKalbe d\u00fc\u015fen \u015fiir\u201d nice \u00e7\u00f6llerden ge\u00e7ip, kurumu\u015f \u201cnice kuyular\u201ddan \u00e7ekilerek g\u00fcn y\u00fcz\u00fcne \u00e7\u0131k\u0131yor: G\u00f6nderilmemi\u015f mektuplar; zamans\u0131z y\u00fczler; puslu hat\u0131ralar&#8230; Kendi kuyusunun \u00e7a\u011fr\u0131l\u0131s\u0131 olarak \u015fair, sessiz bir \u0131st\u0131rab\u0131 b\u00fcy\u00fct\u00fcr koynunda. En deh\u015fetlisi m\u00fcrekkep sessizli\u011fidir \u00e7\u00fcnk\u00fc orada ak k\u00e2\u011f\u0131t \u00fczerinde \u201cvarl\u0131ktan oyma bir bengi \u0131rmak\u201d olan dil akmaz h\u00e2le gelmi\u015ftir. Hi\u00e7bir r\u00fczg\u00e2r eri\u015femez susuzlu\u011funa. Yusuf \u2019a kuyuyu yurt eden efsun, sevgilinin kalbindeki m\u00fchr\u00fc s\u00f6ken a\u015fkt\u0131r. Ve a\u015fk, k\u0131y\u0131s\u0131nda b\u00fct\u00fcn kelimelerin biriktirildi\u011fi ve derinine var\u0131ld\u0131k\u00e7a kendinden d\u0131\u015far\u0131 ta\u015fan, ta\u015f\u0131nand\u0131r. Varl\u0131\u011f\u0131m\u0131z kanad\u0131\u011f\u0131nda yaln\u0131zl\u0131k s\u00f6k\u00fcn eder; \u015fiir, suskun bir k\u0131z olarak belirir kuyunun aynas\u0131nda. D\u00fc\u015fgezerlerin ge\u00e7mi\u015f ve gelece\u011finden ayr\u0131\u015fm\u0131\u015f bir \u015fimdinin i\u00e7erisinde kayboldu\u011fu, masal\u0131n sonlan\u0131p r\u00fcyalar\u0131n do\u011fdu\u011fu, zaman\u0131n ve mek\u00e2n\u0131n h\u00fckm\u00fcn\u00fcn ge\u00e7medi\u011fi bir ba\u015fka alemin \u015fiiri Ku\u2019yu: Cam k\u0131r\u0131klar\u0131n\u0131n \u00e7o\u011falt\u0131p unutu\u015fun girdab\u0131na hapsetti\u011fi \u201cg\u00f6lgeyaz\u0131\u2019lara\u201d inat ya\u011fmura, ya\u011fmurun biriktirdi\u011fi sulara yaz\u0131lm\u0131\u015f \u015fiirler. <\/p>\n","protected":false},"excerpt":{"rendered":"<p>Ahmet Bozkurt, Ku\u2019yu\u2019da okuru \u015fiirin ve felsefenin, imgenin ve kavramlar\u0131n i\u00e7 i\u00e7e ge\u00e7ti\u011fi d\u00fc\u015fsel bir yolculu\u011fa \u00e7\u0131kar\u0131yor. \u201cKalbe d\u00fc\u015fen \u015fiir\u201d nice \u00e7\u00f6llerden ge\u00e7ip, kurumu\u015f \u201cnice kuyular\u201ddan<span class=\"excerpt-hellip\"> [\u2026]<\/span><\/p>\n","protected":false},"featured_media":0,"template":"","meta":{"_monsterinsights_skip_tracking":false,"_monsterinsights_sitenote_active":false,"_monsterinsights_sitenote_note":"","_monsterinsights_sitenote_category":0},"product_brand":[],"product_cat":[12291,12509],"product_tag":[],"class_list":{"0":"post-755586","1":"product","2":"type-product","3":"status-publish","5":"product_cat-edebiyat","6":"product_cat-siir","7":"pa_cilt-ciltsiz","8":"pa_tur-kitap","9":"pa_yayinevi-ayrinti-yayinlari","10":"pa_yazar-ahmet-bozkurt","12":"first","13":"instock","14":"sale","15":"shipping-taxable","16":"purchasable","17":"product-type-simple"},"_links":{"self":[{"href":"https:\/\/roveyayinevi.com.tr\/index.php\/wp-json\/wp\/v2\/product\/755586","targetHints":{"allow":["GET"]}}],"collection":[{"href":"https:\/\/roveyayinevi.com.tr\/index.php\/wp-json\/wp\/v2\/product"}],"about":[{"href":"https:\/\/roveyayinevi.com.tr\/index.php\/wp-json\/wp\/v2\/types\/product"}],"wp:attachment":[{"href":"https:\/\/roveyayinevi.com.tr\/index.php\/wp-json\/wp\/v2\/media?parent=755586"}],"wp:term":[{"taxonomy":"product_brand","embeddable":true,"href":"https:\/\/roveyayinevi.com.tr\/index.php\/wp-json\/wp\/v2\/product_brand?post=755586"},{"taxonomy":"product_cat","embeddable":true,"href":"https:\/\/roveyayinevi.com.tr\/index.php\/wp-json\/wp\/v2\/product_cat?post=755586"},{"taxonomy":"product_tag","embeddable":true,"href":"https:\/\/roveyayinevi.com.tr\/index.php\/wp-json\/wp\/v2\/product_tag?post=755586"}],"curies":[{"name":"wp","href":"https:\/\/api.w.org\/{rel}","templated":true}]}}