{"id":755584,"date":"2025-08-28T06:43:24","date_gmt":"2025-08-28T03:43:24","guid":{"rendered":"https:\/\/roveyayinevi.com.tr\/index.php\/urun\/cumhuriyet-fikri\/"},"modified":"2026-04-16T03:08:48","modified_gmt":"2026-04-16T00:08:48","slug":"cumhuriyet-fikri","status":"publish","type":"product","link":"https:\/\/roveyayinevi.com.tr\/index.php\/urun\/cumhuriyet-fikri\/","title":{"rendered":"Cumhuriyet Fikri"},"content":{"rendered":"<p>D\u00fc\u015f\u00fcncenin \u00f6zg\u00fcrl\u00fc\u011f\u00fcyle birlikte o d\u00fc\u015f\u00fcncenin canl\u0131l\u0131\u011f\u0131 ve s\u00fcreklili\u011fi esast\u0131r. \u00d6zg\u00fcrl\u00fck, e\u015fitlik ve adaletin \u00f6nce d\u00fc\u015f\u00fcncede soyut olarak ortaya koyulmas\u0131, sonras\u0131nda dayan\u0131\u015fma, karde\u015flik ve ortakl\u0131kta somut bir belirlenim almas\u0131, devrim fikrinde ve bunun bir tezah\u00fcr\u00fc olan cumhuriyette yank\u0131s\u0131n\u0131 bulmu\u015f, geri d\u00f6nd\u00fcr\u00fclemez bir fikrin tarih-\u00fcst\u00fcl\u00fc\u011f\u00fc, tarihsel belirlenimler kazanmas\u0131yla kendi bedenini olu\u015fturmu\u015ftur. Cumhuriyet\u2019in 100. y\u0131l d\u00f6n\u00fcm\u00fcnde farkl\u0131 ve\u00e7heleriyle ve ele\u015ftirel anlamda bu s\u00fcreklili\u011fe ve kopu\u015fa tan\u0131kl\u0131k etmek istiyor, d\u00fc\u015f\u00fcnceyi bir ad\u0131m ileriye g\u00f6t\u00fcrmek suretiyle ger\u00e7ekli\u011fi \u015fekillendir-meye \u00e7abal\u0131yoruz.   \u201cGer\u00e7ek cumhuriyetin \u00f6zg\u00fcrl\u00fc\u011f\u00fcn\u00fcn ne olmas\u0131 gerekti\u011fi, sermaye egemenli\u011finin \u00f6zg\u00fcrl\u00fc\u011f\u00fc y\u0131k\u0131c\u0131, yan\u0131lsat\u0131c\u0131, yabanc\u0131la\u015ft\u0131r\u0131c\u0131 g\u00fcc\u00fcn\u00fc alt etmek gerekti\u011fi bilinciyle zihinlerde ya\u015f\u0131yor ve kavga konusu olmay\u0131 s\u00fcrd\u00fcr\u00fcyor.\u201d Arif \u00c7a\u011flar <\/p>\n","protected":false},"excerpt":{"rendered":"<p>D\u00fc\u015f\u00fcncenin \u00f6zg\u00fcrl\u00fc\u011f\u00fcyle birlikte o d\u00fc\u015f\u00fcncenin canl\u0131l\u0131\u011f\u0131 ve s\u00fcreklili\u011fi esast\u0131r. \u00d6zg\u00fcrl\u00fck, e\u015fitlik ve adaletin \u00f6nce d\u00fc\u015f\u00fcncede soyut olarak ortaya koyulmas\u0131, sonras\u0131nda dayan\u0131\u015fma, karde\u015flik ve ortakl\u0131kta somut bir<span class=\"excerpt-hellip\"> [\u2026]<\/span><\/p>\n","protected":false},"featured_media":0,"template":"","meta":{"_monsterinsights_skip_tracking":false,"_monsterinsights_sitenote_active":false,"_monsterinsights_sitenote_note":"","_monsterinsights_sitenote_category":0},"product_brand":[],"product_cat":[12388],"product_tag":[],"class_list":{"0":"post-755584","1":"product","2":"type-product","3":"status-publish","5":"product_cat-felsefe","6":"pa_cilt-ciltsiz","7":"pa_tur-kitap","8":"pa_yayinevi-ayrinti-yayinlari","9":"pa_yazar-kolektif","11":"first","12":"instock","13":"sale","14":"shipping-taxable","15":"purchasable","16":"product-type-simple"},"_links":{"self":[{"href":"https:\/\/roveyayinevi.com.tr\/index.php\/wp-json\/wp\/v2\/product\/755584","targetHints":{"allow":["GET"]}}],"collection":[{"href":"https:\/\/roveyayinevi.com.tr\/index.php\/wp-json\/wp\/v2\/product"}],"about":[{"href":"https:\/\/roveyayinevi.com.tr\/index.php\/wp-json\/wp\/v2\/types\/product"}],"wp:attachment":[{"href":"https:\/\/roveyayinevi.com.tr\/index.php\/wp-json\/wp\/v2\/media?parent=755584"}],"wp:term":[{"taxonomy":"product_brand","embeddable":true,"href":"https:\/\/roveyayinevi.com.tr\/index.php\/wp-json\/wp\/v2\/product_brand?post=755584"},{"taxonomy":"product_cat","embeddable":true,"href":"https:\/\/roveyayinevi.com.tr\/index.php\/wp-json\/wp\/v2\/product_cat?post=755584"},{"taxonomy":"product_tag","embeddable":true,"href":"https:\/\/roveyayinevi.com.tr\/index.php\/wp-json\/wp\/v2\/product_tag?post=755584"}],"curies":[{"name":"wp","href":"https:\/\/api.w.org\/{rel}","templated":true}]}}