{"id":755583,"date":"2025-08-28T06:43:22","date_gmt":"2025-08-28T03:43:22","guid":{"rendered":"https:\/\/roveyayinevi.com.tr\/index.php\/urun\/dokuz-oda-cinayetleri\/"},"modified":"2026-04-16T03:08:48","modified_gmt":"2026-04-16T00:08:48","slug":"dokuz-oda-cinayetleri","status":"publish","type":"product","link":"https:\/\/roveyayinevi.com.tr\/index.php\/urun\/dokuz-oda-cinayetleri\/","title":{"rendered":"Dokuz Oda Cinayetleri"},"content":{"rendered":"<p>\u201cBazen roman\u0131n konusu bile okur i\u00e7in \u00f6nemli de\u011fildir. Okur, daha \u00f6nce tan\u0131ma \u015fans\u0131na sahip oldu\u011fu yazar\u0131n anlat\u0131m, ifade g\u00fcc\u00fc, kelime da\u011farc\u0131\u011f\u0131n\u0131n zenginli\u011fi, tasvir yetene\u011finin m\u00fckemmelli\u011fi, roman\u0131nda yaratt\u0131\u011f\u0131 ki\u015filerin her zaman \u00e7evresinde g\u00f6rmeye al\u0131\u015f\u0131k oldu\u011fu karakterler olu\u015fu, onlar\u0131 kendine yak\u0131n g\u00f6r\u00fcp benimsemesi, bir anda okuru roman\u0131n i\u00e7ine \u00e7eker ve kendini o d\u00fcnyada bulur. Ay\u015fe Erbulak bu yeteneklere sahip bir yazar. Kaleme ald\u0131\u011f\u0131 roman veya hik\u00e2yelerini okurken hep kendimi o d\u00fcnyan\u0131n i\u00e7inde bulurum. T\u00fcrk polisiye edebiyat\u0131nda bu de\u011ferlere ula\u015fm\u0131\u015f m\u00fcelliflerin say\u0131s\u0131 maalesef hen\u00fcz az. Yazar bu roman\u0131nda da ba\u015far\u0131l\u0131 kurgusu, olay zenginli\u011fi, yaratt\u0131\u011f\u0131 heyecan ve gerilimle anlat\u0131m\u0131n doruklar\u0131na varm\u0131\u015f. Mutlaka okunmas\u0131 gereken bir roman\u2026 T\u00fcrk okuru ve yazar\u0131 olarak sana te\u015fekk\u00fcr ederiz Say\u0131n Erbulak.\u201d Osman Aysu <\/p>\n","protected":false},"excerpt":{"rendered":"<p>\u201cBazen roman\u0131n konusu bile okur i\u00e7in \u00f6nemli de\u011fildir. Okur, daha \u00f6nce tan\u0131ma \u015fans\u0131na sahip oldu\u011fu yazar\u0131n anlat\u0131m, ifade g\u00fcc\u00fc, kelime da\u011farc\u0131\u011f\u0131n\u0131n zenginli\u011fi, tasvir yetene\u011finin m\u00fckemmelli\u011fi, roman\u0131nda<span class=\"excerpt-hellip\"> [\u2026]<\/span><\/p>\n","protected":false},"featured_media":0,"template":"","meta":{"_monsterinsights_skip_tracking":false,"_monsterinsights_sitenote_active":false,"_monsterinsights_sitenote_note":"","_monsterinsights_sitenote_category":0},"product_brand":[],"product_cat":[12291,15445],"product_tag":[],"class_list":{"0":"post-755583","1":"product","2":"type-product","3":"status-publish","5":"product_cat-edebiyat","6":"product_cat-polisiye","7":"pa_cilt-ciltsiz","8":"pa_tur-kitap","9":"pa_yayinevi-eksik-parca-yayinlari","10":"pa_yazar-ayse-erbulak","12":"first","13":"instock","14":"sale","15":"shipping-taxable","16":"purchasable","17":"product-type-simple"},"_links":{"self":[{"href":"https:\/\/roveyayinevi.com.tr\/index.php\/wp-json\/wp\/v2\/product\/755583","targetHints":{"allow":["GET"]}}],"collection":[{"href":"https:\/\/roveyayinevi.com.tr\/index.php\/wp-json\/wp\/v2\/product"}],"about":[{"href":"https:\/\/roveyayinevi.com.tr\/index.php\/wp-json\/wp\/v2\/types\/product"}],"wp:attachment":[{"href":"https:\/\/roveyayinevi.com.tr\/index.php\/wp-json\/wp\/v2\/media?parent=755583"}],"wp:term":[{"taxonomy":"product_brand","embeddable":true,"href":"https:\/\/roveyayinevi.com.tr\/index.php\/wp-json\/wp\/v2\/product_brand?post=755583"},{"taxonomy":"product_cat","embeddable":true,"href":"https:\/\/roveyayinevi.com.tr\/index.php\/wp-json\/wp\/v2\/product_cat?post=755583"},{"taxonomy":"product_tag","embeddable":true,"href":"https:\/\/roveyayinevi.com.tr\/index.php\/wp-json\/wp\/v2\/product_tag?post=755583"}],"curies":[{"name":"wp","href":"https:\/\/api.w.org\/{rel}","templated":true}]}}