{"id":755578,"date":"2025-08-28T06:43:15","date_gmt":"2025-08-28T03:43:15","guid":{"rendered":"https:\/\/roveyayinevi.com.tr\/index.php\/urun\/cardonlar\/"},"modified":"2026-04-16T03:08:48","modified_gmt":"2026-04-16T00:08:48","slug":"cardonlar","status":"publish","type":"product","link":"https:\/\/roveyayinevi.com.tr\/index.php\/urun\/cardonlar\/","title":{"rendered":"Cardonlar"},"content":{"rendered":"<p>\u201cAk\u015fam\u0131n geli\u015fini i\u00e7imin ezilmesinden anlard\u0131m&#8230;\u201d Ferit Edg\u00fc\u2019n\u00fcn, \u201cBen onun ki\u015fili\u011fini resimde buldu\u011funa ve kendisini resimde ba\u015far\u0131yla ifade etti\u011fine inanan biriyim. Oysa okuduklar\u0131m, nas\u0131l s\u00f6yleyeyim, sanki resimlerine bir eklemeydi\u201d diye de\u011ferlendirdi\u011fi Cardonlar\u2019da, mimar-ressam Cihat Burak\u2019\u0131n 1940-1976 y\u0131llar\u0131 aras\u0131nda kaleme ald\u0131\u011f\u0131 \u00f6yk\u00fcler bir araya geliyor. Cihat Burak\u2019\u0131n resimlerindeki fantastik d\u00fcnyadan \u00e7\u0131k\u0131p sokaklar\u0131n, hayatlar\u0131n damarlar\u0131na yerle\u015fen Cardonlar, geldikleri yeralt\u0131n\u0131n havas\u0131n\u0131 \u201cdelice bir ne\u015f\u2019e i\u00e7inde c\u0131z\u0131k c\u0131z\u0131k ba\u011f\u0131rarak\u201d konaklara, nar a\u011fa\u00e7l\u0131 bah\u00e7elere, meyhanelere ta\u015f\u0131yorlar. Cihat Burak\u2019\u0131n zengin evreninden benzersiz \u00f6yk\u00fcler.   Cardonlar eski zamanlarda ya\u015fam\u0131\u015f insanlar\u0131n miras\u00e7\u0131lar\u0131 gibi! Onlar ortadan kalkt\u0131k\u00e7a b\u0131rakt\u0131klar\u0131 mallar\u0131na, ortada kalan geni\u015f divanh\u00e2neli k\u00f6\u015fklere, yal\u0131lara, konaklara kim sahip \u00e7\u0131kacak onlar olmasa?.. \u00dc\u00e7 oda bir hol nesli anlar m\u0131 sekiz metroya on be\u015f metroluk sofradan?.. Onlar konaklar\u0131n\u0131n yerine kendilerine birer yahut iki\u015fer daire verilen betebe kapl\u0131 apartmanlar yap\u0131lmas\u0131 i\u00e7in ya\u015f\u0131yorlar, cardonlar\u0131 d\u00fc\u015f\u00fcnen kim kald\u0131 ki!..<\/p>\n","protected":false},"excerpt":{"rendered":"<p>\u201cAk\u015fam\u0131n geli\u015fini i\u00e7imin ezilmesinden anlard\u0131m&#8230;\u201d Ferit Edg\u00fc\u2019n\u00fcn, \u201cBen onun ki\u015fili\u011fini resimde buldu\u011funa ve kendisini resimde ba\u015far\u0131yla ifade etti\u011fine inanan biriyim. Oysa okuduklar\u0131m, nas\u0131l s\u00f6yleyeyim, sanki resimlerine<span class=\"excerpt-hellip\"> [\u2026]<\/span><\/p>\n","protected":false},"featured_media":0,"template":"","meta":{"_monsterinsights_skip_tracking":false,"_monsterinsights_sitenote_active":false,"_monsterinsights_sitenote_note":"","_monsterinsights_sitenote_category":0},"product_brand":[],"product_cat":[12291,18202],"product_tag":[],"class_list":{"0":"post-755578","1":"product","2":"type-product","3":"status-publish","5":"product_cat-edebiyat","6":"product_cat-hikaye","7":"pa_cilt-ciltsiz","8":"pa_tur-kitap","9":"pa_yayinevi-everest-yayinlari","10":"pa_yazar-cihat-burak","12":"first","13":"instock","14":"sale","15":"shipping-taxable","16":"purchasable","17":"product-type-simple"},"_links":{"self":[{"href":"https:\/\/roveyayinevi.com.tr\/index.php\/wp-json\/wp\/v2\/product\/755578","targetHints":{"allow":["GET"]}}],"collection":[{"href":"https:\/\/roveyayinevi.com.tr\/index.php\/wp-json\/wp\/v2\/product"}],"about":[{"href":"https:\/\/roveyayinevi.com.tr\/index.php\/wp-json\/wp\/v2\/types\/product"}],"wp:attachment":[{"href":"https:\/\/roveyayinevi.com.tr\/index.php\/wp-json\/wp\/v2\/media?parent=755578"}],"wp:term":[{"taxonomy":"product_brand","embeddable":true,"href":"https:\/\/roveyayinevi.com.tr\/index.php\/wp-json\/wp\/v2\/product_brand?post=755578"},{"taxonomy":"product_cat","embeddable":true,"href":"https:\/\/roveyayinevi.com.tr\/index.php\/wp-json\/wp\/v2\/product_cat?post=755578"},{"taxonomy":"product_tag","embeddable":true,"href":"https:\/\/roveyayinevi.com.tr\/index.php\/wp-json\/wp\/v2\/product_tag?post=755578"}],"curies":[{"name":"wp","href":"https:\/\/api.w.org\/{rel}","templated":true}]}}