{"id":755577,"date":"2025-08-28T06:43:13","date_gmt":"2025-08-28T03:43:13","guid":{"rendered":"https:\/\/roveyayinevi.com.tr\/index.php\/urun\/issiz-koy\/"},"modified":"2026-04-16T03:08:48","modified_gmt":"2026-04-16T00:08:48","slug":"issiz-koy","status":"publish","type":"product","link":"https:\/\/roveyayinevi.com.tr\/index.php\/urun\/issiz-koy\/","title":{"rendered":"Iss\u0131z Koy"},"content":{"rendered":"<p>Jeannette\u2026 Annesinin ani kayb\u0131na duydu\u011fu \u00fcz\u00fcnt\u00fc, annesini asl\u0131nda hi\u00e7 tan\u0131mad\u0131\u011f\u0131n\u0131 fark edi\u015fiyle bo\u011fulan bir kad\u0131n. Buldu\u011fu her ipucunun pe\u015fine d\u00fc\u015f\u00fcyor, annesine sar\u0131l\u0131r gibi geride b\u0131rakt\u0131\u011f\u0131 kelimelere sar\u0131l\u0131yor.  Victor\u2026 B\u00fcy\u00fck a\u015fk\u0131ndan sonra en yak\u0131n arkada\u015f\u0131n\u0131 da kaybeden bir adam. Bir yandan dostunun s\u0131rlar\u0131n\u0131, mahremiyetini korumaya \u00e7al\u0131\u015f\u0131rken, bir yandan da Jeannette\u2019i varmak istedi\u011fi yere ula\u015ft\u0131rmaya \u00e7al\u0131\u015f\u0131yor.    Ve Grace\u2026 Art\u0131k \u00f6l\u00fcm\u00fcn rengine teslim olmu\u015f g\u00fczel Grace. \u015eimdi k\u0131z\u0131yla birlikte ba\u015fka bir d\u00fcnyadan geziyor gen\u00e7li\u011finin sat\u0131rlar\u0131 aras\u0131nda.  Ge\u00e7mi\u015ften ka\u00e7mak m\u0131 daha kolayd\u0131r, yoksa onunla y\u00fczle\u015fmek mi?  T\u00fcm an\u0131lar\u0131 silip yeni bir ya\u015fam in\u015fa etmek mi cesaret ister, yoksa b\u00fct\u00fcn ac\u0131lar\u0131 ba\u011fr\u0131na bas\u0131p yola devam etmek mi?    Aylin \u0130\u015fcan Yener, Ahmet ve Ac\u0131 \u00c7ekirdek kitaplar\u0131ndan sonra Iss\u0131z Koy roman\u0131nda, bu defa tan\u0131d\u0131k bir ge\u00e7mi\u015fin izlerini s\u00fcr\u00fcyor ve her sayfas\u0131nda ba\u015fka bir duyguyla hemh\u00e2l olaca\u011f\u0131n\u0131z, farkl\u0131 hayatlar\u0131n derin ac\u0131lar\u0131yla kar\u015f\u0131 kar\u015f\u0131ya kalaca\u011f\u0131n\u0131z h\u00fcz\u00fcnl\u00fc bir hik\u00e2yeyi incelikle i\u015fliyor  <\/p>\n","protected":false},"excerpt":{"rendered":"<p>Jeannette\u2026 Annesinin ani kayb\u0131na duydu\u011fu \u00fcz\u00fcnt\u00fc, annesini asl\u0131nda hi\u00e7 tan\u0131mad\u0131\u011f\u0131n\u0131 fark edi\u015fiyle bo\u011fulan bir kad\u0131n. Buldu\u011fu her ipucunun pe\u015fine d\u00fc\u015f\u00fcyor, annesine sar\u0131l\u0131r gibi geride b\u0131rakt\u0131\u011f\u0131 kelimelere<span class=\"excerpt-hellip\"> [\u2026]<\/span><\/p>\n","protected":false},"featured_media":0,"template":"","meta":{"_monsterinsights_skip_tracking":false,"_monsterinsights_sitenote_active":false,"_monsterinsights_sitenote_note":"","_monsterinsights_sitenote_category":0},"product_brand":[],"product_cat":[12291,12711],"product_tag":[],"class_list":{"0":"post-755577","1":"product","2":"type-product","3":"status-publish","5":"product_cat-edebiyat","6":"product_cat-roman-oyku","7":"pa_cilt-ciltsiz","8":"pa_tur-kitap","9":"pa_yayinevi-mona-kitap","10":"pa_yazar-aylin-iscan-yener","12":"first","13":"instock","14":"sale","15":"shipping-taxable","16":"purchasable","17":"product-type-simple"},"_links":{"self":[{"href":"https:\/\/roveyayinevi.com.tr\/index.php\/wp-json\/wp\/v2\/product\/755577","targetHints":{"allow":["GET"]}}],"collection":[{"href":"https:\/\/roveyayinevi.com.tr\/index.php\/wp-json\/wp\/v2\/product"}],"about":[{"href":"https:\/\/roveyayinevi.com.tr\/index.php\/wp-json\/wp\/v2\/types\/product"}],"wp:attachment":[{"href":"https:\/\/roveyayinevi.com.tr\/index.php\/wp-json\/wp\/v2\/media?parent=755577"}],"wp:term":[{"taxonomy":"product_brand","embeddable":true,"href":"https:\/\/roveyayinevi.com.tr\/index.php\/wp-json\/wp\/v2\/product_brand?post=755577"},{"taxonomy":"product_cat","embeddable":true,"href":"https:\/\/roveyayinevi.com.tr\/index.php\/wp-json\/wp\/v2\/product_cat?post=755577"},{"taxonomy":"product_tag","embeddable":true,"href":"https:\/\/roveyayinevi.com.tr\/index.php\/wp-json\/wp\/v2\/product_tag?post=755577"}],"curies":[{"name":"wp","href":"https:\/\/api.w.org\/{rel}","templated":true}]}}