{"id":755575,"date":"2025-08-28T06:43:10","date_gmt":"2025-08-28T03:43:10","guid":{"rendered":"https:\/\/roveyayinevi.com.tr\/index.php\/urun\/turk-dunyasina-ekonomik-bakis\/"},"modified":"2026-04-16T03:08:48","modified_gmt":"2026-04-16T00:08:48","slug":"turk-dunyasina-ekonomik-bakis","status":"publish","type":"product","link":"https:\/\/roveyayinevi.com.tr\/index.php\/urun\/turk-dunyasina-ekonomik-bakis\/","title":{"rendered":"T\u00fcrk D\u00fcnyas\u0131na Ekonomik Bak\u0131\u015f"},"content":{"rendered":"<p>\u0130\u00e7indekiler     \u00d6NS\u00d6Z \u0130\u00c7\u0130NDEK\u0130LER B\u00d6L\u00dcM 1 T\u00fcrk D\u00fcnyas\u0131nda Siyasi ve Ekonomik G\u00f6r\u00fcn\u00fcm B\u00d6L\u00dcM 2 T\u00fcrkistan \u00dclkelerinin \u00c7evresel Kuznets E\u011frisi \u00c7er\u00e7evesinde \u0130ncelenmesi B\u00d6L\u00dcM 3 T\u00fcrk D\u00fcnyas\u0131 \u00dclkelerinde Do\u011frudan Yabanc\u0131 Yat\u0131r\u0131mlar ve Ekonomik B\u00fcy\u00fcme Etkile\u015fimi B\u00d6L\u00dcM 4 Yenilenebilir Enerji T\u00fcketimi ve Ekonomik B\u00fcy\u00fcme Aras\u0131ndaki \u0120li\u0122ki: T\u00fcrk Cumhuriyetleri \u0120\u00e7in Panel Veri Analizi B\u00d6L\u00dcM 5 T\u00fcrkiye \u2013 \u00d6zbekistan D\u0131\u015f Ticaretini Etkileyen Fakt\u00f6rler (1990-2022 D\u00f6nemi) B\u00d6L\u00dcM 6 T\u00fcrkiye ve Kazakistan&#8217;da Askeri Harcamalar\u0131n D\u0131\u015f Ticarete Etkileri: Kar\u015f\u0131la\u015ft\u0131rmal\u0131 Bir \u0130nceleme <\/p>\n","protected":false},"excerpt":{"rendered":"<p>\u0130\u00e7indekiler \u00d6NS\u00d6Z \u0130\u00c7\u0130NDEK\u0130LER B\u00d6L\u00dcM 1 T\u00fcrk D\u00fcnyas\u0131nda Siyasi ve Ekonomik G\u00f6r\u00fcn\u00fcm B\u00d6L\u00dcM 2 T\u00fcrkistan \u00dclkelerinin \u00c7evresel Kuznets E\u011frisi \u00c7er\u00e7evesinde \u0130ncelenmesi B\u00d6L\u00dcM 3 T\u00fcrk D\u00fcnyas\u0131 \u00dclkelerinde Do\u011frudan<span class=\"excerpt-hellip\"> [\u2026]<\/span><\/p>\n","protected":false},"featured_media":0,"template":"","meta":{"_monsterinsights_skip_tracking":false,"_monsterinsights_sitenote_active":false,"_monsterinsights_sitenote_note":"","_monsterinsights_sitenote_category":0},"product_brand":[],"product_cat":[13043],"product_tag":[],"class_list":{"0":"post-755575","1":"product","2":"type-product","3":"status-publish","5":"product_cat-ekonomi","6":"pa_cilt-ciltsiz","7":"pa_tur-kitap","8":"pa_yayinevi-gazi-kitabevi","9":"pa_yazar-kolektif","11":"first","12":"instock","13":"sale","14":"shipping-taxable","15":"purchasable","16":"product-type-simple"},"_links":{"self":[{"href":"https:\/\/roveyayinevi.com.tr\/index.php\/wp-json\/wp\/v2\/product\/755575","targetHints":{"allow":["GET"]}}],"collection":[{"href":"https:\/\/roveyayinevi.com.tr\/index.php\/wp-json\/wp\/v2\/product"}],"about":[{"href":"https:\/\/roveyayinevi.com.tr\/index.php\/wp-json\/wp\/v2\/types\/product"}],"wp:attachment":[{"href":"https:\/\/roveyayinevi.com.tr\/index.php\/wp-json\/wp\/v2\/media?parent=755575"}],"wp:term":[{"taxonomy":"product_brand","embeddable":true,"href":"https:\/\/roveyayinevi.com.tr\/index.php\/wp-json\/wp\/v2\/product_brand?post=755575"},{"taxonomy":"product_cat","embeddable":true,"href":"https:\/\/roveyayinevi.com.tr\/index.php\/wp-json\/wp\/v2\/product_cat?post=755575"},{"taxonomy":"product_tag","embeddable":true,"href":"https:\/\/roveyayinevi.com.tr\/index.php\/wp-json\/wp\/v2\/product_tag?post=755575"}],"curies":[{"name":"wp","href":"https:\/\/api.w.org\/{rel}","templated":true}]}}