{"id":755574,"date":"2025-08-28T06:43:09","date_gmt":"2025-08-28T03:43:09","guid":{"rendered":"https:\/\/roveyayinevi.com.tr\/index.php\/urun\/yuksekogretim-kurumlarinda-calisan-idari-personelin-etik-degerler-algisi-uzerine-bir-calisma-ataturk-universitesi-ornegi\/"},"modified":"2026-04-16T03:08:48","modified_gmt":"2026-04-16T00:08:48","slug":"yuksekogretim-kurumlarinda-calisan-idari-personelin-etik-degerler-algisi-uzerine-bir-calisma-ataturk-universitesi-ornegi","status":"publish","type":"product","link":"https:\/\/roveyayinevi.com.tr\/index.php\/urun\/yuksekogretim-kurumlarinda-calisan-idari-personelin-etik-degerler-algisi-uzerine-bir-calisma-ataturk-universitesi-ornegi\/","title":{"rendered":"Y\u00fcksek\u00f6\u011fretim Kurumlar\u0131nda \u00c7al\u0131\u015fan \u0130dari Personelin Etik De\u011ferler Alg\u0131s\u0131 \u00dczerine Bir \u00c7al\u0131\u015fma: Atat\u00fcrk \u00dcniversitesi \u00d6rne\u011fi"},"content":{"rendered":"<p>\u0130\u00e7indekiler       \u00d6N S\u00d6Z TABLOLAR L\u0130STES\u0130 GRAF\u0130KLER L\u0130STES\u0130   B\u0130R\u0130NC\u0130 B\u00d6L\u00dcM \u0130DAR\u0130 PERSONEL\u0130N ET\u0130K B\u0130L\u0130NC\u0130 \u00d6RNEKLEM\u0130 \u00d6ZELL\u0130KLER\u0130   SONU\u00c7 KAYNAK\u00c7A <\/p>\n","protected":false},"excerpt":{"rendered":"<p>\u0130\u00e7indekiler \u00d6N S\u00d6Z TABLOLAR L\u0130STES\u0130 GRAF\u0130KLER L\u0130STES\u0130 B\u0130R\u0130NC\u0130 B\u00d6L\u00dcM \u0130DAR\u0130 PERSONEL\u0130N ET\u0130K B\u0130L\u0130NC\u0130 \u00d6RNEKLEM\u0130 \u00d6ZELL\u0130KLER\u0130 SONU\u00c7 KAYNAK\u00c7A<\/p>\n","protected":false},"featured_media":0,"template":"","meta":{"_monsterinsights_skip_tracking":false,"_monsterinsights_sitenote_active":false,"_monsterinsights_sitenote_note":"","_monsterinsights_sitenote_category":0},"product_brand":[],"product_cat":[12337,14706],"product_tag":[],"class_list":{"0":"post-755574","1":"product","2":"type-product","3":"status-publish","5":"product_cat-politika-siyaset","6":"product_cat-siyaset-bilimi","7":"pa_cilt-ciltsiz","8":"pa_tur-kitap","9":"pa_yayinevi-gazi-kitabevi","10":"pa_yazar-kolektif","12":"first","13":"instock","14":"sale","15":"shipping-taxable","16":"purchasable","17":"product-type-simple"},"_links":{"self":[{"href":"https:\/\/roveyayinevi.com.tr\/index.php\/wp-json\/wp\/v2\/product\/755574","targetHints":{"allow":["GET"]}}],"collection":[{"href":"https:\/\/roveyayinevi.com.tr\/index.php\/wp-json\/wp\/v2\/product"}],"about":[{"href":"https:\/\/roveyayinevi.com.tr\/index.php\/wp-json\/wp\/v2\/types\/product"}],"wp:attachment":[{"href":"https:\/\/roveyayinevi.com.tr\/index.php\/wp-json\/wp\/v2\/media?parent=755574"}],"wp:term":[{"taxonomy":"product_brand","embeddable":true,"href":"https:\/\/roveyayinevi.com.tr\/index.php\/wp-json\/wp\/v2\/product_brand?post=755574"},{"taxonomy":"product_cat","embeddable":true,"href":"https:\/\/roveyayinevi.com.tr\/index.php\/wp-json\/wp\/v2\/product_cat?post=755574"},{"taxonomy":"product_tag","embeddable":true,"href":"https:\/\/roveyayinevi.com.tr\/index.php\/wp-json\/wp\/v2\/product_tag?post=755574"}],"curies":[{"name":"wp","href":"https:\/\/api.w.org\/{rel}","templated":true}]}}