{"id":755572,"date":"2025-08-28T06:43:07","date_gmt":"2025-08-28T03:43:07","guid":{"rendered":"https:\/\/roveyayinevi.com.tr\/index.php\/urun\/demokratiklesme-surecine-kurumsal-yaklasim-macaristan-ornegi-1990-2022\/"},"modified":"2026-04-16T03:08:48","modified_gmt":"2026-04-16T00:08:48","slug":"demokratiklesme-surecine-kurumsal-yaklasim-macaristan-ornegi-1990-2022","status":"publish","type":"product","link":"https:\/\/roveyayinevi.com.tr\/index.php\/urun\/demokratiklesme-surecine-kurumsal-yaklasim-macaristan-ornegi-1990-2022\/","title":{"rendered":"Demokratikle\u015fme S\u00fcrecine Kurumsal Yakla\u015f\u0131m: Macaristan \u00d6rne\u011fi 1990 \u2013 2022"},"content":{"rendered":"<p>\u0130\u00e7indekiler     Giri\u015f   B\u00f6l\u00fcm:1 Demokrasi, Demokratikle\u015fme S\u00fcreci Ve Macaristan\u2019da Demokratikle\u015fme S\u00fcreci B\u00f6l\u00fcm 2: Macaristan Parlemento Se\u00e7iminde: Se\u00e7im Sistemi ve Sistemdeki De\u011fi\u015fiklikler (1990-2022) B\u00f6l\u00fcm 3: Demokratikle\u015fme S\u00fcrecinde Macaristan Parti Sistemi Ve parlamento Se\u00e7imleri B\u00f6l\u00fcm 4 Sonu\u00e7: Genel De\u011ferlendirme <\/p>\n","protected":false},"excerpt":{"rendered":"<p>\u0130\u00e7indekiler Giri\u015f B\u00f6l\u00fcm:1 Demokrasi, Demokratikle\u015fme S\u00fcreci Ve Macaristan\u2019da Demokratikle\u015fme S\u00fcreci B\u00f6l\u00fcm 2: Macaristan Parlemento Se\u00e7iminde: Se\u00e7im Sistemi ve Sistemdeki De\u011fi\u015fiklikler (1990-2022) B\u00f6l\u00fcm 3: Demokratikle\u015fme S\u00fcrecinde Macaristan<span class=\"excerpt-hellip\"> [\u2026]<\/span><\/p>\n","protected":false},"featured_media":0,"template":"","meta":{"_monsterinsights_skip_tracking":false,"_monsterinsights_sitenote_active":false,"_monsterinsights_sitenote_note":"","_monsterinsights_sitenote_category":0},"product_brand":[],"product_cat":[12337,14706],"product_tag":[],"class_list":{"0":"post-755572","1":"product","2":"type-product","3":"status-publish","5":"product_cat-politika-siyaset","6":"product_cat-siyaset-bilimi","7":"pa_cilt-ciltsiz","8":"pa_tur-kitap","9":"pa_yayinevi-gazi-kitabevi","10":"pa_yazar-mustafa-cagatay-aslan","12":"first","13":"instock","14":"sale","15":"shipping-taxable","16":"purchasable","17":"product-type-simple"},"_links":{"self":[{"href":"https:\/\/roveyayinevi.com.tr\/index.php\/wp-json\/wp\/v2\/product\/755572","targetHints":{"allow":["GET"]}}],"collection":[{"href":"https:\/\/roveyayinevi.com.tr\/index.php\/wp-json\/wp\/v2\/product"}],"about":[{"href":"https:\/\/roveyayinevi.com.tr\/index.php\/wp-json\/wp\/v2\/types\/product"}],"wp:attachment":[{"href":"https:\/\/roveyayinevi.com.tr\/index.php\/wp-json\/wp\/v2\/media?parent=755572"}],"wp:term":[{"taxonomy":"product_brand","embeddable":true,"href":"https:\/\/roveyayinevi.com.tr\/index.php\/wp-json\/wp\/v2\/product_brand?post=755572"},{"taxonomy":"product_cat","embeddable":true,"href":"https:\/\/roveyayinevi.com.tr\/index.php\/wp-json\/wp\/v2\/product_cat?post=755572"},{"taxonomy":"product_tag","embeddable":true,"href":"https:\/\/roveyayinevi.com.tr\/index.php\/wp-json\/wp\/v2\/product_tag?post=755572"}],"curies":[{"name":"wp","href":"https:\/\/api.w.org\/{rel}","templated":true}]}}