{"id":755570,"date":"2025-08-28T06:43:04","date_gmt":"2025-08-28T03:43:04","guid":{"rendered":"https:\/\/roveyayinevi.com.tr\/index.php\/urun\/yan-masaldaki-kiz\/"},"modified":"2026-04-16T03:08:48","modified_gmt":"2026-04-16T00:08:48","slug":"yan-masaldaki-kiz","status":"publish","type":"product","link":"https:\/\/roveyayinevi.com.tr\/index.php\/urun\/yan-masaldaki-kiz\/","title":{"rendered":"Yan Masaldaki K\u0131z"},"content":{"rendered":"<p>Bir roman\u0131n sayfalar\u0131na s\u0131k\u0131\u015f\u0131p kalm\u0131\u015f Devrik c\u00fcmleler gibiydi a\u015fk\u0131m\u0131z Y\u00fcklemsizdi belki \u00f6zlemler \u00d6znesine \u00e2\u015f\u0131k bir t\u00fcmle\u00e7 Oysaki sen zarf\u0131n i\u00e7ine bile bakmad\u0131n <\/p>\n","protected":false},"excerpt":{"rendered":"<p>Bir roman\u0131n sayfalar\u0131na s\u0131k\u0131\u015f\u0131p kalm\u0131\u015f Devrik c\u00fcmleler gibiydi a\u015fk\u0131m\u0131z Y\u00fcklemsizdi belki \u00f6zlemler \u00d6znesine \u00e2\u015f\u0131k bir t\u00fcmle\u00e7 Oysaki sen zarf\u0131n i\u00e7ine bile bakmad\u0131n<\/p>\n","protected":false},"featured_media":0,"template":"","meta":{"_monsterinsights_skip_tracking":false,"_monsterinsights_sitenote_active":false,"_monsterinsights_sitenote_note":"","_monsterinsights_sitenote_category":0},"product_brand":[],"product_cat":[12291,12509],"product_tag":[],"class_list":{"0":"post-755570","1":"product","2":"type-product","3":"status-publish","5":"product_cat-edebiyat","6":"product_cat-siir","7":"pa_cilt-ciltsiz","8":"pa_tur-kitap","9":"pa_yayinevi-kirmizi-ada-yayinlari","10":"pa_yazar-canan-demirel","12":"first","13":"instock","14":"sale","15":"shipping-taxable","16":"purchasable","17":"product-type-simple"},"_links":{"self":[{"href":"https:\/\/roveyayinevi.com.tr\/index.php\/wp-json\/wp\/v2\/product\/755570","targetHints":{"allow":["GET"]}}],"collection":[{"href":"https:\/\/roveyayinevi.com.tr\/index.php\/wp-json\/wp\/v2\/product"}],"about":[{"href":"https:\/\/roveyayinevi.com.tr\/index.php\/wp-json\/wp\/v2\/types\/product"}],"wp:attachment":[{"href":"https:\/\/roveyayinevi.com.tr\/index.php\/wp-json\/wp\/v2\/media?parent=755570"}],"wp:term":[{"taxonomy":"product_brand","embeddable":true,"href":"https:\/\/roveyayinevi.com.tr\/index.php\/wp-json\/wp\/v2\/product_brand?post=755570"},{"taxonomy":"product_cat","embeddable":true,"href":"https:\/\/roveyayinevi.com.tr\/index.php\/wp-json\/wp\/v2\/product_cat?post=755570"},{"taxonomy":"product_tag","embeddable":true,"href":"https:\/\/roveyayinevi.com.tr\/index.php\/wp-json\/wp\/v2\/product_tag?post=755570"}],"curies":[{"name":"wp","href":"https:\/\/api.w.org\/{rel}","templated":true}]}}