{"id":755568,"date":"2025-08-28T06:43:01","date_gmt":"2025-08-28T03:43:01","guid":{"rendered":"https:\/\/roveyayinevi.com.tr\/index.php\/urun\/budak-munsi-kazvini-safeviler-cevahirul-ahbar\/"},"modified":"2026-04-16T03:08:48","modified_gmt":"2026-04-16T00:08:48","slug":"budak-munsi-kazvini-safeviler-cevahirul-ahbar","status":"publish","type":"product","link":"https:\/\/roveyayinevi.com.tr\/index.php\/urun\/budak-munsi-kazvini-safeviler-cevahirul-ahbar\/","title":{"rendered":"Budak M\u00fcn\u015fi Kazvini Safeviler Cevahir\u00fc\u2019l -Ahbar"},"content":{"rendered":"<p>Safev\u00ee tarihine dair eserlerin bir dizi h\u00e2linde okuyucu ile bulu\u015fturulmas\u0131 T\u00fcrk tarih\u00e7ili\u011fi a\u00e7\u0131s\u0131ndan \u00e7ok \u00f6nemli bir bo\u015flu\u011fun doldurulmaya \u00e7al\u0131\u015f\u0131ld\u0131\u011f\u0131n\u0131 g\u00f6stermektedir. Safev\u00ee tarihi dizisinden yay\u0131nlanan bu eser, Kazvinli tarih\u00e7i Budak M\u00fcn\u015f\u00ee\u2019nin Fars\u00e7a yaz\u0131lm\u0131\u015f Cev\u00e2hir\u00fc\u2019l-Ahb\u00e2r\u2019\u0131d\u0131r. Budak, \u015eah Tahmasb d\u00f6nemi b\u00fcrokrat-tarih\u00e7ilerindendir. \u015eah \u0130smail\u2019in o\u011flu Behram Mirza\u2019n\u0131n ayak ucunda k\u0131rk g\u00fcn boyunca uyuyacak kadar hanedan\u0131n yak\u0131n\u0131nda ve \u015eah Tahmasb\u2019\u0131n t\u00fcm seferlerine kat\u0131lacak kadar olaylar\u0131n i\u00e7indedir. Tekel\u00fc oyma\u011f\u0131n\u0131n b\u00fcy\u00fck bir k\u0131r\u0131ma u\u011frat\u0131ld\u0131\u011f\u0131 s\u00fcre\u00e7te Ba\u011fdat\u2019ta \u015eerefeddino\u011flu Muhammed Han Tekel\u00fc\u2019n\u00fcn yak\u0131n\u0131ndaki birka\u00e7 isimden biridir. Budak, kariyer basamaklar\u0131nda s\u00fcrekli y\u00fckselmeye odakl\u0131, hedefine ula\u015famad\u0131\u011f\u0131nda gayrime\u015fru yollara sapacak kadar muhteris, ancak yapt\u0131klar\u0131n\u0131 itiraf edecek kadar da cesur ve ilgin\u00e7 bir karakterdir. Cev\u00e2hir\u00fc\u2019l-Ahb\u00e2r asl\u0131nda insanl\u0131\u011f\u0131n ortaya \u00e7\u0131k\u0131\u015f\u0131ndan m\u00fcellifin kendi ya\u015fad\u0131\u011f\u0131 d\u00f6nemi de (A\u011fustos 1576) kapsayacak \u015fekilde yaz\u0131lm\u0131\u015f genel tarih niteli\u011finde bir eserdir. Eserin en k\u0131ymetli k\u0131sm\u0131 \u015eah \u0130smail ve \u015eah Tahmasb\u2019\u0131n anlat\u0131ld\u0131\u011f\u0131 yerlerdir, \u00e7\u00fcnk\u00fc Budak M\u00fcn\u015f\u00ee onlarla \u00e7a\u011fda\u015ft\u0131r. \u0130\u015fte bu sebeple Cev\u00e2hir\u00fc\u2019l-Ahb\u00e2r\u2019\u0131n sadece Safev\u00ee hanedan\u0131 k\u0131s\u0131mlar\u0131n\u0131n terc\u00fcmesi tercih edilmi\u015f. Anlat\u0131m\u0131n merkezinde Safev\u00ee hanedan\u0131 olmakla birlikte Akkoyunlular, \u015eirvan\u015fahlar, Osmanl\u0131lar, \u015eib\u00e2n\u00eeler ve Bab\u00fcrl\u00fclerle ilgili bahislerin ge\u00e7ti\u011fi yerler de fevkalade k\u0131ymetlidir. M\u00fcellif anlatt\u0131\u011f\u0131 pek \u00e7ok olay\u0131n g\u00f6rg\u00fc tan\u0131\u011f\u0131d\u0131r. \u00d6zellikle Kanuni Sultan S\u00fcleyman\u2019\u0131n Irakeyn seferi ile Ba\u011fdat\u2019\u0131 fethi a\u015famas\u0131nda orada bulunuyordu. Safev\u00ee kaynaklar\u0131 i\u00e7inde Ba\u011fdat\u2019\u0131n terk edilme s\u00fcrecinin bu kadar ayr\u0131nt\u0131l\u0131 anlat\u0131ld\u0131\u011f\u0131 ba\u015fka bir eser yoktur. Bu eserin yay\u0131nlanmas\u0131yla T\u00fcrkiye\u2019de Safev\u00ee tarihi ile ilgili \u00f6nemli bir bo\u015fluk daha doldurulmu\u015f olacakt\u0131r.                                                                                                                       Dr. Hasan Asadi \/ Mohaghegh Ardabili \u00dcniversitesi <\/p>\n","protected":false},"excerpt":{"rendered":"<p>Safev\u00ee tarihine dair eserlerin bir dizi h\u00e2linde okuyucu ile bulu\u015fturulmas\u0131 T\u00fcrk tarih\u00e7ili\u011fi a\u00e7\u0131s\u0131ndan \u00e7ok \u00f6nemli bir bo\u015flu\u011fun doldurulmaya \u00e7al\u0131\u015f\u0131ld\u0131\u011f\u0131n\u0131 g\u00f6stermektedir. Safev\u00ee tarihi dizisinden yay\u0131nlanan bu eser,<span class=\"excerpt-hellip\"> [\u2026]<\/span><\/p>\n","protected":false},"featured_media":0,"template":"","meta":{"_monsterinsights_skip_tracking":false,"_monsterinsights_sitenote_active":false,"_monsterinsights_sitenote_note":"","_monsterinsights_sitenote_category":0},"product_brand":[],"product_cat":[12304],"product_tag":[],"class_list":{"0":"post-755568","1":"product","2":"type-product","3":"status-publish","5":"product_cat-tarih","6":"pa_cilt-ciltsiz","7":"pa_tur-kitap","8":"pa_yayinevi-bilge-kultur-sanat","9":"pa_yazar-budak-munsi-kazvini","11":"first","12":"instock","13":"sale","14":"shipping-taxable","15":"purchasable","16":"product-type-simple"},"_links":{"self":[{"href":"https:\/\/roveyayinevi.com.tr\/index.php\/wp-json\/wp\/v2\/product\/755568","targetHints":{"allow":["GET"]}}],"collection":[{"href":"https:\/\/roveyayinevi.com.tr\/index.php\/wp-json\/wp\/v2\/product"}],"about":[{"href":"https:\/\/roveyayinevi.com.tr\/index.php\/wp-json\/wp\/v2\/types\/product"}],"wp:attachment":[{"href":"https:\/\/roveyayinevi.com.tr\/index.php\/wp-json\/wp\/v2\/media?parent=755568"}],"wp:term":[{"taxonomy":"product_brand","embeddable":true,"href":"https:\/\/roveyayinevi.com.tr\/index.php\/wp-json\/wp\/v2\/product_brand?post=755568"},{"taxonomy":"product_cat","embeddable":true,"href":"https:\/\/roveyayinevi.com.tr\/index.php\/wp-json\/wp\/v2\/product_cat?post=755568"},{"taxonomy":"product_tag","embeddable":true,"href":"https:\/\/roveyayinevi.com.tr\/index.php\/wp-json\/wp\/v2\/product_tag?post=755568"}],"curies":[{"name":"wp","href":"https:\/\/api.w.org\/{rel}","templated":true}]}}