{"id":755566,"date":"2025-08-28T06:42:58","date_gmt":"2025-08-28T03:42:58","guid":{"rendered":"https:\/\/roveyayinevi.com.tr\/index.php\/urun\/cocuklarla-felsefe\/"},"modified":"2026-04-16T03:08:48","modified_gmt":"2026-04-16T00:08:48","slug":"cocuklarla-felsefe","status":"publish","type":"product","link":"https:\/\/roveyayinevi.com.tr\/index.php\/urun\/cocuklarla-felsefe\/","title":{"rendered":"\u00c7ocuklarla Felsefe"},"content":{"rendered":"<p>K\u00fc\u00e7\u00fck filozoflara sesleni\u015f! Sevgili \u00e7ocuklar, B\u00fcy\u00fcrken akl\u0131n\u0131za tak\u0131lan, ke\u015ffetmek istedi\u011finiz ve bu konuda &#8220;Benim de bir fikrim var.&#8221; dedi\u011finiz her \u015fey i\u00e7in sizleri felsefe ile tan\u0131\u015ft\u0131rmak istiyoruz. Bu kitapta Bilgi ve Beren&#8217;in e\u011flenceli d\u00fcnyas\u0131nda merak ettikleri her sorunun cevab\u0131n\u0131 Bilge Dede, sizlerin anlayabilece\u011fi bir \u015fekilde sunuyor. Oyun oynarken, konu\u015furken, y\u00fcr\u00fcrken \u00f6\u011frenmenin yolu, iyi bir felsefe e\u011fitiminden ge\u00e7er. Zaten felsefe, hayat\u0131n her an\u0131nda \u00f6n\u00fcm\u00fcze \u00e7\u0131kan g\u00fc\u00e7l\u00fckleri a\u015fabilmemiz i\u00e7in bir yol g\u00f6stericidir. Bireylerin yeteneklerini a\u00e7\u0131\u011fa \u00e7\u0131karabilecek ve kendilerini tan\u0131yacak y\u00f6ntemleri \u00f6\u011freten bir disiplindir. Sevgili \u00e7ocuklar, elinizdeki bu kitap, sizlere yepyeni bir kap\u0131 a\u00e7\u0131yor. K\u00fc\u00e7\u00fck filozoflar\u0131n zihin d\u00fcnyalar\u0131n\u0131n mimarlar\u0131 olan anne, baba ve \u00f6\u011fretmenler! &#8220;\u00c7ocuklarla Felsefe&#8221; ba\u015fl\u0131\u011f\u0131 sizler i\u00e7in farkl\u0131 gelebilir. \u00c7o\u011fu zaman kulaktan dolma bilgilerle felsefenin karma\u015f\u0131k, zor ve a\u011f\u0131r bir alan oldu\u011fu \u00f6ng\u00f6r\u00fcs\u00fcyle kar\u015f\u0131 kar\u015f\u0131ya kalmaktay\u0131z. Bir de bu alan\u0131n \u00e7ocukla ili\u015fkilendirilmesi bu g\u00f6r\u00fc\u015flerin birer \u00f6n yarg\u0131ya d\u00f6n\u00fc\u015fmesine neden olmaktad\u0131r. Fakat do\u011fru d\u00fc\u015f\u00fcnme ve do\u011fru d\u00fc\u015f\u00fcnmeyi arama yolculu\u011fu olan felsefe, bu konudaki t\u00fcm tabular\u0131 y\u0131kmakta ve e\u011fitim\u00f6\u011fretim s\u00fcre\u00e7lerinin temel hareket noktas\u0131 haline gelmektedir. B\u00fct\u00fcn \u00e7ocuklar \u00f6zeldir ama hi\u00e7bir \u00e7ocuk ayr\u0131cal\u0131kl\u0131 de\u011fildir. Ailelerimizin \u00e7ocuklar\u0131n\u0131 bencilikten uzak yeti\u015ftirmeleri gerekir. Toplumumuzda ya\u015fayan herkesi d\u00fc\u015f\u00fcnerek b\u00fcy\u00fcyen ve T\u00fcrk milletinin de\u011fer yarg\u0131lar\u0131na sayg\u0131l\u0131 bireylerin yeti\u015ftirilmeleri aile ve okuldaki e\u011fitime ba\u011fl\u0131d\u0131r. Bu da ancak k\u00fc\u00e7\u00fck ya\u015ftan itibaren verilecek d\u00fc\u015f\u00fcnce k\u00fclt\u00fcr\u00fc ile sa\u011flanabilir. G\u00fcn\u00fcm\u00fczde bir\u00e7ok bilgi ile kar\u015f\u0131 kar\u015f\u0131yay\u0131z fakat bu bilgilerin do\u011frulu\u011fu, de\u011feri ve kullan\u0131m \u00e7e\u015fitlili\u011fi \u00e7o\u011fu zaman sorgulanmadan kabul edilmektedir. Durum b\u00f6yle olunca bilgi g\u00fc\u00e7 olmaktan \u00e7\u0131karak zarar haline d\u00f6n\u00fc\u015fmektedir. \u0130\u015fte bu noktada \u00e7ocuk yeti\u015ftiren herkese b\u00fcy\u00fck sorumluluklar d\u00fc\u015f\u00fcyor. Do\u011fru bilgi ile ya\u015fam\u0131n\u0131 de\u011ferli k\u0131lan, \u00e7evresine kar\u015f\u0131 duyarl\u0131 ve bilin\u00e7li bireyler yeti\u015ftirebilmemiz ad\u0131na \u00e7ocuklar\u0131m\u0131z\u0131n felsefe ile tan\u0131\u015fmaya ihtiya\u00e7lar\u0131 vard\u0131r. Elinizdeki eser, bu ihtiya\u00e7lar\u0131n kar\u015f\u0131lanmas\u0131na katk\u0131 sunmak amac\u0131yla haz\u0131rlanm\u0131\u015ft\u0131r. <\/p>\n","protected":false},"excerpt":{"rendered":"<p>K\u00fc\u00e7\u00fck filozoflara sesleni\u015f! Sevgili \u00e7ocuklar, B\u00fcy\u00fcrken akl\u0131n\u0131za tak\u0131lan, ke\u015ffetmek istedi\u011finiz ve bu konuda &#8220;Benim de bir fikrim var.&#8221; dedi\u011finiz her \u015fey i\u00e7in sizleri felsefe ile tan\u0131\u015ft\u0131rmak<span class=\"excerpt-hellip\"> [\u2026]<\/span><\/p>\n","protected":false},"featured_media":0,"template":"","meta":{"_monsterinsights_skip_tracking":false,"_monsterinsights_sitenote_active":false,"_monsterinsights_sitenote_note":"","_monsterinsights_sitenote_category":0},"product_brand":[],"product_cat":[12274,12284],"product_tag":[],"class_list":{"0":"post-755566","1":"product","2":"type-product","3":"status-publish","5":"product_cat-cocuk-ve-genclik-kitaplari","6":"product_cat-hikayeler","7":"pa_cilt-ciltsiz","8":"pa_tur-kitap","9":"pa_yayinevi-ucan-at","10":"pa_yazar-h-omer-ozden-burcu-akpinar-topcu-damla-melek-ozden","12":"first","13":"instock","14":"sale","15":"shipping-taxable","16":"purchasable","17":"product-type-simple"},"_links":{"self":[{"href":"https:\/\/roveyayinevi.com.tr\/index.php\/wp-json\/wp\/v2\/product\/755566","targetHints":{"allow":["GET"]}}],"collection":[{"href":"https:\/\/roveyayinevi.com.tr\/index.php\/wp-json\/wp\/v2\/product"}],"about":[{"href":"https:\/\/roveyayinevi.com.tr\/index.php\/wp-json\/wp\/v2\/types\/product"}],"wp:attachment":[{"href":"https:\/\/roveyayinevi.com.tr\/index.php\/wp-json\/wp\/v2\/media?parent=755566"}],"wp:term":[{"taxonomy":"product_brand","embeddable":true,"href":"https:\/\/roveyayinevi.com.tr\/index.php\/wp-json\/wp\/v2\/product_brand?post=755566"},{"taxonomy":"product_cat","embeddable":true,"href":"https:\/\/roveyayinevi.com.tr\/index.php\/wp-json\/wp\/v2\/product_cat?post=755566"},{"taxonomy":"product_tag","embeddable":true,"href":"https:\/\/roveyayinevi.com.tr\/index.php\/wp-json\/wp\/v2\/product_tag?post=755566"}],"curies":[{"name":"wp","href":"https:\/\/api.w.org\/{rel}","templated":true}]}}