{"id":755565,"date":"2025-08-28T06:42:57","date_gmt":"2025-08-28T03:42:57","guid":{"rendered":"https:\/\/roveyayinevi.com.tr\/index.php\/urun\/kulturun-iktidari\/"},"modified":"2026-04-16T03:08:47","modified_gmt":"2026-04-16T00:08:47","slug":"kulturun-iktidari","status":"publish","type":"product","link":"https:\/\/roveyayinevi.com.tr\/index.php\/urun\/kulturun-iktidari\/","title":{"rendered":"K\u00fclt\u00fcr\u00fcn \u0130ktidar\u0131"},"content":{"rendered":"<p>\u0130sl\u00e2m siyaset teolojisinde k\u00fclt\u00fcr\u00fcn ve k\u00fclt\u00fcrel iktidar\u0131n hakk\u0131yla yorumlanmas\u0131 bize bug\u00fcnk\u00fc pek \u00e7ok g\u00fcncel tart\u0131\u015fman\u0131n izlerini geriye do\u011fru takip edebilme imk\u00e2n\u0131 sunar.Ali Fuat Bilkan, K\u00fclt\u00fcr\u00fcn \u0130ktidar\u0131\u2019nda ehveni\u015fer bir karamsarl\u0131kla \u0130sl\u00e2m siyaset teolojisinde iktidar\u0131n me\u015fruluk kayna\u011f\u0131na dair tart\u0131\u015fmalar\u0131n \u201cnass\u201d \u00fczerinden kadirimutlak kanun koyucuyla belirleyici bir nitelik kazand\u0131\u011f\u0131 s\u00fcrecin tahliline giri\u015fiyor.Bir y\u00f6n\u00fcyle k\u00fclt\u00fcrel iktidar\u0131n iktidar m\u00fccadelesinde nas\u0131l tarih-d\u0131\u015f\u0131la\u015ft\u0131r\u0131ld\u0131\u011f\u0131n\u0131 ortaya koyuyor.Kitap bug\u00fcn \u201ck\u00fclt\u00fcrel iktidar\u201d diye adland\u0131r\u0131lan m\u00fccadelenin \u0130sl\u00e2m\u00ee toplum tasar\u0131m\u0131nda nereye ve nas\u0131l konumland\u0131r\u0131ld\u0131\u011f\u0131n\u0131 \u00e7e\u015fitli kaynaklardan ve disiplinlerden faydalanarak g\u00f6sterirken, \u0130sl\u00e2m co\u011frafyas\u0131ndaki d\u00fc\u015f\u00fcnsel durgunlu\u011fun sebeplerine dair bir tart\u0131\u015fma da y\u00fcr\u00fct\u00fcyor.\u201cBir\u00e7o\u011fu kendi d\u00f6neminin siyas\u00ee ve k\u00fclt\u00fcrel \u015fartlar\u0131 i\u00e7erisinde kaleme al\u0131nm\u0131\u015f \u0130sl\u00e2m siyaset d\u00fc\u015f\u00fcncesiyle ilgili metinlerin ait olduklar\u0131 d\u00f6nemin \u015fartlar\u0131na g\u00f6re de\u011fil de, b\u00fct\u00fcn zamanlar i\u00e7in ge\u00e7erli birer nass gibi kabul edilerek pek \u00e7ok olguda m\u00fcracaat kayna\u011f\u0131 olarak g\u00f6r\u00fclmesi, \u0130sl\u00e2m co\u011frafyas\u0131ndaki d\u00fc\u015f\u00fcnce durgunlu\u011funun \u00f6nemli sebeplerinden biridir.\u201dAL\u0130 FUAT B\u0130LKAN <\/p>\n","protected":false},"excerpt":{"rendered":"<p>\u0130sl\u00e2m siyaset teolojisinde k\u00fclt\u00fcr\u00fcn ve k\u00fclt\u00fcrel iktidar\u0131n hakk\u0131yla yorumlanmas\u0131 bize bug\u00fcnk\u00fc pek \u00e7ok g\u00fcncel tart\u0131\u015fman\u0131n izlerini geriye do\u011fru takip edebilme imk\u00e2n\u0131 sunar.Ali Fuat Bilkan, K\u00fclt\u00fcr\u00fcn \u0130ktidar\u0131\u2019nda<span class=\"excerpt-hellip\"> [\u2026]<\/span><\/p>\n","protected":false},"featured_media":0,"template":"","meta":{"_monsterinsights_skip_tracking":false,"_monsterinsights_sitenote_active":false,"_monsterinsights_sitenote_note":"","_monsterinsights_sitenote_category":0},"product_brand":[],"product_cat":[12370,12304],"product_tag":[],"class_list":{"0":"post-755565","1":"product","2":"type-product","3":"status-publish","5":"product_cat-arastirma-inceleme","6":"product_cat-tarih","7":"pa_cilt-ciltsiz","8":"pa_tur-kitap","9":"pa_yayinevi-iletisim-yayinlari","10":"pa_yazar-ali-fuat-bilkan","12":"first","13":"instock","14":"sale","15":"shipping-taxable","16":"purchasable","17":"product-type-simple"},"_links":{"self":[{"href":"https:\/\/roveyayinevi.com.tr\/index.php\/wp-json\/wp\/v2\/product\/755565","targetHints":{"allow":["GET"]}}],"collection":[{"href":"https:\/\/roveyayinevi.com.tr\/index.php\/wp-json\/wp\/v2\/product"}],"about":[{"href":"https:\/\/roveyayinevi.com.tr\/index.php\/wp-json\/wp\/v2\/types\/product"}],"wp:attachment":[{"href":"https:\/\/roveyayinevi.com.tr\/index.php\/wp-json\/wp\/v2\/media?parent=755565"}],"wp:term":[{"taxonomy":"product_brand","embeddable":true,"href":"https:\/\/roveyayinevi.com.tr\/index.php\/wp-json\/wp\/v2\/product_brand?post=755565"},{"taxonomy":"product_cat","embeddable":true,"href":"https:\/\/roveyayinevi.com.tr\/index.php\/wp-json\/wp\/v2\/product_cat?post=755565"},{"taxonomy":"product_tag","embeddable":true,"href":"https:\/\/roveyayinevi.com.tr\/index.php\/wp-json\/wp\/v2\/product_tag?post=755565"}],"curies":[{"name":"wp","href":"https:\/\/api.w.org\/{rel}","templated":true}]}}