{"id":755564,"date":"2025-08-28T06:42:56","date_gmt":"2025-08-28T03:42:56","guid":{"rendered":"https:\/\/roveyayinevi.com.tr\/index.php\/urun\/bu-soyadi-alinmamis-ise\/"},"modified":"2026-04-16T03:08:47","modified_gmt":"2026-04-16T00:08:47","slug":"bu-soyadi-alinmamis-ise","status":"publish","type":"product","link":"https:\/\/roveyayinevi.com.tr\/index.php\/urun\/bu-soyadi-alinmamis-ise\/","title":{"rendered":"Bu Soyad\u0131 Al\u0131nmam\u0131\u015f ise&#8230;"},"content":{"rendered":"<p>\u201cToplumsal ve ki\u015fisel kimlik g\u00f6stergeleri olan isimler imparatorluklar\u0131n ve ulus-devletlerin \u2013\u015fekil ve dillerini kontrol ederek\u2013 kanunlarla m\u00fcdahale ettikleri unsurlar olmu\u015flard\u0131r. (\u2026) Ulus-devletler, ideolojik de\u011fi\u015fimlere ba\u011fl\u0131 olarak soyadlar\u0131n\u0131n dilini \u00e7e\u015fitli \u015fekillerde kontrol etmi\u015flerdir. Teresa Scassa, devletlerin isimleri kontrol etti\u011fi \u00fc\u00e7 yol olarak \u2018ayr\u0131\u015ft\u0131rma, asimilasyon ve ulus in\u015fas\u0131na\u2019 i\u015faret etmektedir.\u201d Soyad\u0131 \u201csiyaseti\u201d, milli kimlik in\u015fas\u0131n\u0131n bir arac\u0131. Meltem T\u00fcrk\u00f6z, kitab\u0131nda \u00f6ncelikle \u201csoyadland\u0131rman\u0131n\u201d bu y\u00f6n\u00fcne odaklan\u0131yor. T\u00fcrk kimli\u011finin in\u015fas\u0131nda ve asimilasyon stratejilerinde Soyad\u0131 Kanunu\u2019nun i\u015flevini inceliyor. Gayrim\u00fcslim ve \u201cyabanc\u0131\u201d say\u0131lan isim-soyadlar\u0131n durumuna ve K\u00fcrt\u00e7e isim meselesine de\u011finiyor. Soyad\u0131 anlat\u0131lar\u0131 ve tart\u0131\u015fmalar\u0131 \u00fczerinden inceleme derinle\u015fiyor. N\u00fcfus memurlar\u0131n\u0131n etkisine; s\u00fclale ba\u011flar\u0131n\u0131, lakaplar\u0131, etnik ve din\u00ee kimlikleri s\u00fcrd\u00fcrme -veya gizleme- gayretlerini; \u201cherkesin fantezisine g\u00f6re bir isim uydurdu\u011fu\u201d \u015fik\u00e2yetlerini; soyadlar\u0131n\u0131n muhakkak \u201c-o\u011flu\u201d ekiyle olu\u015fturulmas\u0131n\u0131 savunan muhafazak\u00e2r itirazlar\u0131; soyad\u0131 de\u011fi\u015ftirme giri\u015fimlerini \u00f6\u011freniyoruz. Dil Devrimi\u2019nden sonra unutulan baz\u0131 s\u00f6zc\u00fcklerin ve \u00f6neklerin, soneklerin soyadlar\u0131nda ya\u015famaya devam etmesi de, soyad\u0131 \u201cfolklorunun\u201d ilgin\u00e7 bir ayr\u0131nt\u0131s\u0131d\u0131r. \u201cBu soyad\u0131 al\u0131nmam\u0131\u015f ise&#8230;\u201d, T\u00fcrkiye\u2019nin milli kimlik in\u015fas\u0131 ve modernle\u015fme tarihinin ilgin\u00e7 bir fasl\u0131na \u0131\u015f\u0131k tutuyor<\/p>\n","protected":false},"excerpt":{"rendered":"<p>\u201cToplumsal ve ki\u015fisel kimlik g\u00f6stergeleri olan isimler imparatorluklar\u0131n ve ulus-devletlerin \u2013\u015fekil ve dillerini kontrol ederek\u2013 kanunlarla m\u00fcdahale ettikleri unsurlar olmu\u015flard\u0131r. (\u2026) Ulus-devletler, ideolojik de\u011fi\u015fimlere ba\u011fl\u0131 olarak<span class=\"excerpt-hellip\"> [\u2026]<\/span><\/p>\n","protected":false},"featured_media":0,"template":"","meta":{"_monsterinsights_skip_tracking":false,"_monsterinsights_sitenote_active":false,"_monsterinsights_sitenote_note":"","_monsterinsights_sitenote_category":0},"product_brand":[],"product_cat":[12370,12304],"product_tag":[],"class_list":{"0":"post-755564","1":"product","2":"type-product","3":"status-publish","5":"product_cat-arastirma-inceleme","6":"product_cat-tarih","7":"pa_cilt-ciltsiz","8":"pa_tur-kitap","9":"pa_yayinevi-iletisim-yayinlari","10":"pa_yazar-meltem-turkoz","12":"first","13":"instock","14":"sale","15":"shipping-taxable","16":"purchasable","17":"product-type-simple"},"_links":{"self":[{"href":"https:\/\/roveyayinevi.com.tr\/index.php\/wp-json\/wp\/v2\/product\/755564","targetHints":{"allow":["GET"]}}],"collection":[{"href":"https:\/\/roveyayinevi.com.tr\/index.php\/wp-json\/wp\/v2\/product"}],"about":[{"href":"https:\/\/roveyayinevi.com.tr\/index.php\/wp-json\/wp\/v2\/types\/product"}],"wp:attachment":[{"href":"https:\/\/roveyayinevi.com.tr\/index.php\/wp-json\/wp\/v2\/media?parent=755564"}],"wp:term":[{"taxonomy":"product_brand","embeddable":true,"href":"https:\/\/roveyayinevi.com.tr\/index.php\/wp-json\/wp\/v2\/product_brand?post=755564"},{"taxonomy":"product_cat","embeddable":true,"href":"https:\/\/roveyayinevi.com.tr\/index.php\/wp-json\/wp\/v2\/product_cat?post=755564"},{"taxonomy":"product_tag","embeddable":true,"href":"https:\/\/roveyayinevi.com.tr\/index.php\/wp-json\/wp\/v2\/product_tag?post=755564"}],"curies":[{"name":"wp","href":"https:\/\/api.w.org\/{rel}","templated":true}]}}