{"id":755563,"date":"2025-08-28T06:42:55","date_gmt":"2025-08-28T03:42:55","guid":{"rendered":"https:\/\/roveyayinevi.com.tr\/index.php\/urun\/inkilabi-naksedecek-resimler\/"},"modified":"2026-04-16T03:08:47","modified_gmt":"2026-04-16T00:08:47","slug":"inkilabi-naksedecek-resimler","status":"publish","type":"product","link":"https:\/\/roveyayinevi.com.tr\/index.php\/urun\/inkilabi-naksedecek-resimler\/","title":{"rendered":"\u0130nk\u0131lab\u0131 Nak\u015fedecek Resimler"},"content":{"rendered":"<p>\u201cY\u00f6netimin y\u00f6nlendirme, denetleme ve kimi zaman da tevkifat yoluyla sanat alan\u0131n\u0131n akt\u00f6rleri \u00fczerinde g\u00f6reli bir bask\u0131 kurmu\u015f oldu\u011funu g\u00f6sterse de bu durum sanat\u00e7\u0131lar\u0131n bu d\u00f6nemde kendilerini k\u0131ymetli hissetmelerine engel olamam\u0131\u015f, bu nedenle sanat hamili\u011fi mekanizmalar\u0131ndan yararlanmak isteyenlerin bunu sadece maddi destek i\u00e7in de\u011fil ayn\u0131 zamanda Parti taraf\u0131ndan kabul ve tan\u0131nma i\u00e7in yapt\u0131klar\u0131 da ortaya konmu\u015ftur. Bu kitab\u0131n i\u00e7 i\u00e7e ge\u00e7en iki boyutu var; biri s\u00f6ylemi, d\u00fc\u015f\u00fcnsel-ideolojik temelleri inceliyor, di\u011feri patronaja bak\u0131yor. Hem sosyal hem de ekonomik sermaye ile ilgileniyor.\u201d Beng\u00fc Ayd\u0131n Dikmen, \u0130nk\u0131lab\u0131 Nak\u015fedecek Resimler\u2019de, Cumhuriyet\u2019in kurulu\u015f ve in\u015fa d\u00f6nemindeki resim politikas\u0131na e\u011filiyor. Bu vesileyle, d\u00f6nemin farkl\u0131 estetik anlay\u0131\u015flar\u0131n\u0131n bir resmi ge\u00e7idini de koyuyor ortaya. Arka planda, T\u00fcrkiye\u2019de modern resmin \u201ca\u011fabey\u201d ve gen\u00e7 ku\u015faklar\u0131 aras\u0131ndaki rekabeti de g\u00f6r\u00fcyoruz. Erken Cumhuriyet, resimde zevki yaymay\u0131 ve \u201cy\u00fckseltmeyi\u201d hedeflemi\u015fti. Bunu yaparken \u201cpop\u00fcler zevklere\u201d kap\u0131lmak istemedi\u011fi gibi, \u201cestetik modernizme\u201d ve k\u00fcbizm gibi avangart ak\u0131mlara da mesafeliydi. Ki\u015fi k\u00fclt\u00fcn\u00fc destekleyen lider portreleri, ink\u0131lab\u0131 temsil eden modern yap\u0131lar, ulusal mitleri besleyen kahramanl\u0131k temsillerini ortaya \u00e7\u0131karan \u0130nk\u0131lap Resimleri ve Sergileri\u2019nden ba\u015fka, ressamlar\u0131n \u201cink\u0131lab\u0131 nak\u015fetmek\u201d \u00fczere seferber edildi\u011fi Yurt Gezileri projesi, ba\u015fl\u0131 ba\u015f\u0131na ilgin\u00e7 bir deneyimdir. Bu projeden beklenen, vatan imgesini canland\u0131ran manzara resimleri, yerel \u00e2detler, fig\u00fcrler, tarih\u00ee yap\u0131lar \u00fczerinden vatan\u0131n g\u00f6rsel envanterinin olu\u015fturulmas\u0131yd\u0131. Sadece ideolojik temsillerin de\u011fil, bizzat resmin ve estetik deneyimin tarihine, merakl\u0131 ve dikkatli bir bak\u0131\u015f\u2026<\/p>\n","protected":false},"excerpt":{"rendered":"<p>\u201cY\u00f6netimin y\u00f6nlendirme, denetleme ve kimi zaman da tevkifat yoluyla sanat alan\u0131n\u0131n akt\u00f6rleri \u00fczerinde g\u00f6reli bir bask\u0131 kurmu\u015f oldu\u011funu g\u00f6sterse de bu durum sanat\u00e7\u0131lar\u0131n bu d\u00f6nemde kendilerini<span class=\"excerpt-hellip\"> [\u2026]<\/span><\/p>\n","protected":false},"featured_media":0,"template":"","meta":{"_monsterinsights_skip_tracking":false,"_monsterinsights_sitenote_active":false,"_monsterinsights_sitenote_note":"","_monsterinsights_sitenote_category":0},"product_brand":[],"product_cat":[12370,12304],"product_tag":[],"class_list":{"0":"post-755563","1":"product","2":"type-product","3":"status-publish","5":"product_cat-arastirma-inceleme","6":"product_cat-tarih","7":"pa_cilt-ciltsiz","8":"pa_tur-kitap","9":"pa_yayinevi-iletisim-yayinlari","10":"pa_yazar-bengu-aydin-dikmen","12":"first","13":"instock","14":"sale","15":"shipping-taxable","16":"purchasable","17":"product-type-simple"},"_links":{"self":[{"href":"https:\/\/roveyayinevi.com.tr\/index.php\/wp-json\/wp\/v2\/product\/755563","targetHints":{"allow":["GET"]}}],"collection":[{"href":"https:\/\/roveyayinevi.com.tr\/index.php\/wp-json\/wp\/v2\/product"}],"about":[{"href":"https:\/\/roveyayinevi.com.tr\/index.php\/wp-json\/wp\/v2\/types\/product"}],"wp:attachment":[{"href":"https:\/\/roveyayinevi.com.tr\/index.php\/wp-json\/wp\/v2\/media?parent=755563"}],"wp:term":[{"taxonomy":"product_brand","embeddable":true,"href":"https:\/\/roveyayinevi.com.tr\/index.php\/wp-json\/wp\/v2\/product_brand?post=755563"},{"taxonomy":"product_cat","embeddable":true,"href":"https:\/\/roveyayinevi.com.tr\/index.php\/wp-json\/wp\/v2\/product_cat?post=755563"},{"taxonomy":"product_tag","embeddable":true,"href":"https:\/\/roveyayinevi.com.tr\/index.php\/wp-json\/wp\/v2\/product_tag?post=755563"}],"curies":[{"name":"wp","href":"https:\/\/api.w.org\/{rel}","templated":true}]}}