{"id":755559,"date":"2025-08-28T06:42:48","date_gmt":"2025-08-28T03:42:48","guid":{"rendered":"https:\/\/roveyayinevi.com.tr\/index.php\/urun\/erwin-motor-suzy-storck-2-oyun-bir-arada\/"},"modified":"2026-04-16T03:08:47","modified_gmt":"2026-04-16T00:08:47","slug":"erwin-motor-suzy-storck-2-oyun-bir-arada","status":"publish","type":"product","link":"https:\/\/roveyayinevi.com.tr\/index.php\/urun\/erwin-motor-suzy-storck-2-oyun-bir-arada\/","title":{"rendered":"Erwin Motor &#8211; Suzy Storck (2 Oyun Bir Arada)"},"content":{"rendered":"<p>Erwin MotorSizin gibi iyi bir i\u015f\u00e7iyi ger\u00e7ekten \u00f6d\u00fcllendirmem gerekiyor diye d\u00fc\u015f\u00fcn\u00fcyorum bazen.Bunu yapabilirdim, fakat, her k\u00fc\u00e7\u00fck \u015feyi \u00f6d\u00fcllendirmenin de pe\u015fine d\u00fc\u015femem.Suzy StorckVe Suzy Storck an\u0131msar. \u00c7ama\u015f\u0131rlar\u0131 asarken kalkan kolunu; \u00fc\u00e7 \u00e7ocuktan birine bir tane yap\u0131\u015ft\u0131rmak i\u00e7in kalkan kolunu; yere d\u00fc\u015fen emzi\u011fi bebe\u011fin a\u011fz\u0131na tekrar sokmak i\u00e7in kalkan kolunu; bo\u015f sepeti kap\u0131p evin duvar\u0131na f\u0131rlat\u0131p atmak i\u00e7in kalkan kolunu<\/p>\n","protected":false},"excerpt":{"rendered":"<p>Erwin MotorSizin gibi iyi bir i\u015f\u00e7iyi ger\u00e7ekten \u00f6d\u00fcllendirmem gerekiyor diye d\u00fc\u015f\u00fcn\u00fcyorum bazen.Bunu yapabilirdim, fakat, her k\u00fc\u00e7\u00fck \u015feyi \u00f6d\u00fcllendirmenin de pe\u015fine d\u00fc\u015femem.Suzy StorckVe Suzy Storck an\u0131msar. \u00c7ama\u015f\u0131rlar\u0131<span class=\"excerpt-hellip\"> [\u2026]<\/span><\/p>\n","protected":false},"featured_media":0,"template":"","meta":{"_monsterinsights_skip_tracking":false,"_monsterinsights_sitenote_active":false,"_monsterinsights_sitenote_note":"","_monsterinsights_sitenote_category":0},"product_brand":[],"product_cat":[12291,15566],"product_tag":[],"class_list":{"0":"post-755559","1":"product","2":"type-product","3":"status-publish","5":"product_cat-edebiyat","6":"product_cat-oyun","7":"pa_cilt-ciltsiz","8":"pa_tur-kitap","9":"pa_yayinevi-habitus-yayinlari","10":"pa_yazar-magali-mougel","12":"first","13":"instock","14":"sale","15":"shipping-taxable","16":"purchasable","17":"product-type-simple"},"_links":{"self":[{"href":"https:\/\/roveyayinevi.com.tr\/index.php\/wp-json\/wp\/v2\/product\/755559","targetHints":{"allow":["GET"]}}],"collection":[{"href":"https:\/\/roveyayinevi.com.tr\/index.php\/wp-json\/wp\/v2\/product"}],"about":[{"href":"https:\/\/roveyayinevi.com.tr\/index.php\/wp-json\/wp\/v2\/types\/product"}],"wp:attachment":[{"href":"https:\/\/roveyayinevi.com.tr\/index.php\/wp-json\/wp\/v2\/media?parent=755559"}],"wp:term":[{"taxonomy":"product_brand","embeddable":true,"href":"https:\/\/roveyayinevi.com.tr\/index.php\/wp-json\/wp\/v2\/product_brand?post=755559"},{"taxonomy":"product_cat","embeddable":true,"href":"https:\/\/roveyayinevi.com.tr\/index.php\/wp-json\/wp\/v2\/product_cat?post=755559"},{"taxonomy":"product_tag","embeddable":true,"href":"https:\/\/roveyayinevi.com.tr\/index.php\/wp-json\/wp\/v2\/product_tag?post=755559"}],"curies":[{"name":"wp","href":"https:\/\/api.w.org\/{rel}","templated":true}]}}