{"id":755558,"date":"2025-08-28T06:42:46","date_gmt":"2025-08-28T03:42:46","guid":{"rendered":"https:\/\/roveyayinevi.com.tr\/index.php\/urun\/marx-dondu-emma-2-oyun-bir-arada\/"},"modified":"2026-04-16T03:08:47","modified_gmt":"2026-04-16T00:08:47","slug":"marx-dondu-emma-2-oyun-bir-arada","status":"publish","type":"product","link":"https:\/\/roveyayinevi.com.tr\/index.php\/urun\/marx-dondu-emma-2-oyun-bir-arada\/","title":{"rendered":"Marx D\u00f6nd\u00fc &#8211; Emma (2 Oyun Bir Arada)"},"content":{"rendered":"<p>Marx D\u00f6nd\u00fc\u0130nsanlara ihtiya\u00e7lar\u0131 olan ne varsa verin; yiyecek, ila\u00e7, temiz hava, saf su, a\u011fa\u00e7lar, \u00e7imenler, ya\u015fan\u0131lacak g\u00fczel evler, \u00e7al\u0131\u015fmak i\u00e7in biraz, bo\u015f vakit i\u00e7in daha fazla zaman&#8230; T\u00fcm bunlar\u0131 kim hak ediyor diye sormay\u0131n. Her insan bunu hak ediyor.EmmaBiz i\u015f istiyoruz onlar beklememizi s\u00f6yl\u00fcyor. Biz hastalar i\u00e7in ila\u00e7 istiyoruz onlar dua etmemizi s\u00f6yl\u00fcyor. Biz yemek istiyoruz, onlar oy vermemizi istiyor. Biz kira \u00f6demek i\u00e7in zaman isterken onlar \u00fczerimize polis s\u00fcr\u00fcyor.<\/p>\n","protected":false},"excerpt":{"rendered":"<p>Marx D\u00f6nd\u00fc\u0130nsanlara ihtiya\u00e7lar\u0131 olan ne varsa verin; yiyecek, ila\u00e7, temiz hava, saf su, a\u011fa\u00e7lar, \u00e7imenler, ya\u015fan\u0131lacak g\u00fczel evler, \u00e7al\u0131\u015fmak i\u00e7in biraz, bo\u015f vakit i\u00e7in daha fazla<span class=\"excerpt-hellip\"> [\u2026]<\/span><\/p>\n","protected":false},"featured_media":0,"template":"","meta":{"_monsterinsights_skip_tracking":false,"_monsterinsights_sitenote_active":false,"_monsterinsights_sitenote_note":"","_monsterinsights_sitenote_category":0},"product_brand":[],"product_cat":[12291,15566],"product_tag":[],"class_list":{"0":"post-755558","1":"product","2":"type-product","3":"status-publish","5":"product_cat-edebiyat","6":"product_cat-oyun","7":"pa_cilt-ciltsiz","8":"pa_tur-kitap","9":"pa_yayinevi-habitus-yayinlari","10":"pa_yazar-howard-zinn","12":"first","13":"instock","14":"sale","15":"shipping-taxable","16":"purchasable","17":"product-type-simple"},"_links":{"self":[{"href":"https:\/\/roveyayinevi.com.tr\/index.php\/wp-json\/wp\/v2\/product\/755558","targetHints":{"allow":["GET"]}}],"collection":[{"href":"https:\/\/roveyayinevi.com.tr\/index.php\/wp-json\/wp\/v2\/product"}],"about":[{"href":"https:\/\/roveyayinevi.com.tr\/index.php\/wp-json\/wp\/v2\/types\/product"}],"wp:attachment":[{"href":"https:\/\/roveyayinevi.com.tr\/index.php\/wp-json\/wp\/v2\/media?parent=755558"}],"wp:term":[{"taxonomy":"product_brand","embeddable":true,"href":"https:\/\/roveyayinevi.com.tr\/index.php\/wp-json\/wp\/v2\/product_brand?post=755558"},{"taxonomy":"product_cat","embeddable":true,"href":"https:\/\/roveyayinevi.com.tr\/index.php\/wp-json\/wp\/v2\/product_cat?post=755558"},{"taxonomy":"product_tag","embeddable":true,"href":"https:\/\/roveyayinevi.com.tr\/index.php\/wp-json\/wp\/v2\/product_tag?post=755558"}],"curies":[{"name":"wp","href":"https:\/\/api.w.org\/{rel}","templated":true}]}}