{"id":755555,"date":"2025-08-28T06:42:42","date_gmt":"2025-08-28T03:42:42","guid":{"rendered":"https:\/\/roveyayinevi.com.tr\/index.php\/urun\/genc-bir-doktorun-notlari\/"},"modified":"2026-04-16T03:08:47","modified_gmt":"2026-04-16T00:08:47","slug":"genc-bir-doktorun-notlari","status":"publish","type":"product","link":"https:\/\/roveyayinevi.com.tr\/index.php\/urun\/genc-bir-doktorun-notlari\/","title":{"rendered":"Gen\u00e7 Bir Doktorun Notlar\u0131"},"content":{"rendered":"<p>\u201cBu \u00f6yk\u00fcler keskin, parlak bir ne\u015fter gibi&#8230; En \u00f6nemli modern Rus yazar\u0131 olan Bulgakov\u2019un bu insani derlemesinde cesaret her a\u00e7\u0131dan insan\u0131n g\u00f6zlerini al\u0131yor.\u201d \u2014SUNDAY TIMES   Yirmi be\u015f ya\u015f\u0131ndaki Doktor Mihail Bulgakov, ne araban\u0131n ne de elektri\u011fin oldu\u011fu dondurucu Rus k\u0131rsal\u0131na \u00e7al\u0131\u015fmak i\u00e7in gitti\u011finde ve modern \u00e7a\u011f\u0131n gerisinde kalm\u0131\u015f, bat\u0131l inan\u0131\u015flar\u0131na s\u0131k\u0131 s\u0131k\u0131 sar\u0131lm\u0131\u015f b\u00f6lge insan\u0131n\u0131 g\u00f6rd\u00fc\u011f\u00fcnde, \u00fclkesinin pek \u00e7ok sorunuyla tan\u0131\u015ft\u0131. T\u0131pk\u0131 Gen\u00e7 Bir Doktorun Notlar\u0131 kitab\u0131n\u0131n kahraman\u0131 gibi sorumluluklar\u0131yla y\u00fczle\u015fti\u011fi ve kendi yeterlili\u011fini sorgulad\u0131\u011f\u0131 bu d\u00f6nemde, yazar\u0131n ileriki y\u0131llarda edinece\u011fi \u00e7arp\u0131c\u0131 ger\u00e7ek\u00e7ili\u011fin de ilk tohumlar\u0131 at\u0131ld\u0131. Bulgakov\u2019un benzersiz mizahi \u00fcslubuyla kaleme al\u0131nm\u0131\u015f bu \u00f6yk\u00fc derlemesi yazar\u0131n g\u00f6zlemlerinden yola \u00e7\u0131karken gen\u00e7li\u011fe, yaln\u0131zl\u0131\u011fa ve de\u011fi\u015fimin e\u015fi\u011findeki bir topluma dair de \u00e7ok \u015fey anlat\u0131yor.   Sovyet Devrimi\u2019nin ilk zamanlar\u0131nda, \u015fehirler gergin bir politik atmosferin etkisindeyken, diplomas\u0131ndaki m\u00fcrekkep hen\u00fcz kurumam\u0131\u015f gen\u00e7 bir doktor Rusya\u2019n\u0131n \u00fccra bir b\u00f6lgesine atanm\u0131\u015ft\u0131r. Her hastal\u0131k, her ameliyat dizlerini korkudan titretse de kar\u015f\u0131la\u015ft\u0131\u011f\u0131 her zorluktan aln\u0131n\u0131n ak\u0131yla \u00e7\u0131kacakt\u0131r. <\/p>\n","protected":false},"excerpt":{"rendered":"<p>\u201cBu \u00f6yk\u00fcler keskin, parlak bir ne\u015fter gibi&#8230; En \u00f6nemli modern Rus yazar\u0131 olan Bulgakov\u2019un bu insani derlemesinde cesaret her a\u00e7\u0131dan insan\u0131n g\u00f6zlerini al\u0131yor.\u201d \u2014SUNDAY TIMES Yirmi<span class=\"excerpt-hellip\"> [\u2026]<\/span><\/p>\n","protected":false},"featured_media":0,"template":"","meta":{"_monsterinsights_skip_tracking":false,"_monsterinsights_sitenote_active":false,"_monsterinsights_sitenote_note":"","_monsterinsights_sitenote_category":0},"product_brand":[],"product_cat":[12540,12291],"product_tag":[],"class_list":{"0":"post-755555","1":"product","2":"type-product","3":"status-publish","5":"product_cat-bilim-kurgu","6":"product_cat-edebiyat","7":"pa_cilt-ciltsiz","8":"pa_tur-kitap","9":"pa_yayinevi-ithaki-yayinlari","10":"pa_yazar-mihail-bulgakov","12":"first","13":"instock","14":"sale","15":"shipping-taxable","16":"purchasable","17":"product-type-simple"},"_links":{"self":[{"href":"https:\/\/roveyayinevi.com.tr\/index.php\/wp-json\/wp\/v2\/product\/755555","targetHints":{"allow":["GET"]}}],"collection":[{"href":"https:\/\/roveyayinevi.com.tr\/index.php\/wp-json\/wp\/v2\/product"}],"about":[{"href":"https:\/\/roveyayinevi.com.tr\/index.php\/wp-json\/wp\/v2\/types\/product"}],"wp:attachment":[{"href":"https:\/\/roveyayinevi.com.tr\/index.php\/wp-json\/wp\/v2\/media?parent=755555"}],"wp:term":[{"taxonomy":"product_brand","embeddable":true,"href":"https:\/\/roveyayinevi.com.tr\/index.php\/wp-json\/wp\/v2\/product_brand?post=755555"},{"taxonomy":"product_cat","embeddable":true,"href":"https:\/\/roveyayinevi.com.tr\/index.php\/wp-json\/wp\/v2\/product_cat?post=755555"},{"taxonomy":"product_tag","embeddable":true,"href":"https:\/\/roveyayinevi.com.tr\/index.php\/wp-json\/wp\/v2\/product_tag?post=755555"}],"curies":[{"name":"wp","href":"https:\/\/api.w.org\/{rel}","templated":true}]}}