{"id":755551,"date":"2025-08-28T06:42:35","date_gmt":"2025-08-28T03:42:35","guid":{"rendered":"https:\/\/roveyayinevi.com.tr\/index.php\/urun\/kanindan-biraz\/"},"modified":"2026-04-16T03:08:47","modified_gmt":"2026-04-16T00:08:47","slug":"kanindan-biraz","status":"publish","type":"product","link":"https:\/\/roveyayinevi.com.tr\/index.php\/urun\/kanindan-biraz\/","title":{"rendered":"Kan\u0131ndan Biraz"},"content":{"rendered":"<p>\u201c\u0130yi bir bilimkurgu yazar\u0131n\u0131n kaleme ald\u0131\u011f\u0131 \u015fahane bir korku roman\u0131.\u201d \u2014Alfred BesterHugo ve Nebula \u00f6d\u00fcll\u00fc Theodore Sturgeon kaleme ald\u0131\u011f\u0131 eserlerle bilimkurgu, fantazi ve korku t\u00fcrlerini derinden etkileyen, s\u0131rad\u0131\u015f\u0131 bir yazar. Korku Yazarlar\u0131 Derne\u011fi\u2019nin \u201cT\u00fcm Zamanlar\u0131n En \u0130yi 40 Korku Kitab\u0131\u201d listesine dahil etti\u011fi Kan\u0131ndan Biraz ise vampir edebiyat\u0131n\u0131n d\u00f6n\u00fcm noktalar\u0131ndan biri.\u0130simsiz bir sava\u015f s\u00fcrerken ordu psikiyatristi Philip Outerbridge\u2019e bir hasta getirilir, gizemli bir ge\u00e7mi\u015fi ve \u015foke edici bir s\u0131rr\u0131 olan bu gen\u00e7 adam\u0131n ad\u0131 George Smith\u2019tir. Doktor Outerbridge bu askerle yapt\u0131\u011f\u0131 terapilerin yan\u0131nda onun mektuplar\u0131n\u0131, notlar\u0131n\u0131 ve belgelerini toplayarak dosyas\u0131n\u0131 haz\u0131rlad\u0131k\u00e7a George\u2019un travmatik \u00e7ocuklu\u011fu, Anna ad\u0131nda kendinden ya\u015f\u00e7a b\u00fcy\u00fck bir kad\u0131nla ya\u015fad\u0131\u011f\u0131 \u00e7arp\u0131k a\u015fk ve herkesten saklad\u0131\u011f\u0131 korkun\u00e7 saplant\u0131s\u0131 hakk\u0131ndaki ger\u00e7ekleri ke\u015ffedecektir.<\/p>\n","protected":false},"excerpt":{"rendered":"<p>\u201c\u0130yi bir bilimkurgu yazar\u0131n\u0131n kaleme ald\u0131\u011f\u0131 \u015fahane bir korku roman\u0131.\u201d \u2014Alfred BesterHugo ve Nebula \u00f6d\u00fcll\u00fc Theodore Sturgeon kaleme ald\u0131\u011f\u0131 eserlerle bilimkurgu, fantazi ve korku t\u00fcrlerini derinden<span class=\"excerpt-hellip\"> [\u2026]<\/span><\/p>\n","protected":false},"featured_media":0,"template":"","meta":{"_monsterinsights_skip_tracking":false,"_monsterinsights_sitenote_active":false,"_monsterinsights_sitenote_note":"","_monsterinsights_sitenote_category":0},"product_brand":[],"product_cat":[12291,17033],"product_tag":[],"class_list":{"0":"post-755551","1":"product","2":"type-product","3":"status-publish","5":"product_cat-edebiyat","6":"product_cat-korku-gerilim","7":"pa_cilt-ciltsiz","8":"pa_tur-kitap","9":"pa_yayinevi-ithaki-yayinlari","10":"pa_yazar-theodore-sturgeon","12":"first","13":"instock","14":"sale","15":"shipping-taxable","16":"purchasable","17":"product-type-simple"},"_links":{"self":[{"href":"https:\/\/roveyayinevi.com.tr\/index.php\/wp-json\/wp\/v2\/product\/755551","targetHints":{"allow":["GET"]}}],"collection":[{"href":"https:\/\/roveyayinevi.com.tr\/index.php\/wp-json\/wp\/v2\/product"}],"about":[{"href":"https:\/\/roveyayinevi.com.tr\/index.php\/wp-json\/wp\/v2\/types\/product"}],"wp:attachment":[{"href":"https:\/\/roveyayinevi.com.tr\/index.php\/wp-json\/wp\/v2\/media?parent=755551"}],"wp:term":[{"taxonomy":"product_brand","embeddable":true,"href":"https:\/\/roveyayinevi.com.tr\/index.php\/wp-json\/wp\/v2\/product_brand?post=755551"},{"taxonomy":"product_cat","embeddable":true,"href":"https:\/\/roveyayinevi.com.tr\/index.php\/wp-json\/wp\/v2\/product_cat?post=755551"},{"taxonomy":"product_tag","embeddable":true,"href":"https:\/\/roveyayinevi.com.tr\/index.php\/wp-json\/wp\/v2\/product_tag?post=755551"}],"curies":[{"name":"wp","href":"https:\/\/api.w.org\/{rel}","templated":true}]}}