{"id":755549,"date":"2025-08-28T06:42:33","date_gmt":"2025-08-28T03:42:33","guid":{"rendered":"https:\/\/roveyayinevi.com.tr\/index.php\/urun\/metehandan-erdogana\/"},"modified":"2026-04-16T03:08:47","modified_gmt":"2026-04-16T00:08:47","slug":"metehandan-erdogana","status":"publish","type":"product","link":"https:\/\/roveyayinevi.com.tr\/index.php\/urun\/metehandan-erdogana\/","title":{"rendered":"Metehan&#8217;dan Erdo\u011fan&#8217;a"},"content":{"rendered":"<p>Cesareti Mete Han&#8217;dan, intikam\u0131 Atilla&#8217;dan, g\u00fcc\u00fc Alper Tunga&#8217;dan, umudu K\u00fcr\u015fad&#8217;dan, inanc\u0131 Alparslan&#8217;dan, kararl\u0131l\u0131\u011f\u0131 Yavuzdan, b\u00fcy\u00fcmeyi Kanuni&#8217;den, fethetmeyi Fatih&#8217;ten, m\u00fccadeleyi Atat\u00fcrk&#8217;ten \u00f6\u011frendik.Ve binlerce y\u0131ll\u0131k ser\u00fcvenimizin bug\u00fcn\u00fcnde, Akif&#8217;in diliyle &#8220;Ben ezelden beridir h\u00fcr ya\u015fad\u0131m, h\u00fcr ya\u015far\u0131m&#8221; diyen milletimizin karakterini b\u00fct\u00fcn d\u00fcnyaya kabul ettiren Recep Tayyip Erdo\u011fan&#8217;\u0131n  liderli\u011fine \u015fahitlik ediyoruz. Nas\u0131l binlerce y\u0131l \u00f6nce dikenler ve \u00e7ilelerle doluysa yol, bug\u00fcn de \u00f6yle.Fakat biz T\u00fcrkler, \u00f6n \u00f6demeli r\u0131za-y\u0131 Bari&#8217;yi kazananlardan\u0131z. Bu d\u00fcnyada \u00f6b\u00fcr d\u00fcnyaya haz\u0131rl\u0131k i\u00e7in \u00f6nce bedel \u00f6der, sonra elde ederiz. \u00d6yle ya, mektebinde \u015fehadet olan bir milletin kaderinde esaret yoktur!<\/p>\n","protected":false},"excerpt":{"rendered":"<p>Cesareti Mete Han&#8217;dan, intikam\u0131 Atilla&#8217;dan, g\u00fcc\u00fc Alper Tunga&#8217;dan, umudu K\u00fcr\u015fad&#8217;dan, inanc\u0131 Alparslan&#8217;dan, kararl\u0131l\u0131\u011f\u0131 Yavuzdan, b\u00fcy\u00fcmeyi Kanuni&#8217;den, fethetmeyi Fatih&#8217;ten, m\u00fccadeleyi Atat\u00fcrk&#8217;ten \u00f6\u011frendik.Ve binlerce y\u0131ll\u0131k ser\u00fcvenimizin bug\u00fcn\u00fcnde, Akif&#8217;in<span class=\"excerpt-hellip\"> [\u2026]<\/span><\/p>\n","protected":false},"featured_media":0,"template":"","meta":{"_monsterinsights_skip_tracking":false,"_monsterinsights_sitenote_active":false,"_monsterinsights_sitenote_note":"","_monsterinsights_sitenote_category":0},"product_brand":[],"product_cat":[12337],"product_tag":[],"class_list":{"0":"post-755549","1":"product","2":"type-product","3":"status-publish","5":"product_cat-politika-siyaset","6":"pa_cilt-ciltsiz","7":"pa_tur-kitap","8":"pa_yayinevi-haber-ajanda-yayinlari","9":"pa_yazar-mahmut-celik","11":"first","12":"instock","13":"sale","14":"shipping-taxable","15":"purchasable","16":"product-type-simple"},"_links":{"self":[{"href":"https:\/\/roveyayinevi.com.tr\/index.php\/wp-json\/wp\/v2\/product\/755549","targetHints":{"allow":["GET"]}}],"collection":[{"href":"https:\/\/roveyayinevi.com.tr\/index.php\/wp-json\/wp\/v2\/product"}],"about":[{"href":"https:\/\/roveyayinevi.com.tr\/index.php\/wp-json\/wp\/v2\/types\/product"}],"wp:attachment":[{"href":"https:\/\/roveyayinevi.com.tr\/index.php\/wp-json\/wp\/v2\/media?parent=755549"}],"wp:term":[{"taxonomy":"product_brand","embeddable":true,"href":"https:\/\/roveyayinevi.com.tr\/index.php\/wp-json\/wp\/v2\/product_brand?post=755549"},{"taxonomy":"product_cat","embeddable":true,"href":"https:\/\/roveyayinevi.com.tr\/index.php\/wp-json\/wp\/v2\/product_cat?post=755549"},{"taxonomy":"product_tag","embeddable":true,"href":"https:\/\/roveyayinevi.com.tr\/index.php\/wp-json\/wp\/v2\/product_tag?post=755549"}],"curies":[{"name":"wp","href":"https:\/\/api.w.org\/{rel}","templated":true}]}}