{"id":755548,"date":"2025-08-28T06:42:31","date_gmt":"2025-08-28T03:42:31","guid":{"rendered":"https:\/\/roveyayinevi.com.tr\/index.php\/urun\/baska-ask-yok\/"},"modified":"2026-04-16T03:08:47","modified_gmt":"2026-04-16T00:08:47","slug":"baska-ask-yok","status":"publish","type":"product","link":"https:\/\/roveyayinevi.com.tr\/index.php\/urun\/baska-ask-yok\/","title":{"rendered":"Ba\u015fka A\u015fk Yok"},"content":{"rendered":"<p>\u201c\u00c7ok uzun vadilerden ge\u00e7tin. Nefs vadisinden ge\u00e7erken g\u00f6z\u00fcn hi\u00e7bir g\u00fczelli\u011fe bakmad\u0131\u011f\u0131 gibi g\u00f6nl\u00fcn de hi\u00e7bir g\u00fczele tak\u0131lmad\u0131. A\u015fk vadisinden ge\u00e7erken g\u00f6z\u00fcn k\u00f6r olmad\u0131; viraneler cennete, kuru dallar ormana d\u00f6n\u00fc\u015fmedi. Cehalet vadisinde, i\u015fin kolay\u0131na ka\u00e7arak, d\u00fc\u015f\u00fcnmeyi reddetmedin; oysaki bu seni hafifletecekti, sen bilgeli\u011fi se\u00e7ip y\u00fck\u00fcn\u00fcn a\u011f\u0131rl\u0131\u011f\u0131na dayand\u0131n. \u0130nan\u00e7s\u0131zl\u0131k vadisini ge\u00e7erken sevgiye olan inanc\u0131n\u0131 yitirmedin; ufku g\u00f6r\u00fcnceye kadar y\u00fcr\u00fcmeye devam ettin. Yaln\u0131zl\u0131k vadisinde yapt\u0131\u011f\u0131n hata \u015fimdi bile seni yok edecek durumda. Her i\u015fi kendin becerebilece\u011fini san\u0131yorsun, oysa yolda\u015f\u0131nla da i\u015f birli\u011fi yapmal\u0131yd\u0131n. \u015eimdi o yolu yeniden y\u00fcr\u00fcmen imk\u00e2ns\u0131z, ancak f\u0131rsat da yok de\u011fil. Dedikodu vadisinden ge\u00e7erken, s\u0131rr\u0131n\u0131 seni yolundan al\u0131koyacak ki\u015filerle payla\u015fmad\u0131n. Ben vadisinden ge\u00e7erken neredeyse kayboluyordun, yolda\u015f\u0131nla yolunu ay\u0131rmak kaybolmakt\u0131r, bunu anlad\u0131n ve benlikten vazge\u00e7meyi bildin. Etraf\u0131n\u0131 ipek kozas\u0131yla \u00f6r\u00fcp, can sular\u0131yla s\u0131vad\u0131n. Yand\u0131n, kavruldun. \u015eimdi yeniden k\u00fcllerinden var olmay\u0131 hak ettin. Ben seni mutluluklar\u0131n var oldu\u011fu ger\u00e7ek d\u00fcnyaya ta\u015f\u0131yaca\u011f\u0131m ama iki \u015fart\u0131m var. Ben seni Kaf Da\u011f\u0131\u2019ndan a\u015f\u0131r\u0131rken \u201cgak\u201d dedik\u00e7e sevgi, \u201cguk\u201d dedik\u00e7e \u015fefkat vereceksin.\u201d<\/p>\n","protected":false},"excerpt":{"rendered":"<p>\u201c\u00c7ok uzun vadilerden ge\u00e7tin. Nefs vadisinden ge\u00e7erken g\u00f6z\u00fcn hi\u00e7bir g\u00fczelli\u011fe bakmad\u0131\u011f\u0131 gibi g\u00f6nl\u00fcn de hi\u00e7bir g\u00fczele tak\u0131lmad\u0131. A\u015fk vadisinden ge\u00e7erken g\u00f6z\u00fcn k\u00f6r olmad\u0131; viraneler cennete, kuru<span class=\"excerpt-hellip\"> [\u2026]<\/span><\/p>\n","protected":false},"featured_media":0,"template":"","meta":{"_monsterinsights_skip_tracking":false,"_monsterinsights_sitenote_active":false,"_monsterinsights_sitenote_note":"","_monsterinsights_sitenote_category":0},"product_brand":[],"product_cat":[12291,12711],"product_tag":[],"class_list":{"0":"post-755548","1":"product","2":"type-product","3":"status-publish","5":"product_cat-edebiyat","6":"product_cat-roman-oyku","7":"pa_cilt-ciltsiz","8":"pa_tur-kitap","9":"pa_yayinevi-la-kitap-yayinlari","10":"pa_yazar-ahmet-tahsin","12":"first","13":"instock","14":"sale","15":"shipping-taxable","16":"purchasable","17":"product-type-simple"},"_links":{"self":[{"href":"https:\/\/roveyayinevi.com.tr\/index.php\/wp-json\/wp\/v2\/product\/755548","targetHints":{"allow":["GET"]}}],"collection":[{"href":"https:\/\/roveyayinevi.com.tr\/index.php\/wp-json\/wp\/v2\/product"}],"about":[{"href":"https:\/\/roveyayinevi.com.tr\/index.php\/wp-json\/wp\/v2\/types\/product"}],"wp:attachment":[{"href":"https:\/\/roveyayinevi.com.tr\/index.php\/wp-json\/wp\/v2\/media?parent=755548"}],"wp:term":[{"taxonomy":"product_brand","embeddable":true,"href":"https:\/\/roveyayinevi.com.tr\/index.php\/wp-json\/wp\/v2\/product_brand?post=755548"},{"taxonomy":"product_cat","embeddable":true,"href":"https:\/\/roveyayinevi.com.tr\/index.php\/wp-json\/wp\/v2\/product_cat?post=755548"},{"taxonomy":"product_tag","embeddable":true,"href":"https:\/\/roveyayinevi.com.tr\/index.php\/wp-json\/wp\/v2\/product_tag?post=755548"}],"curies":[{"name":"wp","href":"https:\/\/api.w.org\/{rel}","templated":true}]}}