{"id":755547,"date":"2025-08-28T06:42:30","date_gmt":"2025-08-28T03:42:30","guid":{"rendered":"https:\/\/roveyayinevi.com.tr\/index.php\/urun\/gokte-acilan-kapi-alfa\/"},"modified":"2026-04-16T03:08:47","modified_gmt":"2026-04-16T00:08:47","slug":"gokte-acilan-kapi-alfa","status":"publish","type":"product","link":"https:\/\/roveyayinevi.com.tr\/index.php\/urun\/gokte-acilan-kapi-alfa\/","title":{"rendered":"G\u00f6kte A\u00e7\u0131lan Kap\u0131 Alfa"},"content":{"rendered":"<p>Fiziksel hi\u00e7bir \u015fey yoktu etraf\u0131m\u0131zda. Ancak ben olan biteni oldu\u011fu gibi ya da izin verildi\u011fi \u00f6l\u00e7\u00fcde alg\u0131layabiliyordum. Yan\u0131mda bulunan ki\u015fileri g\u00f6remiyordum ama hissedebiliyordum. Yolculuk esnas\u0131nda y\u0131ld\u0131z gibi tarif etti\u011fim \u0131\u015f\u0131klar\u0131n d\u00fcnyaya gelen ve d\u00fcnyada ya\u015fam\u0131 sonlanan insanlar oldu\u011funu hissedebiliyordum. Bu yolculu\u011fa \u00e7\u0131kt\u0131\u011f\u0131m\u0131z andan itibaren bilinmezli\u011fin gizemi beni ku\u015fatm\u0131\u015ft\u0131. Bilmedi\u011fim bir yere do\u011fru gitmeme ra\u011fmen i\u00e7imde hi\u00e7 korku yoktu. Kendimi tamamen g\u00fcvende hissediyordum. <\/p>\n","protected":false},"excerpt":{"rendered":"<p>Fiziksel hi\u00e7bir \u015fey yoktu etraf\u0131m\u0131zda. Ancak ben olan biteni oldu\u011fu gibi ya da izin verildi\u011fi \u00f6l\u00e7\u00fcde alg\u0131layabiliyordum. Yan\u0131mda bulunan ki\u015fileri g\u00f6remiyordum ama hissedebiliyordum. Yolculuk esnas\u0131nda y\u0131ld\u0131z<span class=\"excerpt-hellip\"> [\u2026]<\/span><\/p>\n","protected":false},"featured_media":0,"template":"","meta":{"_monsterinsights_skip_tracking":false,"_monsterinsights_sitenote_active":false,"_monsterinsights_sitenote_note":"","_monsterinsights_sitenote_category":0},"product_brand":[],"product_cat":[12365,12364],"product_tag":[],"class_list":{"0":"post-755547","1":"product","2":"type-product","3":"status-publish","5":"product_cat-diger-genel-konular","6":"product_cat-genel-konular","7":"pa_cilt-ciltsiz","8":"pa_tur-kitap","9":"pa_yayinevi-la-kitap-yayinlari","10":"pa_yazar-mehmet-tekeci","12":"first","13":"instock","14":"sale","15":"shipping-taxable","16":"purchasable","17":"product-type-simple"},"_links":{"self":[{"href":"https:\/\/roveyayinevi.com.tr\/index.php\/wp-json\/wp\/v2\/product\/755547","targetHints":{"allow":["GET"]}}],"collection":[{"href":"https:\/\/roveyayinevi.com.tr\/index.php\/wp-json\/wp\/v2\/product"}],"about":[{"href":"https:\/\/roveyayinevi.com.tr\/index.php\/wp-json\/wp\/v2\/types\/product"}],"wp:attachment":[{"href":"https:\/\/roveyayinevi.com.tr\/index.php\/wp-json\/wp\/v2\/media?parent=755547"}],"wp:term":[{"taxonomy":"product_brand","embeddable":true,"href":"https:\/\/roveyayinevi.com.tr\/index.php\/wp-json\/wp\/v2\/product_brand?post=755547"},{"taxonomy":"product_cat","embeddable":true,"href":"https:\/\/roveyayinevi.com.tr\/index.php\/wp-json\/wp\/v2\/product_cat?post=755547"},{"taxonomy":"product_tag","embeddable":true,"href":"https:\/\/roveyayinevi.com.tr\/index.php\/wp-json\/wp\/v2\/product_tag?post=755547"}],"curies":[{"name":"wp","href":"https:\/\/api.w.org\/{rel}","templated":true}]}}