{"id":755546,"date":"2025-08-28T06:42:28","date_gmt":"2025-08-28T03:42:28","guid":{"rendered":"https:\/\/roveyayinevi.com.tr\/index.php\/urun\/siir-diliyle-yuce-allahin-en-guzel-isimleri-ve-kurandan-yansimalar-2\/"},"modified":"2026-04-16T03:08:47","modified_gmt":"2026-04-16T00:08:47","slug":"siir-diliyle-yuce-allahin-en-guzel-isimleri-ve-kurandan-yansimalar-2","status":"publish","type":"product","link":"https:\/\/roveyayinevi.com.tr\/index.php\/urun\/siir-diliyle-yuce-allahin-en-guzel-isimleri-ve-kurandan-yansimalar-2\/","title":{"rendered":"\u015eiir Diliyle Y\u00fcce Allah&#8217;\u0131n En G\u00fczel \u0130simleri ve Kur&#8217;an&#8217;dan Yans\u0131malar"},"content":{"rendered":"<p>Elbette yazman\u0131n g\u00fczelli\u011fi ile birlikte ciddi bir sorumlulu\u011fu da vard\u0131r. Bu \u00e7al\u0131\u015fmamda bilerek ve isteyerek daha fazla sorumluluk gerektiren bir faaliyeti icra etmeye \u00e7al\u0131\u015ft\u0131m. \u00c7\u00fcnk\u00fc niyetim halis, \u00e7al\u0131\u015fmam halisane, yapt\u0131\u011f\u0131m i\u015fin isabetli olmas\u0131 durumunda, manevi de\u011ferinin \u00e7ok y\u00fcksek oldu\u011funun bilincindeyim.Kayna\u011f\u0131 ve muhtevas\u0131 itibariyle son kutsal ve y\u00fcce kitap hi\u00e7 \u015f\u00fcphesiz Kur\u2019an\u2019\u0131 Ker\u00eemdir. Bu hususta, samimi bir M\u00fcsl\u00fcman olarak zerrece \u015f\u00fcphe ta\u015f\u0131mayan bir bak\u0131\u015f, inan\u0131\u015f ve g\u00f6r\u00fc\u015fe sahibim. Ve \u015f\u00fcpheden vareste bir iman benim onurumdur, \u015ferefimdir.<\/p>\n","protected":false},"excerpt":{"rendered":"<p>Elbette yazman\u0131n g\u00fczelli\u011fi ile birlikte ciddi bir sorumlulu\u011fu da vard\u0131r. Bu \u00e7al\u0131\u015fmamda bilerek ve isteyerek daha fazla sorumluluk gerektiren bir faaliyeti icra etmeye \u00e7al\u0131\u015ft\u0131m. \u00c7\u00fcnk\u00fc niyetim<span class=\"excerpt-hellip\"> [\u2026]<\/span><\/p>\n","protected":false},"featured_media":0,"template":"","meta":{"_monsterinsights_skip_tracking":false,"_monsterinsights_sitenote_active":false,"_monsterinsights_sitenote_note":"","_monsterinsights_sitenote_category":0},"product_brand":[],"product_cat":[12291,12509],"product_tag":[],"class_list":{"0":"post-755546","1":"product","2":"type-product","3":"status-publish","5":"product_cat-edebiyat","6":"product_cat-siir","7":"pa_cilt-ciltsiz","8":"pa_tur-kitap","9":"pa_yayinevi-gulnar-yayinlari","10":"pa_yazar-abdulkadir-gullu","12":"first","13":"instock","14":"sale","15":"shipping-taxable","16":"purchasable","17":"product-type-simple"},"_links":{"self":[{"href":"https:\/\/roveyayinevi.com.tr\/index.php\/wp-json\/wp\/v2\/product\/755546","targetHints":{"allow":["GET"]}}],"collection":[{"href":"https:\/\/roveyayinevi.com.tr\/index.php\/wp-json\/wp\/v2\/product"}],"about":[{"href":"https:\/\/roveyayinevi.com.tr\/index.php\/wp-json\/wp\/v2\/types\/product"}],"wp:attachment":[{"href":"https:\/\/roveyayinevi.com.tr\/index.php\/wp-json\/wp\/v2\/media?parent=755546"}],"wp:term":[{"taxonomy":"product_brand","embeddable":true,"href":"https:\/\/roveyayinevi.com.tr\/index.php\/wp-json\/wp\/v2\/product_brand?post=755546"},{"taxonomy":"product_cat","embeddable":true,"href":"https:\/\/roveyayinevi.com.tr\/index.php\/wp-json\/wp\/v2\/product_cat?post=755546"},{"taxonomy":"product_tag","embeddable":true,"href":"https:\/\/roveyayinevi.com.tr\/index.php\/wp-json\/wp\/v2\/product_tag?post=755546"}],"curies":[{"name":"wp","href":"https:\/\/api.w.org\/{rel}","templated":true}]}}