{"id":755543,"date":"2025-08-28T06:42:22","date_gmt":"2025-08-28T03:42:22","guid":{"rendered":"https:\/\/roveyayinevi.com.tr\/index.php\/urun\/gunese-az-kaldi\/"},"modified":"2026-04-16T03:08:47","modified_gmt":"2026-04-16T00:08:47","slug":"gunese-az-kaldi","status":"publish","type":"product","link":"https:\/\/roveyayinevi.com.tr\/index.php\/urun\/gunese-az-kaldi\/","title":{"rendered":"G\u00fcne\u015fe Az Kald\u0131"},"content":{"rendered":"<p>K\u0131\u015f t\u00fcnemi\u015f talihimize S\u0131cak bir bahar bekler y\u00fcre\u011fimizdeki ayaz A\u011flama A\u011flama ey g\u00fcn g\u00f6rmemi\u015f \u0130\u00e7imde yetim b\u00fcy\u00fcyen \u00e7ocuk G\u00fcne\u015fe az kald\u0131 Dayan, dayan biraz. <\/p>\n","protected":false},"excerpt":{"rendered":"<p>K\u0131\u015f t\u00fcnemi\u015f talihimize S\u0131cak bir bahar bekler y\u00fcre\u011fimizdeki ayaz A\u011flama A\u011flama ey g\u00fcn g\u00f6rmemi\u015f \u0130\u00e7imde yetim b\u00fcy\u00fcyen \u00e7ocuk G\u00fcne\u015fe az kald\u0131 Dayan, dayan biraz.<\/p>\n","protected":false},"featured_media":0,"template":"","meta":{"_monsterinsights_skip_tracking":false,"_monsterinsights_sitenote_active":false,"_monsterinsights_sitenote_note":"","_monsterinsights_sitenote_category":0},"product_brand":[],"product_cat":[12291,12509],"product_tag":[],"class_list":{"0":"post-755543","1":"product","2":"type-product","3":"status-publish","5":"product_cat-edebiyat","6":"product_cat-siir","7":"pa_cilt-ciltsiz","8":"pa_tur-kitap","9":"pa_yayinevi-gulnar-yayinlari","10":"pa_yazar-mehmet-sait-ulucay","12":"first","13":"instock","14":"sale","15":"shipping-taxable","16":"purchasable","17":"product-type-simple"},"_links":{"self":[{"href":"https:\/\/roveyayinevi.com.tr\/index.php\/wp-json\/wp\/v2\/product\/755543","targetHints":{"allow":["GET"]}}],"collection":[{"href":"https:\/\/roveyayinevi.com.tr\/index.php\/wp-json\/wp\/v2\/product"}],"about":[{"href":"https:\/\/roveyayinevi.com.tr\/index.php\/wp-json\/wp\/v2\/types\/product"}],"wp:attachment":[{"href":"https:\/\/roveyayinevi.com.tr\/index.php\/wp-json\/wp\/v2\/media?parent=755543"}],"wp:term":[{"taxonomy":"product_brand","embeddable":true,"href":"https:\/\/roveyayinevi.com.tr\/index.php\/wp-json\/wp\/v2\/product_brand?post=755543"},{"taxonomy":"product_cat","embeddable":true,"href":"https:\/\/roveyayinevi.com.tr\/index.php\/wp-json\/wp\/v2\/product_cat?post=755543"},{"taxonomy":"product_tag","embeddable":true,"href":"https:\/\/roveyayinevi.com.tr\/index.php\/wp-json\/wp\/v2\/product_tag?post=755543"}],"curies":[{"name":"wp","href":"https:\/\/api.w.org\/{rel}","templated":true}]}}